{"id":1747,"date":"2014-07-25T23:00:39","date_gmt":"2014-07-26T05:00:39","guid":{"rendered":"http:\/\/cabodiscounttours.com\/?page_id=1747"},"modified":"2015-10-29T19:45:35","modified_gmt":"2015-10-30T02:45:35","slug":"nada-con-los-delfines-en-los-cabos","status":"publish","type":"page","link":"https:\/\/cabodiscounttours.com\/es\/nada-con-los-delfines-en-los-cabos\/","title":{"rendered":"Nada con Los Delfines en Los Cabos"},"content":{"rendered":"<p>[et_pb_section admin_label=\u00bbsection\u00bb fullwidth=\u00bboff\u00bb specialty=\u00bbon\u00bb][et_pb_column type=\u00bb1_4&#8243;][et_pb_sidebar admin_label=\u00bbSidebar\u00bb orientation=\u00bbleft\u00bb area=\u00bbsidebar-1&#8243; background_layout=\u00bblight\u00bb remove_border=\u00bboff\u00bb] [\/et_pb_sidebar][\/et_pb_column][et_pb_column type=\u00bb3_4&#8243; specialty_columns=\u00bb3&#8243;][et_pb_row_inner admin_label=\u00bbrow_inner\u00bb][et_pb_column_inner type=\u00bb4_4&#8243; saved_specialty_column_type=\u00bb3_4&#8243;][et_pb_text admin_label=\u00bbBody Text\u00bb background_layout=\u00bblight\u00bb text_orientation=\u00bbleft\u00bb use_border_color=\u00bboff\u00bb border_color=\u00bb#ffffff\u00bb border_style=\u00bbsolid\u00bb]<\/p>\n<h1>Nada con los delfines en Cabo San Lucas!!!<\/h1>\n<h2>Ven a ver los Delfines en Los Cabos.<\/h2>\n<p>Ten una experiencia que durar\u00e1 para toda la vida! Mientras est\u00e1s en <em>Cabo San Lucas<\/em>, aprovecha la oportunidad de pasar alg\u00fan tiempo descubriendo m\u00e1s sobre estas fascinantes criaturas. Los delfines son conocidos por ser una de las especies m\u00e1s inteligentes del planeta. No pierdas la oportunidad de descubrir por qu\u00e9.<\/p>\n<p>Ya sea que lo hayas hecho antes, o que el <strong>nadar con delfines<\/strong> siempre haya estado en tu lista de cosas por hacer, tus <em>vacaciones en Cabo San Lucas<\/em>\u00a0 son la oportunidad perfecta para atreverte y descubrir que hace a estos animales tan especial.<\/p>\n<p>Ofrecemos una variedad de programas y <strong>experiencias con delfines<\/strong> para toda la familia. Si nunca has estado all\u00ed antes, te dar\u00e1s cuenta que ahora ofrecemos delfinarios en Cabo San Lucas (a 180 metros del muelle de cruceros) y en San Jos\u00e9 del Cabo.<\/p>\n<p>Abraza, besa y juega con estos incre\u00edbles mam\u00edferos. <em><strong>Es una experiencia que t\u00fa y tu familia recordar\u00e1n para siempre.<\/strong><\/em><\/p>\n<p>[\/et_pb_text][\/et_pb_column_inner][\/et_pb_row_inner][et_pb_row_inner admin_label=\u00bbrow_inner\u00bb][et_pb_column_inner type=\u00bb1_3&#8243; saved_specialty_column_type=\u00bb3_4&#8243;][et_pb_blurb admin_label=\u00bbDolphin Encounter\u00bb url=\u00bb\/\/cabodiscounttours.com\/tours\/dolphin-encounters-cabo-adventures\/\u00bb url_new_window=\u00bboff\u00bb use_icon=\u00bboff\u00bb icon_color=\u00bb#7EBEC5&#8243; use_circle=\u00bboff\u00bb circle_color=\u00bb#7EBEC5&#8243; use_circle_border=\u00bboff\u00bb circle_border_color=\u00bb#7EBEC5&#8243; image=\u00bb\/\/cabodiscounttours.com\/wp-content\/uploads\/featured-encounter.jpg\u00bb alt=\u00bbswim with the dolphins in cabo san lucas, discounted dolphin swims with cabo adventures\u00bb icon_placement=\u00bbtop\u00bb animation=\u00bbtop\u00bb background_layout=\u00bblight\u00bb text_orientation=\u00bbcenter\u00bb title=\u00bbDolphin Encounters in Cabo San Lucas\u00bb use_icon_font_size=\u00bboff\u00bb use_border_color=\u00bboff\u00bb border_color=\u00bb#ffffff\u00bb border_style=\u00bbsolid\u00bb]<\/p>\n<p>Get up close and personal with the Cabo Dolphins.\u00a0 Jump in the water with them for a special <em>Dolphin Encounter<\/em> you&#8217;ll never forget.<\/p>\n<p>[\/et_pb_blurb][\/et_pb_column_inner][et_pb_column_inner type=\u00bb1_3&#8243; saved_specialty_column_type=\u00bb3_4&#8243;][et_pb_blurb admin_label=\u00bbDolphin Experience\u00bb url=\u00bb\/\/cabodiscounttours.com\/tours\/dolphin-experience-los-cabos\/\u00bb url_new_window=\u00bboff\u00bb use_icon=\u00bboff\u00bb icon_color=\u00bb#7EBEC5&#8243; use_circle=\u00bboff\u00bb circle_color=\u00bb#7EBEC5&#8243; use_circle_border=\u00bboff\u00bb circle_border_color=\u00bb#7EBEC5&#8243; image=\u00bb\/\/cabodiscounttours.com\/wp-content\/uploads\/featured-dolphin-experience.jpg\u00bb alt=\u00bbdiscounted Cabo Dolphin experience program with cabo adventures cabosanlucastours cabo san lucas tours\u00bb icon_placement=\u00bbtop\u00bb animation=\u00bbtop\u00bb background_layout=\u00bblight\u00bb text_orientation=\u00bbcenter\u00bb title=\u00bbCabo Dolphin Experience\u00bb use_icon_font_size=\u00bboff\u00bb use_border_color=\u00bboff\u00bb border_color=\u00bb#ffffff\u00bb border_style=\u00bbsolid\u00bb]<\/p>\n<p>Have the Experience of a lifetime hitting the water with Los Cabos Dolphins for the Cabo Dolphin Experience Program.<\/p>\n<p>[\/et_pb_blurb][\/et_pb_column_inner][et_pb_column_inner type=\u00bb1_3&#8243; saved_specialty_column_type=\u00bb3_4&#8243;][et_pb_blurb admin_label=\u00bbDolphin Swim\u00bb url=\u00bb\/\/cabodiscounttours.com\/tours\/dolphin-swim-los-cabos\/\u00bb url_new_window=\u00bboff\u00bb use_icon=\u00bboff\u00bb icon_color=\u00bb#7EBEC5&#8243; use_circle=\u00bboff\u00bb circle_color=\u00bb#7EBEC5&#8243; use_circle_border=\u00bboff\u00bb circle_border_color=\u00bb#7EBEC5&#8243; image=\u00bb\/\/cabodiscounttours.com\/wp-content\/uploads\/Featured-Dolphin-Swim.jpg\u00bb alt=\u00bbCabo dolphins Dolphin swim program in Los Cabos cabosanlucastours\u00bb icon_placement=\u00bbtop\u00bb animation=\u00bbtop\u00bb background_layout=\u00bblight\u00bb text_orientation=\u00bbcenter\u00bb title=\u00bbCabo Dolphin Swim Tour\u00bb use_icon_font_size=\u00bboff\u00bb use_border_color=\u00bboff\u00bb border_color=\u00bb#ffffff\u00bb border_style=\u00bbsolid\u00bb]<\/p>\n<p>Enjoy the Ultimate Dolphin Experience you&#8217;ll never forget, with the Dolphin Swim Program in Cabo San Lucas and San Jose del Cabo.<\/p>\n<p>[\/et_pb_blurb][\/et_pb_column_inner][\/et_pb_row_inner][et_pb_row_inner admin_label=\u00bbrow_inner\u00bb][et_pb_column_inner type=\u00bb1_3&#8243; saved_specialty_column_type=\u00bb3_4&#8243;][et_pb_blurb admin_label=\u00bbKids Dolphin Encounter\u00bb url=\u00bb\/\/cabodiscounttours.com\/tours\/dolphin-kids-program\/\u00bb url_new_window=\u00bboff\u00bb use_icon=\u00bboff\u00bb icon_color=\u00bb#7EBEC5&#8243; use_circle=\u00bboff\u00bb circle_color=\u00bb#7EBEC5&#8243; use_circle_border=\u00bboff\u00bb circle_border_color=\u00bb#7EBEC5&#8243; image=\u00bb\/\/cabodiscounttours.com\/wp-content\/uploads\/featured-girl-kissing-dolphin.jpg\u00bb alt=\u00bbkids opportunity to swim with the dolphins in cabo san lucas, girl gives a dolphin kiss\u00bb icon_placement=\u00bbtop\u00bb animation=\u00bbtop\u00bb background_layout=\u00bblight\u00bb text_orientation=\u00bbcenter\u00bb title=\u00bbKids Dolphin Encounters\u00bb use_icon_font_size=\u00bboff\u00bb use_border_color=\u00bboff\u00bb border_color=\u00bb#ffffff\u00bb border_style=\u00bbsolid\u00bb]<\/p>\n<p>A great program for kids to get up close to the Cabo Dolphins.\u00a0 Education and an experience your children will never forget.<\/p>\n<p>[\/et_pb_blurb][\/et_pb_column_inner][et_pb_column_inner type=\u00bb1_3&#8243; saved_specialty_column_type=\u00bb3_4&#8243;][et_pb_blurb admin_label=\u00bbTrainer for a Day\u00bb url=\u00bb\/\/cabodiscounttours.com\/book-cabo-dolphins\/\u00bb url_new_window=\u00bboff\u00bb use_icon=\u00bboff\u00bb icon_color=\u00bb#7EBEC5&#8243; use_circle=\u00bboff\u00bb circle_color=\u00bb#7EBEC5&#8243; use_circle_border=\u00bboff\u00bb circle_border_color=\u00bb#7EBEC5&#8243; image=\u00bb\/\/cabodiscounttours.com\/wp-content\/uploads\/cabo-dolphins-trainer-for-a-day.jpg\u00bb alt=\u00bbdiscounted Cabo Dolphin trainer for a day program with cabo adventures cabosanlucastours cabo san lucas tours\u00bb icon_placement=\u00bbtop\u00bb animation=\u00bbtop\u00bb background_layout=\u00bblight\u00bb text_orientation=\u00bbcenter\u00bb title=\u00bbTrainer for a day\u00bb use_icon_font_size=\u00bboff\u00bb use_border_color=\u00bboff\u00bb border_color=\u00bb#ffffff\u00bb border_style=\u00bbsolid\u00bb]<\/p>\n<p>Enjoy an Experience like no other.\u00a0 Spend the day with these amazing creatures and learn what it takes to be a Dolphin <em>Trainer for a day<\/em>.<\/p>\n<p>[\/et_pb_blurb][\/et_pb_column_inner][et_pb_column_inner type=\u00bb1_3&#8243; saved_specialty_column_type=\u00bb3_4&#8243;][et_pb_blurb admin_label=\u00bbPrivate Dolphin Swim\u00bb url=\u00bb\/\/cabodiscounttours.com\/book-cabo-dolphins\/\u00bb url_new_window=\u00bboff\u00bb use_icon=\u00bboff\u00bb icon_color=\u00bb#7EBEC5&#8243; use_circle=\u00bboff\u00bb circle_color=\u00bb#7EBEC5&#8243; use_circle_border=\u00bboff\u00bb circle_border_color=\u00bb#7EBEC5&#8243; image=\u00bb\/\/cabodiscounttours.com\/wp-content\/uploads\/private-dolphin-experience.jpg\u00bb alt=\u00bbprivate Dolphin swim Cabo dolphins Dolphin swim program in Los Cabos cabosanlucastours\u00bb icon_placement=\u00bbtop\u00bb animation=\u00bbtop\u00bb background_layout=\u00bblight\u00bb text_orientation=\u00bbcenter\u00bb title=\u00bbPrivate Dolphin Swim Tours\u00bb use_icon_font_size=\u00bboff\u00bb use_border_color=\u00bboff\u00bb border_color=\u00bb#ffffff\u00bb border_style=\u00bbsolid\u00bb]<\/p>\n<p>Have a Dolphin all to yourself!\u00a0 Get your group together for a private Dolphin Swim, or Hire the whole pool for bigger groups!<\/p>\n<p>[\/et_pb_blurb][\/et_pb_column_inner][\/et_pb_row_inner][\/et_pb_column][\/et_pb_section]<\/p>\n","protected":false},"excerpt":{"rendered":"<p>Nada con los delfines en Cabo San Lucas!!! Ven a ver los Delfines en Los Cabos. Ten una experiencia que durar\u00e1 para toda la vida! Mientras est\u00e1s en Cabo San Lucas, aprovecha la oportunidad de pasar alg\u00fan tiempo descubriendo m\u00e1s sobre estas fascinantes criaturas. Los delfines son conocidos por ser una de las especies m\u00e1s [&hellip;]<\/p>\n","protected":false},"author":1,"featured_media":777,"parent":0,"menu_order":0,"comment_status":"open","ping_status":"closed","template":"","meta":{"_et_pb_use_builder":"on","_et_pb_old_content":"<h2>Swim with the Dolphins in Cabo San Lucas!!!<\/h2><p>Have an experience that will last a lifetime!\u00a0 Whilst you are down in Cabo San Lucas, take the opportunity to spend some time discovering more about these fascinating creatures.\u00a0 Dolphins are known to be one of the most intelligent species on this planet.\u00a0 Don't miss the chance to find out why.<\/p><p>Whether you've done it before, or it's always been on your bucket list to <strong>swim with the dolphins<\/strong>, your Cabo San Lucas vacation is the perfect opportunity to jump in and find out what makes these animals tick.<\/p><p>We offer a variety of programs and <strong>dolphin experiences<\/strong> for the whole family.\u00a0 If you'd been here before, you'll notice that we now offer dolphinariums in both Cabo San Lucas (about 200yards from the <strong>cruise ship<\/strong> docks) and San Jose del Cabo.<\/p><p>Hug, Kiss and play with theses amazing mammals.\u00a0 It's an experience you and your family will remember forever.<\/p>","_et_gb_content_width":"","footnotes":""},"class_list":["post-1747","page","type-page","status-publish","has-post-thumbnail","hentry"],"yoast_head":"<!-- This site is optimized with the Yoast SEO plugin v27.3 - https:\/\/yoast.com\/product\/yoast-seo-wordpress\/ -->\n<title>Nada con los Delfines en Los Cabos - Cabo Discount Tours<\/title>\n<meta name=\"description\" content=\"Nada con los delfines y disfruta la experiencia de tu vida! Ofrecemos los mejores programas para adultos, ni\u00f1os y grupos en los cabos. Reserva ahora!\" \/>\n<meta name=\"robots\" content=\"index, follow, max-snippet:-1, max-image-preview:large, max-video-preview:-1\" \/>\n<link rel=\"canonical\" href=\"https:\/\/cabodiscounttours.com\/es\/nada-con-los-delfines-en-los-cabos\/\" \/>\n<meta property=\"og:locale\" content=\"es_ES\" \/>\n<meta property=\"og:type\" content=\"article\" \/>\n<meta property=\"og:title\" content=\"Nada con los Delfines en Los Cabos - Cabo Discount Tours\" \/>\n<meta property=\"og:description\" content=\"Nada con los delfines y disfruta la experiencia de tu vida! Ofrecemos los mejores programas para adultos, ni\u00f1os y grupos en los cabos. Reserva ahora!\" \/>\n<meta property=\"og:url\" content=\"https:\/\/cabodiscounttours.com\/es\/nada-con-los-delfines-en-los-cabos\/\" \/>\n<meta property=\"og:site_name\" content=\"Cabo Discount Tours\" \/>\n<meta property=\"article:publisher\" content=\"http:\/\/facebook.com\/CaboDiscountTours\" \/>\n<meta property=\"article:modified_time\" content=\"2015-10-30T02:45:35+00:00\" \/>\n<meta property=\"og:image\" content=\"https:\/\/i0.wp.com\/cabodiscounttours.com\/wp-content\/uploads\/dolphin-experience-family.jpg?fit=1000%2C667&ssl=1\" \/>\n\t<meta property=\"og:image:width\" content=\"1000\" \/>\n\t<meta property=\"og:image:height\" content=\"667\" \/>\n\t<meta property=\"og:image:type\" content=\"image\/jpeg\" \/>\n<meta name=\"twitter:card\" content=\"summary_large_image\" \/>\n<meta name=\"twitter:site\" content=\"@cabogolfdeals\" \/>\n<meta name=\"twitter:label1\" content=\"Tiempo de lectura\" \/>\n\t<meta name=\"twitter:data1\" content=\"5 minutos\" \/>\n<script type=\"application\/ld+json\" class=\"yoast-schema-graph\">{\"@context\":\"https:\\\/\\\/schema.org\",\"@graph\":[{\"@type\":\"WebPage\",\"@id\":\"https:\\\/\\\/cabodiscounttours.com\\\/es\\\/nada-con-los-delfines-en-los-cabos\\\/\",\"url\":\"https:\\\/\\\/cabodiscounttours.com\\\/es\\\/nada-con-los-delfines-en-los-cabos\\\/\",\"name\":\"Nada con los Delfines en Los Cabos - Cabo Discount Tours\",\"isPartOf\":{\"@id\":\"https:\\\/\\\/cabodiscounttours.com\\\/es\\\/#website\"},\"primaryImageOfPage\":{\"@id\":\"https:\\\/\\\/cabodiscounttours.com\\\/es\\\/nada-con-los-delfines-en-los-cabos\\\/#primaryimage\"},\"image\":{\"@id\":\"https:\\\/\\\/cabodiscounttours.com\\\/es\\\/nada-con-los-delfines-en-los-cabos\\\/#primaryimage\"},\"thumbnailUrl\":\"https:\\\/\\\/i0.wp.com\\\/cabodiscounttours.com\\\/wp-content\\\/uploads\\\/dolphin-experience-family.jpg?fit=1000%2C667&ssl=1\",\"datePublished\":\"2014-07-26T05:00:39+00:00\",\"dateModified\":\"2015-10-30T02:45:35+00:00\",\"description\":\"Nada con los delfines y disfruta la experiencia de tu vida! Ofrecemos los mejores programas para adultos, ni\u00f1os y grupos en los cabos. Reserva ahora!\",\"breadcrumb\":{\"@id\":\"https:\\\/\\\/cabodiscounttours.com\\\/es\\\/nada-con-los-delfines-en-los-cabos\\\/#breadcrumb\"},\"inLanguage\":\"es\",\"potentialAction\":[{\"@type\":\"ReadAction\",\"target\":[\"https:\\\/\\\/cabodiscounttours.com\\\/es\\\/nada-con-los-delfines-en-los-cabos\\\/\"]}]},{\"@type\":\"ImageObject\",\"inLanguage\":\"es\",\"@id\":\"https:\\\/\\\/cabodiscounttours.com\\\/es\\\/nada-con-los-delfines-en-los-cabos\\\/#primaryimage\",\"url\":\"https:\\\/\\\/i0.wp.com\\\/cabodiscounttours.com\\\/wp-content\\\/uploads\\\/dolphin-experience-family.jpg?fit=1000%2C667&ssl=1\",\"contentUrl\":\"https:\\\/\\\/i0.wp.com\\\/cabodiscounttours.com\\\/wp-content\\\/uploads\\\/dolphin-experience-family.jpg?fit=1000%2C667&ssl=1\",\"width\":1000,\"height\":667,\"caption\":\"enjoy some family time with some of the most intelligent animals in the world on the cabo dolphins dolphin experience program by cabo adventures\"},{\"@type\":\"BreadcrumbList\",\"@id\":\"https:\\\/\\\/cabodiscounttours.com\\\/es\\\/nada-con-los-delfines-en-los-cabos\\\/#breadcrumb\",\"itemListElement\":[{\"@type\":\"ListItem\",\"position\":1,\"name\":\"Home\",\"item\":\"https:\\\/\\\/cabodiscounttours.com\\\/es\\\/\"},{\"@type\":\"ListItem\",\"position\":2,\"name\":\"Nada con Los Delfines en Los Cabos\"}]},{\"@type\":\"WebSite\",\"@id\":\"https:\\\/\\\/cabodiscounttours.com\\\/es\\\/#website\",\"url\":\"https:\\\/\\\/cabodiscounttours.com\\\/es\\\/\",\"name\":\"Cabo Discount Tours\",\"description\":\"Discounted Tours &amp; Activities in Los Cabos Mexico\",\"potentialAction\":[{\"@type\":\"SearchAction\",\"target\":{\"@type\":\"EntryPoint\",\"urlTemplate\":\"https:\\\/\\\/cabodiscounttours.com\\\/es\\\/?s={search_term_string}\"},\"query-input\":{\"@type\":\"PropertyValueSpecification\",\"valueRequired\":true,\"valueName\":\"search_term_string\"}}],\"inLanguage\":\"es\"}]}<\/script>\n<!-- \/ Yoast SEO plugin. -->","yoast_head_json":{"title":"Nada con los Delfines en Los Cabos - Cabo Discount Tours","description":"Nada con los delfines y disfruta la experiencia de tu vida! Ofrecemos los mejores programas para adultos, ni\u00f1os y grupos en los cabos. Reserva ahora!","robots":{"index":"index","follow":"follow","max-snippet":"max-snippet:-1","max-image-preview":"max-image-preview:large","max-video-preview":"max-video-preview:-1"},"canonical":"https:\/\/cabodiscounttours.com\/es\/nada-con-los-delfines-en-los-cabos\/","og_locale":"es_ES","og_type":"article","og_title":"Nada con los Delfines en Los Cabos - Cabo Discount Tours","og_description":"Nada con los delfines y disfruta la experiencia de tu vida! Ofrecemos los mejores programas para adultos, ni\u00f1os y grupos en los cabos. Reserva ahora!","og_url":"https:\/\/cabodiscounttours.com\/es\/nada-con-los-delfines-en-los-cabos\/","og_site_name":"Cabo Discount Tours","article_publisher":"http:\/\/facebook.com\/CaboDiscountTours","article_modified_time":"2015-10-30T02:45:35+00:00","og_image":[{"width":1000,"height":667,"url":"https:\/\/i0.wp.com\/cabodiscounttours.com\/wp-content\/uploads\/dolphin-experience-family.jpg?fit=1000%2C667&ssl=1","type":"image\/jpeg"}],"twitter_card":"summary_large_image","twitter_site":"@cabogolfdeals","twitter_misc":{"Tiempo de lectura":"5 minutos"},"schema":{"@context":"https:\/\/schema.org","@graph":[{"@type":"WebPage","@id":"https:\/\/cabodiscounttours.com\/es\/nada-con-los-delfines-en-los-cabos\/","url":"https:\/\/cabodiscounttours.com\/es\/nada-con-los-delfines-en-los-cabos\/","name":"Nada con los Delfines en Los Cabos - Cabo Discount Tours","isPartOf":{"@id":"https:\/\/cabodiscounttours.com\/es\/#website"},"primaryImageOfPage":{"@id":"https:\/\/cabodiscounttours.com\/es\/nada-con-los-delfines-en-los-cabos\/#primaryimage"},"image":{"@id":"https:\/\/cabodiscounttours.com\/es\/nada-con-los-delfines-en-los-cabos\/#primaryimage"},"thumbnailUrl":"https:\/\/i0.wp.com\/cabodiscounttours.com\/wp-content\/uploads\/dolphin-experience-family.jpg?fit=1000%2C667&ssl=1","datePublished":"2014-07-26T05:00:39+00:00","dateModified":"2015-10-30T02:45:35+00:00","description":"Nada con los delfines y disfruta la experiencia de tu vida! Ofrecemos los mejores programas para adultos, ni\u00f1os y grupos en los cabos. Reserva ahora!","breadcrumb":{"@id":"https:\/\/cabodiscounttours.com\/es\/nada-con-los-delfines-en-los-cabos\/#breadcrumb"},"inLanguage":"es","potentialAction":[{"@type":"ReadAction","target":["https:\/\/cabodiscounttours.com\/es\/nada-con-los-delfines-en-los-cabos\/"]}]},{"@type":"ImageObject","inLanguage":"es","@id":"https:\/\/cabodiscounttours.com\/es\/nada-con-los-delfines-en-los-cabos\/#primaryimage","url":"https:\/\/i0.wp.com\/cabodiscounttours.com\/wp-content\/uploads\/dolphin-experience-family.jpg?fit=1000%2C667&ssl=1","contentUrl":"https:\/\/i0.wp.com\/cabodiscounttours.com\/wp-content\/uploads\/dolphin-experience-family.jpg?fit=1000%2C667&ssl=1","width":1000,"height":667,"caption":"enjoy some family time with some of the most intelligent animals in the world on the cabo dolphins dolphin experience program by cabo adventures"},{"@type":"BreadcrumbList","@id":"https:\/\/cabodiscounttours.com\/es\/nada-con-los-delfines-en-los-cabos\/#breadcrumb","itemListElement":[{"@type":"ListItem","position":1,"name":"Home","item":"https:\/\/cabodiscounttours.com\/es\/"},{"@type":"ListItem","position":2,"name":"Nada con Los Delfines en Los Cabos"}]},{"@type":"WebSite","@id":"https:\/\/cabodiscounttours.com\/es\/#website","url":"https:\/\/cabodiscounttours.com\/es\/","name":"Cabo Discount Tours","description":"Discounted Tours &amp; Activities in Los Cabos Mexico","potentialAction":[{"@type":"SearchAction","target":{"@type":"EntryPoint","urlTemplate":"https:\/\/cabodiscounttours.com\/es\/?s={search_term_string}"},"query-input":{"@type":"PropertyValueSpecification","valueRequired":true,"valueName":"search_term_string"}}],"inLanguage":"es"}]}},"jetpack_sharing_enabled":true,"jetpack_shortlink":"https:\/\/wp.me\/P8bQYs-sb","jetpack_likes_enabled":false,"jetpack-related-posts":[{"id":6940,"url":"https:\/\/cabodiscounttours.com\/es\/nado-con-delfines-cabo-adventures\/","url_meta":{"origin":1747,"position":0},"title":"Nado con Delfines Cabo Adventures","author":"CaboAsh","date":"2 de agosto de 2016","format":false,"excerpt":"","rel":"","context":"Entrada similar","block_context":{"text":"Entrada similar","link":""},"img":{"alt_text":"","src":"","width":0,"height":0},"classes":[]},{"id":1624,"url":"https:\/\/cabodiscounttours.com\/es\/reserva-su-tour-de-nadar-con-delfines\/","url_meta":{"origin":1747,"position":1},"title":"Reserva su Tour de Nado con Delfines","author":"CaboAsh","date":"5 de julio de 2015","format":false,"excerpt":"Seleciona de nuestra gran variedad de tours para nadar con los Delfines. Reserva ahora tu tour de Nadar con Delfines en Cabo San Lucas. Seleciona tu tours con precios descontados para las mejores actividades en Los Cabos.","rel":"","context":"Entrada similar","block_context":{"text":"Entrada similar","link":""},"img":{"alt_text":"private dolphin experience swim with cabo dolphins cabo san lucas cabosanlucastours, cabo adventures","src":"https:\/\/i0.wp.com\/cabodiscounttours.com\/wp-content\/uploads\/private-dolphin-experience.jpg?fit=815%2C459&ssl=1&resize=350%2C200","width":350,"height":200,"srcset":"https:\/\/i0.wp.com\/cabodiscounttours.com\/wp-content\/uploads\/private-dolphin-experience.jpg?fit=815%2C459&ssl=1&resize=350%2C200 1x, https:\/\/i0.wp.com\/cabodiscounttours.com\/wp-content\/uploads\/private-dolphin-experience.jpg?fit=815%2C459&ssl=1&resize=525%2C300 1.5x, https:\/\/i0.wp.com\/cabodiscounttours.com\/wp-content\/uploads\/private-dolphin-experience.jpg?fit=815%2C459&ssl=1&resize=700%2C400 2x"},"classes":[]},{"id":1947,"url":"https:\/\/cabodiscounttours.com\/es\/alojamiento\/las-residencias-en-casa-del-mar\/","url_meta":{"origin":1747,"position":2},"title":"Las Residencias en Casa del Mar","author":"CaboAsh","date":"4 de noviembre de 2015","format":false,"excerpt":"","rel":"","context":"Entrada similar","block_context":{"text":"Entrada similar","link":""},"img":{"alt_text":"view from jacuzzi las residencias golf resort and spa located in casa del mar cabo san lucas","src":"https:\/\/i0.wp.com\/cabodiscounttours.com\/wp-content\/uploads\/las-residencias-jacuzzi.jpg?fit=1024%2C765&ssl=1&resize=350%2C200","width":350,"height":200,"srcset":"https:\/\/i0.wp.com\/cabodiscounttours.com\/wp-content\/uploads\/las-residencias-jacuzzi.jpg?fit=1024%2C765&ssl=1&resize=350%2C200 1x, https:\/\/i0.wp.com\/cabodiscounttours.com\/wp-content\/uploads\/las-residencias-jacuzzi.jpg?fit=1024%2C765&ssl=1&resize=525%2C300 1.5x, https:\/\/i0.wp.com\/cabodiscounttours.com\/wp-content\/uploads\/las-residencias-jacuzzi.jpg?fit=1024%2C765&ssl=1&resize=700%2C400 2x"},"classes":[]},{"id":1596,"url":"https:\/\/cabodiscounttours.com\/es\/tirolezas-columpios-y-bungee\/","url_meta":{"origin":1747,"position":3},"title":"Tirolezas, Columpios y Bungee","author":"CaboAsh","date":"22 de julio de 2014","format":false,"excerpt":"","rel":"","context":"Entrada similar","block_context":{"text":"Entrada similar","link":""},"img":{"alt_text":"Wild Canyon Zip Lines Cabo San Lucas","src":"https:\/\/i0.wp.com\/cabodiscounttours.com\/wp-content\/uploads\/zip-line-girl.jpg?fit=550%2C366&ssl=1&resize=350%2C200","width":350,"height":200,"srcset":"https:\/\/i0.wp.com\/cabodiscounttours.com\/wp-content\/uploads\/zip-line-girl.jpg?fit=550%2C366&ssl=1&resize=350%2C200 1x, https:\/\/i0.wp.com\/cabodiscounttours.com\/wp-content\/uploads\/zip-line-girl.jpg?fit=550%2C366&ssl=1&resize=525%2C300 1.5x"},"classes":[]},{"id":2008,"url":"https:\/\/cabodiscounttours.com\/es\/tours\/cabo-legend-cena-al-atardecer\/","url_meta":{"origin":1747,"position":4},"title":"Cabo Legend Cena al Atardecer","author":"CaboAsh","date":"8 de julio de 2015","format":false,"excerpt":"","rel":"","context":"Entrada similar","block_context":{"text":"Entrada similar","link":""},"img":{"alt_text":"cabo legend sunset cruise in cabo san lucas boy with a pirate activities for kids in cabo, pirate snorkeling tour","src":"https:\/\/i0.wp.com\/cabodiscounttours.com\/wp-content\/uploads\/cabo-legend-pirate.jpg?fit=748%2C1000&ssl=1&resize=350%2C200","width":350,"height":200,"srcset":"https:\/\/i0.wp.com\/cabodiscounttours.com\/wp-content\/uploads\/cabo-legend-pirate.jpg?fit=748%2C1000&ssl=1&resize=350%2C200 1x, https:\/\/i0.wp.com\/cabodiscounttours.com\/wp-content\/uploads\/cabo-legend-pirate.jpg?fit=748%2C1000&ssl=1&resize=525%2C300 1.5x, https:\/\/i0.wp.com\/cabodiscounttours.com\/wp-content\/uploads\/cabo-legend-pirate.jpg?fit=748%2C1000&ssl=1&resize=700%2C400 2x"},"classes":[]},{"id":1782,"url":"https:\/\/cabodiscounttours.com\/es\/tours\/wild-canyon-pase-de-dia\/","url_meta":{"origin":1747,"position":5},"title":"Wild Canyon Pase de Dia","author":"CaboAsh","date":"8 de julio de 2015","format":false,"excerpt":"","rel":"","context":"Entrada similar","block_context":{"text":"Entrada similar","link":""},"img":{"alt_text":"","src":"","width":0,"height":0},"classes":[]}],"_links":{"self":[{"href":"https:\/\/cabodiscounttours.com\/es\/wp-json\/wp\/v2\/pages\/1747","targetHints":{"allow":["GET"]}}],"collection":[{"href":"https:\/\/cabodiscounttours.com\/es\/wp-json\/wp\/v2\/pages"}],"about":[{"href":"https:\/\/cabodiscounttours.com\/es\/wp-json\/wp\/v2\/types\/page"}],"author":[{"embeddable":true,"href":"https:\/\/cabodiscounttours.com\/es\/wp-json\/wp\/v2\/users\/1"}],"replies":[{"embeddable":true,"href":"https:\/\/cabodiscounttours.com\/es\/wp-json\/wp\/v2\/comments?post=1747"}],"version-history":[{"count":5,"href":"https:\/\/cabodiscounttours.com\/es\/wp-json\/wp\/v2\/pages\/1747\/revisions"}],"predecessor-version":[{"id":1752,"href":"https:\/\/cabodiscounttours.com\/es\/wp-json\/wp\/v2\/pages\/1747\/revisions\/1752"}],"wp:featuredmedia":[{"embeddable":true,"href":"https:\/\/cabodiscounttours.com\/es\/wp-json\/wp\/v2\/media\/777"}],"wp:attachment":[{"href":"https:\/\/cabodiscounttours.com\/es\/wp-json\/wp\/v2\/media?parent=1747"}],"curies":[{"name":"wp","href":"https:\/\/api.w.org\/{rel}","templated":true}]}}