{"id":1865,"date":"2015-05-15T16:54:40","date_gmt":"2015-05-15T22:54:40","guid":{"rendered":"http:\/\/cabodiscounttours.com\/?page_id=1865"},"modified":"2015-11-06T12:06:47","modified_gmt":"2015-11-06T19:06:47","slug":"servicios","status":"publish","type":"page","link":"https:\/\/cabodiscounttours.com\/es\/servicios\/","title":{"rendered":"Servicios"},"content":{"rendered":"<h2>Servicios adicionales, para hacer de tu tiempo en Los Cabos algo memorable.<\/h2>\n<p><em>Cabo Discount Tours<\/em> ofrece una variedad de diferentes servicios para hacer tu vida m\u00e1s f\u00e1cil durante tu visita a Los Cabos. Ya sea que est\u00e9s buscando traslados al aeropuerto, transporte privado, servicio de conserje, reservas\/recomendaciones de restaurantes, servicios de comidas, organizadores de bodas o incluso fot\u00f3grafos, <a href=\"http:\/\/es.cabodiscounttours.com\/contactenos\/\">cont\u00e1ctanos<\/a> sin ning\u00fan compromiso para toda la informaci\u00f3n.<\/p>\n<p>Somos locales. Hemos estado viviendo en Los Cabos desde hace m\u00e1s de 10 a\u00f1os y hemos visto muchas compa\u00f1\u00edas ir y venir. Estamos felices de recomendar los servicios que usamos nosotros mismos, para asegurarte que recibas la calidad y la experiencia que est\u00e1s buscando.<\/p>\n<h3>Traslados al Aeropuerto<\/h3>\n<p><img data-recalc-dims=\"1\" decoding=\"async\" class=\"alignright wp-image-921 lazyload\" data-src=\"https:\/\/i0.wp.com\/cabodiscounttours.com\/wp-content\/uploads\/airport-transfers-300x200.jpg?resize=190%2C127\" alt=\"cabo san lucas private airport transfers for los Cabos\" width=\"190\" height=\"127\" data-srcset=\"https:\/\/i0.wp.com\/cabodiscounttours.com\/wp-content\/uploads\/airport-transfers.jpg?resize=300%2C200&amp;ssl=1 300w, https:\/\/i0.wp.com\/cabodiscounttours.com\/wp-content\/uploads\/airport-transfers.jpg?resize=450%2C300&amp;ssl=1 450w, https:\/\/i0.wp.com\/cabodiscounttours.com\/wp-content\/uploads\/airport-transfers.jpg?w=640&amp;ssl=1 640w\" data-sizes=\"(max-width: 190px) 100vw, 190px\" src=\"data:image\/svg+xml;base64,PHN2ZyB3aWR0aD0iMSIgaGVpZ2h0PSIxIiB4bWxucz0iaHR0cDovL3d3dy53My5vcmcvMjAwMC9zdmciPjwvc3ZnPg==\" style=\"--smush-placeholder-width: 190px; --smush-placeholder-aspect-ratio: 190\/127;\" \/>Hay muchas formas de ir del aeropuerto a tu hotel y de vuelta. Todo esto depende del tipo de servicio que est\u00e9s buscando. Muchas personas prefieren carros y estamos felices de organizar esto por ti. Recomendamos las opciones de transporte privado, en especial para grupos de 4 o m\u00e1s.<\/p>\n<p>El transporte privado durante tu tiempo en Los Cabos debe ser organizado antes de tu llegada (o al menos 3 antes de tu fecha solicitada). Esta es una solicitud que el gobierno ha puesto en pr\u00e1ctica para tranquilizar a los taxistas. Sin el papeleo adecuado, corres el riesgo de que te detengan y te obliguen a usar un taxi.<\/p>\n<h3>Recomendaciones de Restaurantes, Reservaciones y Descuentos<\/h3>\n<p><img data-recalc-dims=\"1\" decoding=\"async\" class=\"alignright wp-image-926 lazyload\" data-src=\"https:\/\/i0.wp.com\/cabodiscounttours.com\/wp-content\/uploads\/restaurants-300x199.jpg?resize=190%2C126\" alt=\"cabo san lucas has delicious restaurants and food\" width=\"190\" height=\"126\" src=\"data:image\/svg+xml;base64,PHN2ZyB3aWR0aD0iMSIgaGVpZ2h0PSIxIiB4bWxucz0iaHR0cDovL3d3dy53My5vcmcvMjAwMC9zdmciPjwvc3ZnPg==\" style=\"--smush-placeholder-width: 190px; --smush-placeholder-aspect-ratio: 190\/126;\" \/>Los Cabos tiene una amplia variedad de excelentes restaurantes para cualquier presupuesto y muchos de los mejores sabores se pueden encontrar fuera de los circuitos habituales.<\/p>\n<p>Los Cabos es sede de una variedad de tradicional comida Mexicana y de varias fusiones. Muchas de las comidas m\u00e1s tradicionales se pueden encontrar en restaurantes m\u00e1s peque\u00f1os afuera de las \u00e1reas tur\u00edsticas principales.<\/p>\n<p>Ya sea que est\u00e9s buscando un lugar para una ocasi\u00f3n especial, una comida familiar, un chef privado o una autentica experiencia mexicana, d\u00e9janos se\u00f1alarte la direcci\u00f3n correcta.<\/p>\n<h3>Servicio de Concierge<\/h3>\n<p>\u00bfQuieres relajarte en tus vacaciones? Deja que planifiquemos todas tus vacaciones. Dinos qu\u00e9 deseas y si hay alguna ocasi\u00f3n especial que est\u00e9s celebrando y d\u00e9janos organizar todo por ti.<\/p>\n<p>Te aseguramos que tendr\u00e1s todo lo que necesitas para tus vacaciones, desde suministros para bebe hasta los mejores vinos. Nuestro personal ha estado viviendo en el \u00e1rea por m\u00e1s de 10 a\u00f1os y conocen los sistemas. Si necesitas algo especial haremos lo mejor que podamos para gestionarlo de manera local o lo organizaremos para importado durante tu tiempo en Los Cabos.<\/p>\n<p>Ya sea que solo quieras una nevera surtida cuando llegues, o que necesites todo listo para esa llegada especial, d\u00e9janos organizar las cosas as\u00ed tus vacaciones ser\u00e1n lo m\u00e1s relajantes posibles.<\/p>\n<h3>Servicio de comidas y Organizadores de Bodas<\/h3>\n<p><img data-recalc-dims=\"1\" decoding=\"async\" class=\"alignright wp-image-925 lazyload\" data-src=\"https:\/\/i0.wp.com\/cabodiscounttours.com\/wp-content\/uploads\/wedding-planning-300x200.jpg?resize=190%2C127\" alt=\"destination wedding los cabos wedding planning\" width=\"190\" height=\"127\" data-srcset=\"https:\/\/i0.wp.com\/cabodiscounttours.com\/wp-content\/uploads\/wedding-planning.jpg?resize=300%2C200&amp;ssl=1 300w, https:\/\/i0.wp.com\/cabodiscounttours.com\/wp-content\/uploads\/wedding-planning.jpg?resize=768%2C512&amp;ssl=1 768w, https:\/\/i0.wp.com\/cabodiscounttours.com\/wp-content\/uploads\/wedding-planning.jpg?resize=450%2C300&amp;ssl=1 450w, https:\/\/i0.wp.com\/cabodiscounttours.com\/wp-content\/uploads\/wedding-planning.jpg?w=1000&amp;ssl=1 1000w\" data-sizes=\"(max-width: 190px) 100vw, 190px\" src=\"data:image\/svg+xml;base64,PHN2ZyB3aWR0aD0iMSIgaGVpZ2h0PSIxIiB4bWxucz0iaHR0cDovL3d3dy53My5vcmcvMjAwMC9zdmciPjwvc3ZnPg==\" style=\"--smush-placeholder-width: 190px; --smush-placeholder-aspect-ratio: 190\/127;\" \/>Planeando un evento especial. Ya sea una boda, una reuni\u00f3n laboral o familiar. D\u00e9janos ponerte en contacto con las mejores personas para que te ayuden a organizar tus eventos, grandes o peque\u00f1os.<\/p>\n<p>Incluso si simplemente est\u00e1s buscando un chef privado, para que vaya y cocine para tu grupo una sola noche, tenemos chefs que pueden ir contigo cualquier noche. Si quieres aprender, podemos incluso llevarte a un curso de cocina.<\/p>\n<h3><a href=\"\/\/cabodiscounttours.com\/los-cabos-wedding-photographers\/\">Fot\u00f3grafos<\/a><\/h3>\n<p><img data-recalc-dims=\"1\" decoding=\"async\" class=\"alignright wp-image-927 lazyload\" data-src=\"https:\/\/i0.wp.com\/cabodiscounttours.com\/wp-content\/uploads\/photographers-300x200.jpg?resize=190%2C127\" alt=\"some of the best photographers in los cabos provide great wedding photography, familiy photos and vacation memories\" width=\"190\" height=\"127\" data-srcset=\"https:\/\/i0.wp.com\/cabodiscounttours.com\/wp-content\/uploads\/photographers.jpg?resize=300%2C200&amp;ssl=1 300w, https:\/\/i0.wp.com\/cabodiscounttours.com\/wp-content\/uploads\/photographers.jpg?resize=768%2C513&amp;ssl=1 768w, https:\/\/i0.wp.com\/cabodiscounttours.com\/wp-content\/uploads\/photographers.jpg?resize=450%2C300&amp;ssl=1 450w, https:\/\/i0.wp.com\/cabodiscounttours.com\/wp-content\/uploads\/photographers.jpg?w=1024&amp;ssl=1 1024w\" data-sizes=\"(max-width: 190px) 100vw, 190px\" src=\"data:image\/svg+xml;base64,PHN2ZyB3aWR0aD0iMSIgaGVpZ2h0PSIxIiB4bWxucz0iaHR0cDovL3d3dy53My5vcmcvMjAwMC9zdmciPjwvc3ZnPg==\" style=\"--smush-placeholder-width: 190px; --smush-placeholder-aspect-ratio: 190\/127;\" \/>Los Cabos tiene algunos lugares espectaculares para los fot\u00f3grafos. Y sea que est\u00e9s buscando alguien que tome las fotos de tu boda, evento o familia y amigos, estamos felices de ayudarte en la direcci\u00f3n correcta.<\/p>\n<p>Ten fotograf\u00edas de tu familia o hijos en los mejores lugares en Los Cabos, para recuerdos que durar\u00e1n para siempre.<\/p>\n<p>Los fot\u00f3grafos con los que trabajamos han tomado las fotos de nuestras bodas, familias y ni\u00f1os y contin\u00faan haci\u00e9ndolo.<\/p>\n<h3>Otros servicios<\/h3>\n<p>Para cualquier otro servicio que no haya sido mencionado arriba, por favor <a href=\"http:\/\/es.cabodiscounttours.com\/contactenos\/\">cont\u00e1ctanos<\/a>.\u00a0 Con m\u00e1s de 10 a\u00f1os en Los Cabos, estamos m\u00e1s que complacidos en ayudarte con cualquier pregunta que puedas tener.<\/p>\n","protected":false},"excerpt":{"rendered":"<p>Servicios adicionales, para hacer de tu tiempo en Los Cabos algo memorable. Cabo Discount Tours ofrece una variedad de diferentes servicios para hacer tu vida m\u00e1s f\u00e1cil durante tu visita a Los Cabos. Ya sea que est\u00e9s buscando traslados al aeropuerto, transporte privado, servicio de conserje, reservas\/recomendaciones de restaurantes, servicios de comidas, organizadores de bodas [&hellip;]<\/p>\n","protected":false},"author":1,"featured_media":946,"parent":0,"menu_order":0,"comment_status":"open","ping_status":"open","template":"","meta":{"_et_pb_use_builder":"on","_et_pb_old_content":"","_et_gb_content_width":"","footnotes":""},"class_list":["post-1865","page","type-page","status-publish","has-post-thumbnail","hentry"],"yoast_head":"<!-- This site is optimized with the Yoast SEO plugin v27.4 - https:\/\/yoast.com\/product\/yoast-seo-wordpress\/ -->\n<title>Servicios - Cabo Discount Tours<\/title>\n<meta name=\"description\" content=\"Otros servicios que ofrecemos en Cabo Discount Tours incluye Transport Privado, Fotografos, Chefs Privados, servicio concierge y mas. Cont\u00e1ctenos Ya.\" \/>\n<meta name=\"robots\" content=\"index, follow, max-snippet:-1, max-image-preview:large, max-video-preview:-1\" \/>\n<link rel=\"canonical\" href=\"https:\/\/cabodiscounttours.com\/es\/servicios\/\" \/>\n<meta property=\"og:locale\" content=\"es_ES\" \/>\n<meta property=\"og:type\" content=\"article\" \/>\n<meta property=\"og:title\" content=\"Servicios - Cabo Discount Tours\" \/>\n<meta property=\"og:description\" content=\"Otros servicios que ofrecemos en Cabo Discount Tours incluye Transport Privado, Fotografos, Chefs Privados, servicio concierge y mas. Cont\u00e1ctenos Ya.\" \/>\n<meta property=\"og:url\" content=\"https:\/\/cabodiscounttours.com\/es\/servicios\/\" \/>\n<meta property=\"og:site_name\" content=\"Cabo Discount Tours\" \/>\n<meta property=\"article:publisher\" content=\"http:\/\/facebook.com\/CaboDiscountTours\" \/>\n<meta property=\"article:modified_time\" content=\"2015-11-06T19:06:47+00:00\" \/>\n<meta property=\"og:image\" content=\"https:\/\/i1.wp.com\/cabodiscounttours.com\/wp-content\/uploads\/cabo-transportation.jpg?fit=800%2C600&ssl=1\" \/>\n\t<meta property=\"og:image:width\" content=\"800\" \/>\n\t<meta property=\"og:image:height\" content=\"600\" \/>\n\t<meta property=\"og:image:type\" content=\"image\/jpeg\" \/>\n<meta name=\"twitter:card\" content=\"summary_large_image\" \/>\n<meta name=\"twitter:site\" content=\"@cabogolfdeals\" \/>\n<meta name=\"twitter:label1\" content=\"Tiempo de lectura\" \/>\n\t<meta name=\"twitter:data1\" content=\"3 minutos\" \/>\n<script type=\"application\/ld+json\" class=\"yoast-schema-graph\">{\"@context\":\"https:\\\/\\\/schema.org\",\"@graph\":[{\"@type\":\"WebPage\",\"@id\":\"https:\\\/\\\/cabodiscounttours.com\\\/es\\\/servicios\\\/\",\"url\":\"https:\\\/\\\/cabodiscounttours.com\\\/es\\\/servicios\\\/\",\"name\":\"Servicios - Cabo Discount Tours\",\"isPartOf\":{\"@id\":\"https:\\\/\\\/cabodiscounttours.com\\\/es\\\/#website\"},\"primaryImageOfPage\":{\"@id\":\"https:\\\/\\\/cabodiscounttours.com\\\/es\\\/servicios\\\/#primaryimage\"},\"image\":{\"@id\":\"https:\\\/\\\/cabodiscounttours.com\\\/es\\\/servicios\\\/#primaryimage\"},\"thumbnailUrl\":\"https:\\\/\\\/i0.wp.com\\\/cabodiscounttours.com\\\/wp-content\\\/uploads\\\/cabo-transportation.jpg?fit=800%2C600&ssl=1\",\"datePublished\":\"2015-05-15T22:54:40+00:00\",\"dateModified\":\"2015-11-06T19:06:47+00:00\",\"description\":\"Otros servicios que ofrecemos en Cabo Discount Tours incluye Transport Privado, Fotografos, Chefs Privados, servicio concierge y mas. Cont\u00e1ctenos Ya.\",\"breadcrumb\":{\"@id\":\"https:\\\/\\\/cabodiscounttours.com\\\/es\\\/servicios\\\/#breadcrumb\"},\"inLanguage\":\"es\",\"potentialAction\":[{\"@type\":\"ReadAction\",\"target\":[\"https:\\\/\\\/cabodiscounttours.com\\\/es\\\/servicios\\\/\"]}]},{\"@type\":\"ImageObject\",\"inLanguage\":\"es\",\"@id\":\"https:\\\/\\\/cabodiscounttours.com\\\/es\\\/servicios\\\/#primaryimage\",\"url\":\"https:\\\/\\\/i0.wp.com\\\/cabodiscounttours.com\\\/wp-content\\\/uploads\\\/cabo-transportation.jpg?fit=800%2C600&ssl=1\",\"contentUrl\":\"https:\\\/\\\/i0.wp.com\\\/cabodiscounttours.com\\\/wp-content\\\/uploads\\\/cabo-transportation.jpg?fit=800%2C600&ssl=1\",\"width\":800,\"height\":600,\"caption\":\"cabo private airport transportation and shuttle services\"},{\"@type\":\"BreadcrumbList\",\"@id\":\"https:\\\/\\\/cabodiscounttours.com\\\/es\\\/servicios\\\/#breadcrumb\",\"itemListElement\":[{\"@type\":\"ListItem\",\"position\":1,\"name\":\"Home\",\"item\":\"https:\\\/\\\/cabodiscounttours.com\\\/es\\\/\"},{\"@type\":\"ListItem\",\"position\":2,\"name\":\"Servicios\"}]},{\"@type\":\"WebSite\",\"@id\":\"https:\\\/\\\/cabodiscounttours.com\\\/es\\\/#website\",\"url\":\"https:\\\/\\\/cabodiscounttours.com\\\/es\\\/\",\"name\":\"Cabo Discount Tours\",\"description\":\"Discounted Tours &amp; Activities in Los Cabos Mexico\",\"potentialAction\":[{\"@type\":\"SearchAction\",\"target\":{\"@type\":\"EntryPoint\",\"urlTemplate\":\"https:\\\/\\\/cabodiscounttours.com\\\/es\\\/?s={search_term_string}\"},\"query-input\":{\"@type\":\"PropertyValueSpecification\",\"valueRequired\":true,\"valueName\":\"search_term_string\"}}],\"inLanguage\":\"es\"}]}<\/script>\n<!-- \/ Yoast SEO plugin. -->","yoast_head_json":{"title":"Servicios - Cabo Discount Tours","description":"Otros servicios que ofrecemos en Cabo Discount Tours incluye Transport Privado, Fotografos, Chefs Privados, servicio concierge y mas. Cont\u00e1ctenos Ya.","robots":{"index":"index","follow":"follow","max-snippet":"max-snippet:-1","max-image-preview":"max-image-preview:large","max-video-preview":"max-video-preview:-1"},"canonical":"https:\/\/cabodiscounttours.com\/es\/servicios\/","og_locale":"es_ES","og_type":"article","og_title":"Servicios - Cabo Discount Tours","og_description":"Otros servicios que ofrecemos en Cabo Discount Tours incluye Transport Privado, Fotografos, Chefs Privados, servicio concierge y mas. Cont\u00e1ctenos Ya.","og_url":"https:\/\/cabodiscounttours.com\/es\/servicios\/","og_site_name":"Cabo Discount Tours","article_publisher":"http:\/\/facebook.com\/CaboDiscountTours","article_modified_time":"2015-11-06T19:06:47+00:00","og_image":[{"width":800,"height":600,"url":"https:\/\/i1.wp.com\/cabodiscounttours.com\/wp-content\/uploads\/cabo-transportation.jpg?fit=800%2C600&ssl=1","type":"image\/jpeg"}],"twitter_card":"summary_large_image","twitter_site":"@cabogolfdeals","twitter_misc":{"Tiempo de lectura":"3 minutos"},"schema":{"@context":"https:\/\/schema.org","@graph":[{"@type":"WebPage","@id":"https:\/\/cabodiscounttours.com\/es\/servicios\/","url":"https:\/\/cabodiscounttours.com\/es\/servicios\/","name":"Servicios - Cabo Discount Tours","isPartOf":{"@id":"https:\/\/cabodiscounttours.com\/es\/#website"},"primaryImageOfPage":{"@id":"https:\/\/cabodiscounttours.com\/es\/servicios\/#primaryimage"},"image":{"@id":"https:\/\/cabodiscounttours.com\/es\/servicios\/#primaryimage"},"thumbnailUrl":"https:\/\/i0.wp.com\/cabodiscounttours.com\/wp-content\/uploads\/cabo-transportation.jpg?fit=800%2C600&ssl=1","datePublished":"2015-05-15T22:54:40+00:00","dateModified":"2015-11-06T19:06:47+00:00","description":"Otros servicios que ofrecemos en Cabo Discount Tours incluye Transport Privado, Fotografos, Chefs Privados, servicio concierge y mas. Cont\u00e1ctenos Ya.","breadcrumb":{"@id":"https:\/\/cabodiscounttours.com\/es\/servicios\/#breadcrumb"},"inLanguage":"es","potentialAction":[{"@type":"ReadAction","target":["https:\/\/cabodiscounttours.com\/es\/servicios\/"]}]},{"@type":"ImageObject","inLanguage":"es","@id":"https:\/\/cabodiscounttours.com\/es\/servicios\/#primaryimage","url":"https:\/\/i0.wp.com\/cabodiscounttours.com\/wp-content\/uploads\/cabo-transportation.jpg?fit=800%2C600&ssl=1","contentUrl":"https:\/\/i0.wp.com\/cabodiscounttours.com\/wp-content\/uploads\/cabo-transportation.jpg?fit=800%2C600&ssl=1","width":800,"height":600,"caption":"cabo private airport transportation and shuttle services"},{"@type":"BreadcrumbList","@id":"https:\/\/cabodiscounttours.com\/es\/servicios\/#breadcrumb","itemListElement":[{"@type":"ListItem","position":1,"name":"Home","item":"https:\/\/cabodiscounttours.com\/es\/"},{"@type":"ListItem","position":2,"name":"Servicios"}]},{"@type":"WebSite","@id":"https:\/\/cabodiscounttours.com\/es\/#website","url":"https:\/\/cabodiscounttours.com\/es\/","name":"Cabo Discount Tours","description":"Discounted Tours &amp; Activities in Los Cabos Mexico","potentialAction":[{"@type":"SearchAction","target":{"@type":"EntryPoint","urlTemplate":"https:\/\/cabodiscounttours.com\/es\/?s={search_term_string}"},"query-input":{"@type":"PropertyValueSpecification","valueRequired":true,"valueName":"search_term_string"}}],"inLanguage":"es"}]}},"jetpack_sharing_enabled":true,"jetpack_shortlink":"https:\/\/wp.me\/P8bQYs-u5","jetpack_likes_enabled":false,"jetpack-related-posts":[{"id":1872,"url":"https:\/\/cabodiscounttours.com\/es\/cabo-transportacion\/","url_meta":{"origin":1865,"position":0},"title":"Servicios de Transporte en Cabo","author":"CaboAsh","date":"20 de mayo de 2015","format":false,"excerpt":"Organice su transporte desde antes de llegar! Con una amplia variedad de actividades por hacer en Los Cabos, puede que tengas que cubrir mucho terreno. Aunque muchas actividades incluyen transporte, est\u00e1s sujeto a sus horarios. Los servicios de transporte privado de Cabo pueden llevarte alrededor de Los Cabos en lujo\u2026","rel":"","context":"Entrada similar","block_context":{"text":"Entrada similar","link":""},"img":{"alt_text":"cabo private airport transportation and shuttle services","src":"https:\/\/i0.wp.com\/cabodiscounttours.com\/wp-content\/uploads\/cabo-transportation.jpg?fit=800%2C600&ssl=1&resize=350%2C200","width":350,"height":200,"srcset":"https:\/\/i0.wp.com\/cabodiscounttours.com\/wp-content\/uploads\/cabo-transportation.jpg?fit=800%2C600&ssl=1&resize=350%2C200 1x, https:\/\/i0.wp.com\/cabodiscounttours.com\/wp-content\/uploads\/cabo-transportation.jpg?fit=800%2C600&ssl=1&resize=525%2C300 1.5x, https:\/\/i0.wp.com\/cabodiscounttours.com\/wp-content\/uploads\/cabo-transportation.jpg?fit=800%2C600&ssl=1&resize=700%2C400 2x"},"classes":[]},{"id":1888,"url":"https:\/\/cabodiscounttours.com\/es\/alojamiento\/","url_meta":{"origin":1865,"position":1},"title":"Cabo Villas &#8211; Hotels &#038; Villas en Los Cabos","author":"CaboAsh","date":"1 de febrero de 2015","format":false,"excerpt":"Alquilla Villas y Hotels en Cabo San Lucas Alquila Hotels, Villas, Casas y semanas de Tiempo Compartido en Los Cabos Si esta buscando lo mejor alojamiento en Los Cabos, hecha un ojo a nuestras ofertas.\u00a0 Tenemos opciones para todos, incluyendo hotels economicas, semanas de tiempos Compartidos Casas y Villas Lujosas.\u00a0\u2026","rel":"","context":"Entrada similar","block_context":{"text":"Entrada similar","link":""},"img":{"alt_text":"Pool at Bahia hotel and beach club in Cabo San Lucas Mexico","src":"https:\/\/i0.wp.com\/cabodiscounttours.com\/wp-content\/uploads\/bahia-hotel-cabo-san-lucas-pool.jpg?fit=595%2C450&ssl=1&resize=350%2C200","width":350,"height":200,"srcset":"https:\/\/i0.wp.com\/cabodiscounttours.com\/wp-content\/uploads\/bahia-hotel-cabo-san-lucas-pool.jpg?fit=595%2C450&ssl=1&resize=350%2C200 1x, https:\/\/i0.wp.com\/cabodiscounttours.com\/wp-content\/uploads\/bahia-hotel-cabo-san-lucas-pool.jpg?fit=595%2C450&ssl=1&resize=525%2C300 1.5x"},"classes":[]},{"id":1576,"url":"https:\/\/cabodiscounttours.com\/es\/terminos-y-condiciones\/","url_meta":{"origin":1865,"position":2},"title":"T\u00e9rminos y Condiciones del Servicio","author":"CaboAsh","date":"4 de mayo de 2015","format":false,"excerpt":"T\u00c9RMINOS Y CONDICIONES Gracias por tomarte el tiempo de mirar nuestra p\u00e1gina de Cabo Discount Tours Hay unos cuantos t\u00e9rminos y condiciones que necesitamos tengas presente al momento de reservar con nosotros, y haremos lo mejor que podamos para explicarlos sin enredos. C\u00f3mo funciona 1\/ Tus E-Tickets\/Cupones & el proceso\u2026","rel":"","context":"Entrada similar","block_context":{"text":"Entrada similar","link":""},"img":{"alt_text":"cabo discount tours, what to do in cabo san lucas, cabo st lucas, the best tours and activities in los cabos, cabo golf deals, cabo discounts, cabo discount golf, tour operators","src":"https:\/\/i0.wp.com\/cabodiscounttours.com\/wp-content\/uploads\/cabodiscount.png?fit=1200%2C569&ssl=1&resize=350%2C200","width":350,"height":200,"srcset":"https:\/\/i0.wp.com\/cabodiscounttours.com\/wp-content\/uploads\/cabodiscount.png?fit=1200%2C569&ssl=1&resize=350%2C200 1x, https:\/\/i0.wp.com\/cabodiscounttours.com\/wp-content\/uploads\/cabodiscount.png?fit=1200%2C569&ssl=1&resize=525%2C300 1.5x, https:\/\/i0.wp.com\/cabodiscounttours.com\/wp-content\/uploads\/cabodiscount.png?fit=1200%2C569&ssl=1&resize=700%2C400 2x, https:\/\/i0.wp.com\/cabodiscounttours.com\/wp-content\/uploads\/cabodiscount.png?fit=1200%2C569&ssl=1&resize=1050%2C600 3x"},"classes":[]},{"id":3842,"url":"https:\/\/cabodiscounttours.com\/es\/gracias\/","url_meta":{"origin":1865,"position":3},"title":"Gracias","author":"CaboAsh","date":"7 de abril de 2016","format":false,"excerpt":"","rel":"","context":"Entrada similar","block_context":{"text":"Entrada similar","link":""},"img":{"alt_text":"","src":"","width":0,"height":0},"classes":[]},{"id":2000,"url":"https:\/\/cabodiscounttours.com\/es\/reviews\/","url_meta":{"origin":1865,"position":4},"title":"Cabo Discount Tours &#8211; Escribe tu rese\u00f1a","author":"CaboAsh","date":"1 de diciembre de 2015","format":false,"excerpt":"Gracias por proporcionar su review de Cabo Discount Tours.\u00a0 Siempre tratamos de ofrecer lo mejor servicio al cliente con muy buenas precios en nuestros Tours y Actividades. Tratamos siempre de hacer los cambios necesarios y solamente ofrecer los mejores operadores, para poder ofrecerle lo mejor experiencia posible. Por favor cont\u00e1ctenos\u2026","rel":"","context":"Entrada similar","block_context":{"text":"Entrada similar","link":""},"img":{"alt_text":"cabo discount tours, what to do in cabo san lucas, cabo st lucas, the best tours and activities in los cabos, cabo golf deals, cabo discounts, cabo discount golf, tour operators","src":"https:\/\/i0.wp.com\/cabodiscounttours.com\/wp-content\/uploads\/cabodiscount.png?fit=1200%2C569&ssl=1&resize=350%2C200","width":350,"height":200,"srcset":"https:\/\/i0.wp.com\/cabodiscounttours.com\/wp-content\/uploads\/cabodiscount.png?fit=1200%2C569&ssl=1&resize=350%2C200 1x, https:\/\/i0.wp.com\/cabodiscounttours.com\/wp-content\/uploads\/cabodiscount.png?fit=1200%2C569&ssl=1&resize=525%2C300 1.5x, https:\/\/i0.wp.com\/cabodiscounttours.com\/wp-content\/uploads\/cabodiscount.png?fit=1200%2C569&ssl=1&resize=700%2C400 2x, https:\/\/i0.wp.com\/cabodiscounttours.com\/wp-content\/uploads\/cabodiscount.png?fit=1200%2C569&ssl=1&resize=1050%2C600 3x"},"classes":[]},{"id":1602,"url":"https:\/\/cabodiscounttours.com\/es\/tours-en-cuatrimoto\/","url_meta":{"origin":1865,"position":5},"title":"Tours en Cuatrimoto &#8211; Los Mejores tours en Los Cabos","author":"CaboAsh","date":"8 de agosto de 2014","format":false,"excerpt":"","rel":"","context":"Entrada similar","block_context":{"text":"Entrada similar","link":""},"img":{"alt_text":"Discount ATV Adventure tours churning up sand on the beach Wild Canyon, Cabo San Lucas, Los Cabos cabo san lucas land tours","src":"https:\/\/i0.wp.com\/cabodiscounttours.com\/wp-content\/uploads\/ATV-Adventure-Off-Road-Runners-Beach.jpg?fit=1024%2C682&ssl=1&resize=350%2C200","width":350,"height":200,"srcset":"https:\/\/i0.wp.com\/cabodiscounttours.com\/wp-content\/uploads\/ATV-Adventure-Off-Road-Runners-Beach.jpg?fit=1024%2C682&ssl=1&resize=350%2C200 1x, https:\/\/i0.wp.com\/cabodiscounttours.com\/wp-content\/uploads\/ATV-Adventure-Off-Road-Runners-Beach.jpg?fit=1024%2C682&ssl=1&resize=525%2C300 1.5x, https:\/\/i0.wp.com\/cabodiscounttours.com\/wp-content\/uploads\/ATV-Adventure-Off-Road-Runners-Beach.jpg?fit=1024%2C682&ssl=1&resize=700%2C400 2x"},"classes":[]}],"_links":{"self":[{"href":"https:\/\/cabodiscounttours.com\/es\/wp-json\/wp\/v2\/pages\/1865","targetHints":{"allow":["GET"]}}],"collection":[{"href":"https:\/\/cabodiscounttours.com\/es\/wp-json\/wp\/v2\/pages"}],"about":[{"href":"https:\/\/cabodiscounttours.com\/es\/wp-json\/wp\/v2\/types\/page"}],"author":[{"embeddable":true,"href":"https:\/\/cabodiscounttours.com\/es\/wp-json\/wp\/v2\/users\/1"}],"replies":[{"embeddable":true,"href":"https:\/\/cabodiscounttours.com\/es\/wp-json\/wp\/v2\/comments?post=1865"}],"version-history":[{"count":3,"href":"https:\/\/cabodiscounttours.com\/es\/wp-json\/wp\/v2\/pages\/1865\/revisions"}],"predecessor-version":[{"id":1868,"href":"https:\/\/cabodiscounttours.com\/es\/wp-json\/wp\/v2\/pages\/1865\/revisions\/1868"}],"wp:featuredmedia":[{"embeddable":true,"href":"https:\/\/cabodiscounttours.com\/es\/wp-json\/wp\/v2\/media\/946"}],"wp:attachment":[{"href":"https:\/\/cabodiscounttours.com\/es\/wp-json\/wp\/v2\/media?parent=1865"}],"curies":[{"name":"wp","href":"https:\/\/api.w.org\/{rel}","templated":true}]}}