{"id":1872,"date":"2015-05-20T23:39:39","date_gmt":"2015-05-21T05:39:39","guid":{"rendered":"http:\/\/cabodiscounttours.com\/?page_id=1872"},"modified":"2020-02-26T10:50:14","modified_gmt":"2020-02-26T17:50:14","slug":"cabo-transportacion","status":"publish","type":"page","link":"https:\/\/cabodiscounttours.com\/es\/cabo-transportacion\/","title":{"rendered":"Servicios de Transporte en Cabo"},"content":{"rendered":"<h2>Organice su transporte desde antes de llegar!<\/h2>\n<p><img data-recalc-dims=\"1\" decoding=\"async\" class=\"alignright wp-image-946 size-medium lazyload\" data-src=\"https:\/\/i0.wp.com\/cabodiscounttours.com\/wp-content\/uploads\/cabo-transportation-250x188.jpg?resize=250%2C188\" alt=\"los cabos airport shuttle services and private cabo transportation\" width=\"250\" height=\"188\" src=\"data:image\/svg+xml;base64,PHN2ZyB3aWR0aD0iMSIgaGVpZ2h0PSIxIiB4bWxucz0iaHR0cDovL3d3dy53My5vcmcvMjAwMC9zdmciPjwvc3ZnPg==\" style=\"--smush-placeholder-width: 250px; --smush-placeholder-aspect-ratio: 250\/188;\" \/>Con una amplia variedad de actividades por hacer en Los Cabos, puede que tengas que cubrir mucho terreno. Aunque muchas actividades incluyen transporte, est\u00e1s sujeto a sus horarios.<\/p>\n<p>Los servicios de transporte privado de Cabo pueden llevarte alrededor de Los Cabos en lujo de aire acondicionado en el horario que desees. Ya sea un viaje de pesca a las 6am que hayas planeado, un abierto de golf a las 11am en el otro extremo de la ciudad, una cena o ir a bailar, nosotros podemos organizar el veh\u00edculo perfecto para grupos de cualquier tama\u00f1o.<\/p>\n<p>Conductores experimentados que tambi\u00e9n hablan ingl\u00e9s te llevaran a donde sea que necesites a tiempo, y te recoger\u00e1n cuando est\u00e9s listo para volver. Disfruta el recorrido a borde nuestros lujosos autos con <em>aire acondicionado<\/em>, Escalades, Suburbans, Sprinters entre otros.<\/p>\n<p>Ya sea una llegada rom\u00e1ntica, unas vacaciones familiares, o un evento de una gran grupo, d\u00e9janos la responsabilidad de llevarte de tu punto A a tu punto B y de vuelta.<\/p>\n<p>Aqu\u00ed en Cabo Discount Tours, trabajamos con las mejores y m\u00e1s confiables compa\u00f1\u00edas de transporte, para asegurarnos de que recibas un servicio de calidad a un precio asequible.<\/p>\n<p>Nuestros carros compartidos para el traslado hacia el aeropuerto en Los Cabos so una manera asequible para llevarte y traerte del aeropuerto\u00a0 en el horario que necesites. Tenemos servicio en todo Los Cabos, asegur\u00e1ndote una opci\u00f3n de calidad, no importa en donde elijas quedarte.<\/p>\n<p><em><strong>Reserva tu transporte en Cabo ahora<\/strong><\/em>, antes de que sea tarde.<\/p>\n<p>&nbsp;<\/p>\n<h3>Preguntas frecuentes<\/h3>\n<h4>\u00bfCu\u00e1nto tiempo tomar\u00e1 llegar desde el aeropuerto hasta mi alojamiento?<\/h4>\n<p>Dependiendo en donde vayas a estar en Los Cabos, tu viaje puede tomar entre 25 minutos y 1 hora. Te aseguramos que nuestros <em>veh\u00edculos<\/em> est\u00e1n en perfectas condiciones, para garantizar que est\u00e9s c\u00f3modo, no importa la distancia. La autopista entre San Jos\u00e9 del Cabo y Cabo San Lucas pasa a lo largo de la orilla del mar, y de seguro tendr\u00e1s una gran vista durante todo el camino.<\/p>\n<h4>\u00bfPodemos hacer paradas en el camino?<\/h4>\n<p>Con un poco de planificaci\u00f3n previa, podemos asegurarte todas las paradas que desees hacer. Los traslados al aeropuerto normalmente incluyen una parada para comprar comestibles en el camino. Si planeas hacer varias paradas, por favor h\u00e1znoslo saber as\u00ed podemos planear todo adecuadamente.<\/p>\n<h4>\u00bfHay alg\u00fan costo por cambiar mi fecha de salida para el traslado?<\/h4>\n<p>No.\u00a0 Las transferencias familiares e individuales se pueden cambiar gratis con un m\u00ednimo de 48 horas de aviso. Para grupos m\u00e1s grandes, por favor <a href=\"http:\/\/es.cabodiscounttours.com\/contactenos\/\">cont\u00e1ctanos<\/a> para responder tus dudas.<\/p>\n<h4>\u00bfPuedo organizar mi transporte privado despu\u00e9s de mi llegada a Los Cabos?<\/h4>\n<p>Desafortunadamente, debido a las reglas del gremio de taxistas, el transporte privado (y las transferencias de vuelta al aeropuerto) deben ser reservados antes de tu llegada a Los Cabos. Aunque no podemos hacer una reserva una vez hayas llegado a Los Cabos, podemos hacer cambios en fechas y tiempos cuando est\u00e9s aqu\u00ed.<\/p>\n","protected":false},"excerpt":{"rendered":"<p>Organice su transporte desde antes de llegar! Con una amplia variedad de actividades por hacer en Los Cabos, puede que tengas que cubrir mucho terreno. Aunque muchas actividades incluyen transporte, est\u00e1s sujeto a sus horarios. Los servicios de transporte privado de Cabo pueden llevarte alrededor de Los Cabos en lujo de aire acondicionado en el [&hellip;]<\/p>\n","protected":false},"author":1,"featured_media":946,"parent":0,"menu_order":0,"comment_status":"open","ping_status":"open","template":"","meta":{"_et_pb_use_builder":"","_et_pb_old_content":"","_et_gb_content_width":"","footnotes":""},"class_list":["post-1872","page","type-page","status-publish","has-post-thumbnail","hentry"],"yoast_head":"<!-- This site is optimized with the Yoast SEO plugin v27.3 - https:\/\/yoast.com\/product\/yoast-seo-wordpress\/ -->\n<title>Transporte en Cabo - Cabo Discount Tours<\/title>\n<meta name=\"description\" content=\"Evita a los tiburones del tiempo Compartido y las pesadillas con las arrendadoras de coches! Reserva tu transporte en Cabo con tarifas de descuento! Tenemos opciones de transporte Privado o Compartido para cualquier tipo de circunstancia.\" \/>\n<meta name=\"robots\" content=\"index, follow, max-snippet:-1, max-image-preview:large, max-video-preview:-1\" \/>\n<link rel=\"canonical\" href=\"https:\/\/cabodiscounttours.com\/es\/cabo-transportacion\/\" \/>\n<meta property=\"og:locale\" content=\"es_ES\" \/>\n<meta property=\"og:type\" content=\"article\" \/>\n<meta property=\"og:title\" content=\"Transporte en Cabo - Cabo Discount Tours\" \/>\n<meta property=\"og:description\" content=\"Evita a los tiburones del tiempo Compartido y las pesadillas con las arrendadoras de coches! Reserva tu transporte en Cabo con tarifas de descuento! Tenemos opciones de transporte Privado o Compartido para cualquier tipo de circunstancia.\" \/>\n<meta property=\"og:url\" content=\"https:\/\/cabodiscounttours.com\/es\/cabo-transportacion\/\" \/>\n<meta property=\"og:site_name\" content=\"Cabo Discount Tours\" \/>\n<meta property=\"article:publisher\" content=\"http:\/\/facebook.com\/CaboDiscountTours\" \/>\n<meta property=\"article:modified_time\" content=\"2020-02-26T17:50:14+00:00\" \/>\n<meta property=\"og:image\" content=\"https:\/\/i1.wp.com\/cabodiscounttours.com\/wp-content\/uploads\/cabo-transportation.jpg?fit=800%2C600&ssl=1\" \/>\n\t<meta property=\"og:image:width\" content=\"800\" \/>\n\t<meta property=\"og:image:height\" content=\"600\" \/>\n\t<meta property=\"og:image:type\" content=\"image\/jpeg\" \/>\n<meta name=\"twitter:card\" content=\"summary_large_image\" \/>\n<meta name=\"twitter:site\" content=\"@cabogolfdeals\" \/>\n<meta name=\"twitter:label1\" content=\"Tiempo de lectura\" \/>\n\t<meta name=\"twitter:data1\" content=\"3 minutos\" \/>\n<script type=\"application\/ld+json\" class=\"yoast-schema-graph\">{\"@context\":\"https:\\\/\\\/schema.org\",\"@graph\":[{\"@type\":\"WebPage\",\"@id\":\"https:\\\/\\\/cabodiscounttours.com\\\/es\\\/cabo-transportacion\\\/\",\"url\":\"https:\\\/\\\/cabodiscounttours.com\\\/es\\\/cabo-transportacion\\\/\",\"name\":\"Transporte en Cabo - Cabo Discount Tours\",\"isPartOf\":{\"@id\":\"https:\\\/\\\/cabodiscounttours.com\\\/es\\\/#website\"},\"primaryImageOfPage\":{\"@id\":\"https:\\\/\\\/cabodiscounttours.com\\\/es\\\/cabo-transportacion\\\/#primaryimage\"},\"image\":{\"@id\":\"https:\\\/\\\/cabodiscounttours.com\\\/es\\\/cabo-transportacion\\\/#primaryimage\"},\"thumbnailUrl\":\"https:\\\/\\\/i0.wp.com\\\/cabodiscounttours.com\\\/wp-content\\\/uploads\\\/cabo-transportation.jpg?fit=800%2C600&ssl=1\",\"datePublished\":\"2015-05-21T05:39:39+00:00\",\"dateModified\":\"2020-02-26T17:50:14+00:00\",\"description\":\"Evita a los tiburones del tiempo Compartido y las pesadillas con las arrendadoras de coches! Reserva tu transporte en Cabo con tarifas de descuento! Tenemos opciones de transporte Privado o Compartido para cualquier tipo de circunstancia.\",\"breadcrumb\":{\"@id\":\"https:\\\/\\\/cabodiscounttours.com\\\/es\\\/cabo-transportacion\\\/#breadcrumb\"},\"inLanguage\":\"es\",\"potentialAction\":[{\"@type\":\"ReadAction\",\"target\":[\"https:\\\/\\\/cabodiscounttours.com\\\/es\\\/cabo-transportacion\\\/\"]}]},{\"@type\":\"ImageObject\",\"inLanguage\":\"es\",\"@id\":\"https:\\\/\\\/cabodiscounttours.com\\\/es\\\/cabo-transportacion\\\/#primaryimage\",\"url\":\"https:\\\/\\\/i0.wp.com\\\/cabodiscounttours.com\\\/wp-content\\\/uploads\\\/cabo-transportation.jpg?fit=800%2C600&ssl=1\",\"contentUrl\":\"https:\\\/\\\/i0.wp.com\\\/cabodiscounttours.com\\\/wp-content\\\/uploads\\\/cabo-transportation.jpg?fit=800%2C600&ssl=1\",\"width\":800,\"height\":600,\"caption\":\"cabo private airport transportation and shuttle services\"},{\"@type\":\"BreadcrumbList\",\"@id\":\"https:\\\/\\\/cabodiscounttours.com\\\/es\\\/cabo-transportacion\\\/#breadcrumb\",\"itemListElement\":[{\"@type\":\"ListItem\",\"position\":1,\"name\":\"Home\",\"item\":\"https:\\\/\\\/cabodiscounttours.com\\\/es\\\/\"},{\"@type\":\"ListItem\",\"position\":2,\"name\":\"Servicios de Transporte en Cabo\"}]},{\"@type\":\"WebSite\",\"@id\":\"https:\\\/\\\/cabodiscounttours.com\\\/es\\\/#website\",\"url\":\"https:\\\/\\\/cabodiscounttours.com\\\/es\\\/\",\"name\":\"Cabo Discount Tours\",\"description\":\"Discounted Tours &amp; Activities in Los Cabos Mexico\",\"potentialAction\":[{\"@type\":\"SearchAction\",\"target\":{\"@type\":\"EntryPoint\",\"urlTemplate\":\"https:\\\/\\\/cabodiscounttours.com\\\/es\\\/?s={search_term_string}\"},\"query-input\":{\"@type\":\"PropertyValueSpecification\",\"valueRequired\":true,\"valueName\":\"search_term_string\"}}],\"inLanguage\":\"es\"}]}<\/script>\n<!-- \/ Yoast SEO plugin. -->","yoast_head_json":{"title":"Transporte en Cabo - Cabo Discount Tours","description":"Evita a los tiburones del tiempo Compartido y las pesadillas con las arrendadoras de coches! Reserva tu transporte en Cabo con tarifas de descuento! Tenemos opciones de transporte Privado o Compartido para cualquier tipo de circunstancia.","robots":{"index":"index","follow":"follow","max-snippet":"max-snippet:-1","max-image-preview":"max-image-preview:large","max-video-preview":"max-video-preview:-1"},"canonical":"https:\/\/cabodiscounttours.com\/es\/cabo-transportacion\/","og_locale":"es_ES","og_type":"article","og_title":"Transporte en Cabo - Cabo Discount Tours","og_description":"Evita a los tiburones del tiempo Compartido y las pesadillas con las arrendadoras de coches! Reserva tu transporte en Cabo con tarifas de descuento! Tenemos opciones de transporte Privado o Compartido para cualquier tipo de circunstancia.","og_url":"https:\/\/cabodiscounttours.com\/es\/cabo-transportacion\/","og_site_name":"Cabo Discount Tours","article_publisher":"http:\/\/facebook.com\/CaboDiscountTours","article_modified_time":"2020-02-26T17:50:14+00:00","og_image":[{"width":800,"height":600,"url":"https:\/\/i1.wp.com\/cabodiscounttours.com\/wp-content\/uploads\/cabo-transportation.jpg?fit=800%2C600&ssl=1","type":"image\/jpeg"}],"twitter_card":"summary_large_image","twitter_site":"@cabogolfdeals","twitter_misc":{"Tiempo de lectura":"3 minutos"},"schema":{"@context":"https:\/\/schema.org","@graph":[{"@type":"WebPage","@id":"https:\/\/cabodiscounttours.com\/es\/cabo-transportacion\/","url":"https:\/\/cabodiscounttours.com\/es\/cabo-transportacion\/","name":"Transporte en Cabo - Cabo Discount Tours","isPartOf":{"@id":"https:\/\/cabodiscounttours.com\/es\/#website"},"primaryImageOfPage":{"@id":"https:\/\/cabodiscounttours.com\/es\/cabo-transportacion\/#primaryimage"},"image":{"@id":"https:\/\/cabodiscounttours.com\/es\/cabo-transportacion\/#primaryimage"},"thumbnailUrl":"https:\/\/i0.wp.com\/cabodiscounttours.com\/wp-content\/uploads\/cabo-transportation.jpg?fit=800%2C600&ssl=1","datePublished":"2015-05-21T05:39:39+00:00","dateModified":"2020-02-26T17:50:14+00:00","description":"Evita a los tiburones del tiempo Compartido y las pesadillas con las arrendadoras de coches! Reserva tu transporte en Cabo con tarifas de descuento! Tenemos opciones de transporte Privado o Compartido para cualquier tipo de circunstancia.","breadcrumb":{"@id":"https:\/\/cabodiscounttours.com\/es\/cabo-transportacion\/#breadcrumb"},"inLanguage":"es","potentialAction":[{"@type":"ReadAction","target":["https:\/\/cabodiscounttours.com\/es\/cabo-transportacion\/"]}]},{"@type":"ImageObject","inLanguage":"es","@id":"https:\/\/cabodiscounttours.com\/es\/cabo-transportacion\/#primaryimage","url":"https:\/\/i0.wp.com\/cabodiscounttours.com\/wp-content\/uploads\/cabo-transportation.jpg?fit=800%2C600&ssl=1","contentUrl":"https:\/\/i0.wp.com\/cabodiscounttours.com\/wp-content\/uploads\/cabo-transportation.jpg?fit=800%2C600&ssl=1","width":800,"height":600,"caption":"cabo private airport transportation and shuttle services"},{"@type":"BreadcrumbList","@id":"https:\/\/cabodiscounttours.com\/es\/cabo-transportacion\/#breadcrumb","itemListElement":[{"@type":"ListItem","position":1,"name":"Home","item":"https:\/\/cabodiscounttours.com\/es\/"},{"@type":"ListItem","position":2,"name":"Servicios de Transporte en Cabo"}]},{"@type":"WebSite","@id":"https:\/\/cabodiscounttours.com\/es\/#website","url":"https:\/\/cabodiscounttours.com\/es\/","name":"Cabo Discount Tours","description":"Discounted Tours &amp; Activities in Los Cabos Mexico","potentialAction":[{"@type":"SearchAction","target":{"@type":"EntryPoint","urlTemplate":"https:\/\/cabodiscounttours.com\/es\/?s={search_term_string}"},"query-input":{"@type":"PropertyValueSpecification","valueRequired":true,"valueName":"search_term_string"}}],"inLanguage":"es"}]}},"jetpack_sharing_enabled":true,"jetpack_shortlink":"https:\/\/wp.me\/P8bQYs-uc","jetpack_likes_enabled":false,"jetpack-related-posts":[{"id":9359,"url":"https:\/\/cabodiscounttours.com\/es\/pase-del-dia-wild-canyon\/","url_meta":{"origin":1872,"position":0},"title":"Pase del Dia &#8211; Wild Canyon","author":"CaboAsh","date":"18 de junio de 2020","format":false,"excerpt":"[et_pb_text disabled_on=\"on|off|off\" admin_label=\"General - Full\" _builder_version=\"4.6.0\" background_size=\"initial\" background_position=\"top_left\" background_repeat=\"repeat\" use_border_color=\"off\"\u2026","rel":"","context":"Entrada similar","block_context":{"text":"Entrada similar","link":""},"img":{"alt_text":"","src":"","width":0,"height":0},"classes":[]},{"id":1782,"url":"https:\/\/cabodiscounttours.com\/es\/tours\/wild-canyon-pase-de-dia\/","url_meta":{"origin":1872,"position":1},"title":"Wild Canyon Pase de Dia","author":"CaboAsh","date":"8 de julio de 2015","format":false,"excerpt":"","rel":"","context":"Entrada similar","block_context":{"text":"Entrada similar","link":""},"img":{"alt_text":"","src":"","width":0,"height":0},"classes":[]},{"id":1865,"url":"https:\/\/cabodiscounttours.com\/es\/servicios\/","url_meta":{"origin":1872,"position":2},"title":"Servicios","author":"CaboAsh","date":"15 de mayo de 2015","format":false,"excerpt":"Servicios adicionales, para hacer de tu tiempo en Los Cabos algo memorable. Cabo Discount Tours ofrece una variedad de diferentes servicios para hacer tu vida m\u00e1s f\u00e1cil durante tu visita a Los Cabos. Ya sea que est\u00e9s buscando traslados al aeropuerto, transporte privado, servicio de conserje, reservas\/recomendaciones de restaurantes, servicios\u2026","rel":"","context":"Entrada similar","block_context":{"text":"Entrada similar","link":""},"img":{"alt_text":"cabo private airport transportation and shuttle services","src":"https:\/\/i0.wp.com\/cabodiscounttours.com\/wp-content\/uploads\/cabo-transportation.jpg?fit=800%2C600&ssl=1&resize=350%2C200","width":350,"height":200,"srcset":"https:\/\/i0.wp.com\/cabodiscounttours.com\/wp-content\/uploads\/cabo-transportation.jpg?fit=800%2C600&ssl=1&resize=350%2C200 1x, https:\/\/i0.wp.com\/cabodiscounttours.com\/wp-content\/uploads\/cabo-transportation.jpg?fit=800%2C600&ssl=1&resize=525%2C300 1.5x, https:\/\/i0.wp.com\/cabodiscounttours.com\/wp-content\/uploads\/cabo-transportation.jpg?fit=800%2C600&ssl=1&resize=700%2C400 2x"},"classes":[]},{"id":3842,"url":"https:\/\/cabodiscounttours.com\/es\/gracias\/","url_meta":{"origin":1872,"position":3},"title":"Gracias","author":"CaboAsh","date":"7 de abril de 2016","format":false,"excerpt":"","rel":"","context":"Entrada similar","block_context":{"text":"Entrada similar","link":""},"img":{"alt_text":"","src":"","width":0,"height":0},"classes":[]},{"id":1571,"url":"https:\/\/cabodiscounttours.com\/es\/","url_meta":{"origin":1872,"position":4},"title":"Tours y Actividades en Los Cabos","author":"CaboAsh","date":"18 de julio de 2014","format":false,"excerpt":"","rel":"","context":"Entrada similar","block_context":{"text":"Entrada similar","link":""},"img":{"alt_text":"cabo discount tours, what to do in cabo san lucas, cabo st lucas, the best tours and activities in los cabos, cabo golf deals, cabo discounts, cabo discount golf, tour operators","src":"https:\/\/i0.wp.com\/cabodiscounttours.com\/wp-content\/uploads\/cabodiscount.png?fit=1200%2C569&ssl=1&resize=350%2C200","width":350,"height":200,"srcset":"https:\/\/i0.wp.com\/cabodiscounttours.com\/wp-content\/uploads\/cabodiscount.png?fit=1200%2C569&ssl=1&resize=350%2C200 1x, https:\/\/i0.wp.com\/cabodiscounttours.com\/wp-content\/uploads\/cabodiscount.png?fit=1200%2C569&ssl=1&resize=525%2C300 1.5x, https:\/\/i0.wp.com\/cabodiscounttours.com\/wp-content\/uploads\/cabodiscount.png?fit=1200%2C569&ssl=1&resize=700%2C400 2x, https:\/\/i0.wp.com\/cabodiscounttours.com\/wp-content\/uploads\/cabodiscount.png?fit=1200%2C569&ssl=1&resize=1050%2C600 3x"},"classes":[]},{"id":1727,"url":"https:\/\/cabodiscounttours.com\/es\/tours\/bungee-jumping-los-cabos\/","url_meta":{"origin":1872,"position":5},"title":"Bungee Jumping &#8211; Bungee Bombers","author":"CaboAsh","date":"8 de julio de 2015","format":false,"excerpt":"","rel":"","context":"Entrada similar","block_context":{"text":"Entrada similar","link":""},"img":{"alt_text":"perfect form bungee jumping in wild canyon cabo activities to try a bungee jump cabo","src":"https:\/\/i0.wp.com\/cabodiscounttours.com\/wp-content\/uploads\/bungee-jump-freedom.jpg?fit=1024%2C682&ssl=1&resize=350%2C200","width":350,"height":200,"srcset":"https:\/\/i0.wp.com\/cabodiscounttours.com\/wp-content\/uploads\/bungee-jump-freedom.jpg?fit=1024%2C682&ssl=1&resize=350%2C200 1x, https:\/\/i0.wp.com\/cabodiscounttours.com\/wp-content\/uploads\/bungee-jump-freedom.jpg?fit=1024%2C682&ssl=1&resize=525%2C300 1.5x, https:\/\/i0.wp.com\/cabodiscounttours.com\/wp-content\/uploads\/bungee-jump-freedom.jpg?fit=1024%2C682&ssl=1&resize=700%2C400 2x"},"classes":[]}],"_links":{"self":[{"href":"https:\/\/cabodiscounttours.com\/es\/wp-json\/wp\/v2\/pages\/1872","targetHints":{"allow":["GET"]}}],"collection":[{"href":"https:\/\/cabodiscounttours.com\/es\/wp-json\/wp\/v2\/pages"}],"about":[{"href":"https:\/\/cabodiscounttours.com\/es\/wp-json\/wp\/v2\/types\/page"}],"author":[{"embeddable":true,"href":"https:\/\/cabodiscounttours.com\/es\/wp-json\/wp\/v2\/users\/1"}],"replies":[{"embeddable":true,"href":"https:\/\/cabodiscounttours.com\/es\/wp-json\/wp\/v2\/comments?post=1872"}],"version-history":[{"count":2,"href":"https:\/\/cabodiscounttours.com\/es\/wp-json\/wp\/v2\/pages\/1872\/revisions"}],"predecessor-version":[{"id":7701,"href":"https:\/\/cabodiscounttours.com\/es\/wp-json\/wp\/v2\/pages\/1872\/revisions\/7701"}],"wp:featuredmedia":[{"embeddable":true,"href":"https:\/\/cabodiscounttours.com\/es\/wp-json\/wp\/v2\/media\/946"}],"wp:attachment":[{"href":"https:\/\/cabodiscounttours.com\/es\/wp-json\/wp\/v2\/media?parent=1872"}],"curies":[{"name":"wp","href":"https:\/\/api.w.org\/{rel}","templated":true}]}}