{"id":1888,"date":"2015-02-01T02:13:52","date_gmt":"2015-02-01T09:13:52","guid":{"rendered":"http:\/\/cabodiscounttours.com\/?page_id=1888"},"modified":"2015-11-10T12:05:14","modified_gmt":"2015-11-10T19:05:14","slug":"alojamiento","status":"publish","type":"page","link":"https:\/\/cabodiscounttours.com\/es\/alojamiento\/","title":{"rendered":"Cabo Villas &#8211; Hotels &#038; Villas en Los Cabos"},"content":{"rendered":"<h2>Alquilla Villas y Hotels en Cabo San Lucas<\/h2>\n<h3>Alquila Hotels, Villas, Casas y semanas de Tiempo Compartido en Los Cabos<\/h3>\n<p>Si esta buscando lo mejor alojamiento en Los Cabos, hecha un ojo a nuestras ofertas.\u00a0 Tenemos opciones para todos, incluyendo hotels economicas, semanas de tiempos Compartidos Casas y <em>Villas Lujosas<\/em>.\u00a0 Comuniquese con nosotros y dejanos encontrar el lugar perfecto para sus <em><strong>vacaciones en Cabo San Lucas<\/strong><\/em>.<\/p>\n<p>si no encuentren exactamente lo que estan buscando en nuestras paginas, por favor cont\u00e1ctenos.\u00a0 Estamos siempre mejorando nuestros servicios y adicionando nuevas propiedades a nuestro inventario.<\/p>\n<p>Dejanos organizar tus vacaciones en Los Cabos, para que puedes disfrutarlos desde el momento que aterriza el avi\u00f3n.<\/p>\n<p>Podemos ofrecer varias servicios con su renta, incluyendo traslado del aeropuerto, servicio concierge, cocinero privado, compra de mercado, y la mejor variedad de actividades en Los Cabos.<\/p>\n<h6 style=\"text-align: right;\"><span style=\"color: #c8c8c8;\">*Aunque ofrecemos semanas de Tiempo Compartidos rentado por sus due\u00f1os, no promocionamos presentaciones de Tiempo Compartidos.<\/span><\/h6>\n","protected":false},"excerpt":{"rendered":"<p>Alquilla Villas y Hotels en Cabo San Lucas Alquila Hotels, Villas, Casas y semanas de Tiempo Compartido en Los Cabos Si esta buscando lo mejor alojamiento en Los Cabos, hecha un ojo a nuestras ofertas.\u00a0 Tenemos opciones para todos, incluyendo hotels economicas, semanas de tiempos Compartidos Casas y Villas Lujosas.\u00a0 Comuniquese con nosotros y dejanos [&hellip;]<\/p>\n","protected":false},"author":1,"featured_media":280,"parent":0,"menu_order":0,"comment_status":"open","ping_status":"open","template":"","meta":{"_et_pb_use_builder":"on","_et_pb_old_content":"<h2>Cabo Rental Accommodation<\/h2>\r\n<h3>Rent Hotels, Villas, Houses and Time Share weeks in Los Cabos<\/h3>\r\nIf you're looking for accommodation in Los Cabos, look no further.\u00a0 We offer a variety of Cabo rentals for any budget.\u00a0 Whether you're looking for a hotel room, Time Share Rentals, 3-4 Bedroom Villas, or a Luxury 7+ bedroom House, we have what you're looking for.\r\n\r\nIf you don't see what exactly what you're after in our pages, please <a title=\"Contact\" href=\"https:\/\/cabodiscounttours.com\/contact\/\">contact us<\/a>.\u00a0 We are constantly trying to improve our Cabo Rental inventory and thus constantly adding new properties.\r\n\r\nWe are happy to work with you to create an all-inclusive for accommodations, transportation and activities.\r\n\r\nWith any of our Cabo rentals, we are happy to offer a variety of additional services, including; airport transportation, concierge, private chef, pre-arrival shopping, and so much more.\r\n<h6 style=\"text-align: right;\"><span style=\"color: #c8c8c8;\">*Although we rent Time Share properties on behalf of owners, we do not in any way promote Timeshare sales presentations.<\/span><\/h6>\r\n<script type=\"text\/javascript\" id=\"tascript\" ta-id=\"321\" src=\"https:\/\/www.cabovacationservices.com\/js\/cabosanlucas.js\"><\/script>","_et_gb_content_width":"","footnotes":""},"class_list":["post-1888","page","type-page","status-publish","has-post-thumbnail","hentry"],"yoast_head":"<!-- This site is optimized with the Yoast SEO plugin v27.4 - https:\/\/yoast.com\/product\/yoast-seo-wordpress\/ -->\n<title>Renta de Hotels y Villas en Los Cabos - Cabo Discount Tours<\/title>\n<meta name=\"description\" content=\"Encuentra lo mejor alojamiento para tus vacaciones a Los Cabos. Tenemos una buena selecci\u00f3n de Hoteles, Casas y Villas Lujosas en Cabo San Lucas.\" \/>\n<meta name=\"robots\" content=\"index, follow, max-snippet:-1, max-image-preview:large, max-video-preview:-1\" \/>\n<link rel=\"canonical\" href=\"https:\/\/cabodiscounttours.com\/es\/alojamiento\/\" \/>\n<meta property=\"og:locale\" content=\"es_ES\" \/>\n<meta property=\"og:type\" content=\"article\" \/>\n<meta property=\"og:title\" content=\"Renta de Hotels y Villas en Los Cabos - Cabo Discount Tours\" \/>\n<meta property=\"og:description\" content=\"Encuentra lo mejor alojamiento para tus vacaciones a Los Cabos. Tenemos una buena selecci\u00f3n de Hoteles, Casas y Villas Lujosas en Cabo San Lucas.\" \/>\n<meta property=\"og:url\" content=\"https:\/\/cabodiscounttours.com\/es\/alojamiento\/\" \/>\n<meta property=\"og:site_name\" content=\"Cabo Discount Tours\" \/>\n<meta property=\"article:publisher\" content=\"http:\/\/facebook.com\/CaboDiscountTours\" \/>\n<meta property=\"article:modified_time\" content=\"2015-11-10T19:05:14+00:00\" \/>\n<meta property=\"og:image\" content=\"https:\/\/i0.wp.com\/cabodiscounttours.com\/wp-content\/uploads\/bahia-hotel-cabo-san-lucas-pool.jpg?fit=595%2C450&ssl=1\" \/>\n\t<meta property=\"og:image:width\" content=\"595\" \/>\n\t<meta property=\"og:image:height\" content=\"450\" \/>\n\t<meta property=\"og:image:type\" content=\"image\/jpeg\" \/>\n<meta name=\"twitter:card\" content=\"summary_large_image\" \/>\n<meta name=\"twitter:site\" content=\"@cabogolfdeals\" \/>\n<meta name=\"twitter:label1\" content=\"Tiempo de lectura\" \/>\n\t<meta name=\"twitter:data1\" content=\"1 minuto\" \/>\n<script type=\"application\/ld+json\" class=\"yoast-schema-graph\">{\"@context\":\"https:\\\/\\\/schema.org\",\"@graph\":[{\"@type\":\"WebPage\",\"@id\":\"https:\\\/\\\/cabodiscounttours.com\\\/es\\\/alojamiento\\\/\",\"url\":\"https:\\\/\\\/cabodiscounttours.com\\\/es\\\/alojamiento\\\/\",\"name\":\"Renta de Hotels y Villas en Los Cabos - Cabo Discount Tours\",\"isPartOf\":{\"@id\":\"https:\\\/\\\/cabodiscounttours.com\\\/es\\\/#website\"},\"primaryImageOfPage\":{\"@id\":\"https:\\\/\\\/cabodiscounttours.com\\\/es\\\/alojamiento\\\/#primaryimage\"},\"image\":{\"@id\":\"https:\\\/\\\/cabodiscounttours.com\\\/es\\\/alojamiento\\\/#primaryimage\"},\"thumbnailUrl\":\"https:\\\/\\\/i0.wp.com\\\/cabodiscounttours.com\\\/wp-content\\\/uploads\\\/bahia-hotel-cabo-san-lucas-pool.jpg?fit=595%2C450&ssl=1\",\"datePublished\":\"2015-02-01T09:13:52+00:00\",\"dateModified\":\"2015-11-10T19:05:14+00:00\",\"description\":\"Encuentra lo mejor alojamiento para tus vacaciones a Los Cabos. Tenemos una buena selecci\u00f3n de Hoteles, Casas y Villas Lujosas en Cabo San Lucas.\",\"breadcrumb\":{\"@id\":\"https:\\\/\\\/cabodiscounttours.com\\\/es\\\/alojamiento\\\/#breadcrumb\"},\"inLanguage\":\"es\",\"potentialAction\":[{\"@type\":\"ReadAction\",\"target\":[\"https:\\\/\\\/cabodiscounttours.com\\\/es\\\/alojamiento\\\/\"]}]},{\"@type\":\"ImageObject\",\"inLanguage\":\"es\",\"@id\":\"https:\\\/\\\/cabodiscounttours.com\\\/es\\\/alojamiento\\\/#primaryimage\",\"url\":\"https:\\\/\\\/i0.wp.com\\\/cabodiscounttours.com\\\/wp-content\\\/uploads\\\/bahia-hotel-cabo-san-lucas-pool.jpg?fit=595%2C450&ssl=1\",\"contentUrl\":\"https:\\\/\\\/i0.wp.com\\\/cabodiscounttours.com\\\/wp-content\\\/uploads\\\/bahia-hotel-cabo-san-lucas-pool.jpg?fit=595%2C450&ssl=1\",\"width\":595,\"height\":450,\"caption\":\"Pool at Bahia hotel and beach club in Cabo San Lucas Mexico\"},{\"@type\":\"BreadcrumbList\",\"@id\":\"https:\\\/\\\/cabodiscounttours.com\\\/es\\\/alojamiento\\\/#breadcrumb\",\"itemListElement\":[{\"@type\":\"ListItem\",\"position\":1,\"name\":\"Home\",\"item\":\"https:\\\/\\\/cabodiscounttours.com\\\/es\\\/\"},{\"@type\":\"ListItem\",\"position\":2,\"name\":\"Cabo Villas &#8211; Hotels &#038; Villas en Los Cabos\"}]},{\"@type\":\"WebSite\",\"@id\":\"https:\\\/\\\/cabodiscounttours.com\\\/es\\\/#website\",\"url\":\"https:\\\/\\\/cabodiscounttours.com\\\/es\\\/\",\"name\":\"Cabo Discount Tours\",\"description\":\"Discounted Tours &amp; Activities in Los Cabos Mexico\",\"potentialAction\":[{\"@type\":\"SearchAction\",\"target\":{\"@type\":\"EntryPoint\",\"urlTemplate\":\"https:\\\/\\\/cabodiscounttours.com\\\/es\\\/?s={search_term_string}\"},\"query-input\":{\"@type\":\"PropertyValueSpecification\",\"valueRequired\":true,\"valueName\":\"search_term_string\"}}],\"inLanguage\":\"es\"}]}<\/script>\n<!-- \/ Yoast SEO plugin. -->","yoast_head_json":{"title":"Renta de Hotels y Villas en Los Cabos - Cabo Discount Tours","description":"Encuentra lo mejor alojamiento para tus vacaciones a Los Cabos. Tenemos una buena selecci\u00f3n de Hoteles, Casas y Villas Lujosas en Cabo San Lucas.","robots":{"index":"index","follow":"follow","max-snippet":"max-snippet:-1","max-image-preview":"max-image-preview:large","max-video-preview":"max-video-preview:-1"},"canonical":"https:\/\/cabodiscounttours.com\/es\/alojamiento\/","og_locale":"es_ES","og_type":"article","og_title":"Renta de Hotels y Villas en Los Cabos - Cabo Discount Tours","og_description":"Encuentra lo mejor alojamiento para tus vacaciones a Los Cabos. Tenemos una buena selecci\u00f3n de Hoteles, Casas y Villas Lujosas en Cabo San Lucas.","og_url":"https:\/\/cabodiscounttours.com\/es\/alojamiento\/","og_site_name":"Cabo Discount Tours","article_publisher":"http:\/\/facebook.com\/CaboDiscountTours","article_modified_time":"2015-11-10T19:05:14+00:00","og_image":[{"width":595,"height":450,"url":"https:\/\/i0.wp.com\/cabodiscounttours.com\/wp-content\/uploads\/bahia-hotel-cabo-san-lucas-pool.jpg?fit=595%2C450&ssl=1","type":"image\/jpeg"}],"twitter_card":"summary_large_image","twitter_site":"@cabogolfdeals","twitter_misc":{"Tiempo de lectura":"1 minuto"},"schema":{"@context":"https:\/\/schema.org","@graph":[{"@type":"WebPage","@id":"https:\/\/cabodiscounttours.com\/es\/alojamiento\/","url":"https:\/\/cabodiscounttours.com\/es\/alojamiento\/","name":"Renta de Hotels y Villas en Los Cabos - Cabo Discount Tours","isPartOf":{"@id":"https:\/\/cabodiscounttours.com\/es\/#website"},"primaryImageOfPage":{"@id":"https:\/\/cabodiscounttours.com\/es\/alojamiento\/#primaryimage"},"image":{"@id":"https:\/\/cabodiscounttours.com\/es\/alojamiento\/#primaryimage"},"thumbnailUrl":"https:\/\/i0.wp.com\/cabodiscounttours.com\/wp-content\/uploads\/bahia-hotel-cabo-san-lucas-pool.jpg?fit=595%2C450&ssl=1","datePublished":"2015-02-01T09:13:52+00:00","dateModified":"2015-11-10T19:05:14+00:00","description":"Encuentra lo mejor alojamiento para tus vacaciones a Los Cabos. Tenemos una buena selecci\u00f3n de Hoteles, Casas y Villas Lujosas en Cabo San Lucas.","breadcrumb":{"@id":"https:\/\/cabodiscounttours.com\/es\/alojamiento\/#breadcrumb"},"inLanguage":"es","potentialAction":[{"@type":"ReadAction","target":["https:\/\/cabodiscounttours.com\/es\/alojamiento\/"]}]},{"@type":"ImageObject","inLanguage":"es","@id":"https:\/\/cabodiscounttours.com\/es\/alojamiento\/#primaryimage","url":"https:\/\/i0.wp.com\/cabodiscounttours.com\/wp-content\/uploads\/bahia-hotel-cabo-san-lucas-pool.jpg?fit=595%2C450&ssl=1","contentUrl":"https:\/\/i0.wp.com\/cabodiscounttours.com\/wp-content\/uploads\/bahia-hotel-cabo-san-lucas-pool.jpg?fit=595%2C450&ssl=1","width":595,"height":450,"caption":"Pool at Bahia hotel and beach club in Cabo San Lucas Mexico"},{"@type":"BreadcrumbList","@id":"https:\/\/cabodiscounttours.com\/es\/alojamiento\/#breadcrumb","itemListElement":[{"@type":"ListItem","position":1,"name":"Home","item":"https:\/\/cabodiscounttours.com\/es\/"},{"@type":"ListItem","position":2,"name":"Cabo Villas &#8211; Hotels &#038; Villas en Los Cabos"}]},{"@type":"WebSite","@id":"https:\/\/cabodiscounttours.com\/es\/#website","url":"https:\/\/cabodiscounttours.com\/es\/","name":"Cabo Discount Tours","description":"Discounted Tours &amp; Activities in Los Cabos Mexico","potentialAction":[{"@type":"SearchAction","target":{"@type":"EntryPoint","urlTemplate":"https:\/\/cabodiscounttours.com\/es\/?s={search_term_string}"},"query-input":{"@type":"PropertyValueSpecification","valueRequired":true,"valueName":"search_term_string"}}],"inLanguage":"es"}]}},"jetpack_sharing_enabled":true,"jetpack_shortlink":"https:\/\/wp.me\/P8bQYs-us","jetpack_likes_enabled":false,"jetpack-related-posts":[{"id":1865,"url":"https:\/\/cabodiscounttours.com\/es\/servicios\/","url_meta":{"origin":1888,"position":0},"title":"Servicios","author":"CaboAsh","date":"15 de mayo de 2015","format":false,"excerpt":"Servicios adicionales, para hacer de tu tiempo en Los Cabos algo memorable. Cabo Discount Tours ofrece una variedad de diferentes servicios para hacer tu vida m\u00e1s f\u00e1cil durante tu visita a Los Cabos. Ya sea que est\u00e9s buscando traslados al aeropuerto, transporte privado, servicio de conserje, reservas\/recomendaciones de restaurantes, servicios\u2026","rel":"","context":"Entrada similar","block_context":{"text":"Entrada similar","link":""},"img":{"alt_text":"cabo private airport transportation and shuttle services","src":"https:\/\/i0.wp.com\/cabodiscounttours.com\/wp-content\/uploads\/cabo-transportation.jpg?fit=800%2C600&ssl=1&resize=350%2C200","width":350,"height":200,"srcset":"https:\/\/i0.wp.com\/cabodiscounttours.com\/wp-content\/uploads\/cabo-transportation.jpg?fit=800%2C600&ssl=1&resize=350%2C200 1x, https:\/\/i0.wp.com\/cabodiscounttours.com\/wp-content\/uploads\/cabo-transportation.jpg?fit=800%2C600&ssl=1&resize=525%2C300 1.5x, https:\/\/i0.wp.com\/cabodiscounttours.com\/wp-content\/uploads\/cabo-transportation.jpg?fit=800%2C600&ssl=1&resize=700%2C400 2x"},"classes":[]},{"id":1872,"url":"https:\/\/cabodiscounttours.com\/es\/cabo-transportacion\/","url_meta":{"origin":1888,"position":1},"title":"Servicios de Transporte en Cabo","author":"CaboAsh","date":"20 de mayo de 2015","format":false,"excerpt":"Organice su transporte desde antes de llegar! Con una amplia variedad de actividades por hacer en Los Cabos, puede que tengas que cubrir mucho terreno. Aunque muchas actividades incluyen transporte, est\u00e1s sujeto a sus horarios. Los servicios de transporte privado de Cabo pueden llevarte alrededor de Los Cabos en lujo\u2026","rel":"","context":"Entrada similar","block_context":{"text":"Entrada similar","link":""},"img":{"alt_text":"cabo private airport transportation and shuttle services","src":"https:\/\/i0.wp.com\/cabodiscounttours.com\/wp-content\/uploads\/cabo-transportation.jpg?fit=800%2C600&ssl=1&resize=350%2C200","width":350,"height":200,"srcset":"https:\/\/i0.wp.com\/cabodiscounttours.com\/wp-content\/uploads\/cabo-transportation.jpg?fit=800%2C600&ssl=1&resize=350%2C200 1x, https:\/\/i0.wp.com\/cabodiscounttours.com\/wp-content\/uploads\/cabo-transportation.jpg?fit=800%2C600&ssl=1&resize=525%2C300 1.5x, https:\/\/i0.wp.com\/cabodiscounttours.com\/wp-content\/uploads\/cabo-transportation.jpg?fit=800%2C600&ssl=1&resize=700%2C400 2x"},"classes":[]},{"id":1571,"url":"https:\/\/cabodiscounttours.com\/es\/","url_meta":{"origin":1888,"position":2},"title":"Tours y Actividades en Los Cabos","author":"CaboAsh","date":"18 de julio de 2014","format":false,"excerpt":"","rel":"","context":"Entrada similar","block_context":{"text":"Entrada similar","link":""},"img":{"alt_text":"cabo discount tours, what to do in cabo san lucas, cabo st lucas, the best tours and activities in los cabos, cabo golf deals, cabo discounts, cabo discount golf, tour operators","src":"https:\/\/i0.wp.com\/cabodiscounttours.com\/wp-content\/uploads\/cabodiscount.png?fit=1200%2C569&ssl=1&resize=350%2C200","width":350,"height":200,"srcset":"https:\/\/i0.wp.com\/cabodiscounttours.com\/wp-content\/uploads\/cabodiscount.png?fit=1200%2C569&ssl=1&resize=350%2C200 1x, https:\/\/i0.wp.com\/cabodiscounttours.com\/wp-content\/uploads\/cabodiscount.png?fit=1200%2C569&ssl=1&resize=525%2C300 1.5x, https:\/\/i0.wp.com\/cabodiscounttours.com\/wp-content\/uploads\/cabodiscount.png?fit=1200%2C569&ssl=1&resize=700%2C400 2x, https:\/\/i0.wp.com\/cabodiscounttours.com\/wp-content\/uploads\/cabodiscount.png?fit=1200%2C569&ssl=1&resize=1050%2C600 3x"},"classes":[]},{"id":1947,"url":"https:\/\/cabodiscounttours.com\/es\/alojamiento\/las-residencias-en-casa-del-mar\/","url_meta":{"origin":1888,"position":3},"title":"Las Residencias en Casa del Mar","author":"CaboAsh","date":"4 de noviembre de 2015","format":false,"excerpt":"","rel":"","context":"Entrada similar","block_context":{"text":"Entrada similar","link":""},"img":{"alt_text":"view from jacuzzi las residencias golf resort and spa located in casa del mar cabo san lucas","src":"https:\/\/i0.wp.com\/cabodiscounttours.com\/wp-content\/uploads\/las-residencias-jacuzzi.jpg?fit=1024%2C765&ssl=1&resize=350%2C200","width":350,"height":200,"srcset":"https:\/\/i0.wp.com\/cabodiscounttours.com\/wp-content\/uploads\/las-residencias-jacuzzi.jpg?fit=1024%2C765&ssl=1&resize=350%2C200 1x, https:\/\/i0.wp.com\/cabodiscounttours.com\/wp-content\/uploads\/las-residencias-jacuzzi.jpg?fit=1024%2C765&ssl=1&resize=525%2C300 1.5x, https:\/\/i0.wp.com\/cabodiscounttours.com\/wp-content\/uploads\/las-residencias-jacuzzi.jpg?fit=1024%2C765&ssl=1&resize=700%2C400 2x"},"classes":[]},{"id":1602,"url":"https:\/\/cabodiscounttours.com\/es\/tours-en-cuatrimoto\/","url_meta":{"origin":1888,"position":4},"title":"Tours en Cuatrimoto &#8211; Los Mejores tours en Los Cabos","author":"CaboAsh","date":"8 de agosto de 2014","format":false,"excerpt":"","rel":"","context":"Entrada similar","block_context":{"text":"Entrada similar","link":""},"img":{"alt_text":"Discount ATV Adventure tours churning up sand on the beach Wild Canyon, Cabo San Lucas, Los Cabos cabo san lucas land tours","src":"https:\/\/i0.wp.com\/cabodiscounttours.com\/wp-content\/uploads\/ATV-Adventure-Off-Road-Runners-Beach.jpg?fit=1024%2C682&ssl=1&resize=350%2C200","width":350,"height":200,"srcset":"https:\/\/i0.wp.com\/cabodiscounttours.com\/wp-content\/uploads\/ATV-Adventure-Off-Road-Runners-Beach.jpg?fit=1024%2C682&ssl=1&resize=350%2C200 1x, https:\/\/i0.wp.com\/cabodiscounttours.com\/wp-content\/uploads\/ATV-Adventure-Off-Road-Runners-Beach.jpg?fit=1024%2C682&ssl=1&resize=525%2C300 1.5x, https:\/\/i0.wp.com\/cabodiscounttours.com\/wp-content\/uploads\/ATV-Adventure-Off-Road-Runners-Beach.jpg?fit=1024%2C682&ssl=1&resize=700%2C400 2x"},"classes":[]},{"id":3842,"url":"https:\/\/cabodiscounttours.com\/es\/gracias\/","url_meta":{"origin":1888,"position":5},"title":"Gracias","author":"CaboAsh","date":"7 de abril de 2016","format":false,"excerpt":"","rel":"","context":"Entrada similar","block_context":{"text":"Entrada similar","link":""},"img":{"alt_text":"","src":"","width":0,"height":0},"classes":[]}],"_links":{"self":[{"href":"https:\/\/cabodiscounttours.com\/es\/wp-json\/wp\/v2\/pages\/1888","targetHints":{"allow":["GET"]}}],"collection":[{"href":"https:\/\/cabodiscounttours.com\/es\/wp-json\/wp\/v2\/pages"}],"about":[{"href":"https:\/\/cabodiscounttours.com\/es\/wp-json\/wp\/v2\/types\/page"}],"author":[{"embeddable":true,"href":"https:\/\/cabodiscounttours.com\/es\/wp-json\/wp\/v2\/users\/1"}],"replies":[{"embeddable":true,"href":"https:\/\/cabodiscounttours.com\/es\/wp-json\/wp\/v2\/comments?post=1888"}],"version-history":[{"count":1,"href":"https:\/\/cabodiscounttours.com\/es\/wp-json\/wp\/v2\/pages\/1888\/revisions"}],"predecessor-version":[{"id":1889,"href":"https:\/\/cabodiscounttours.com\/es\/wp-json\/wp\/v2\/pages\/1888\/revisions\/1889"}],"wp:featuredmedia":[{"embeddable":true,"href":"https:\/\/cabodiscounttours.com\/es\/wp-json\/wp\/v2\/media\/280"}],"wp:attachment":[{"href":"https:\/\/cabodiscounttours.com\/es\/wp-json\/wp\/v2\/media?parent=1888"}],"curies":[{"name":"wp","href":"https:\/\/api.w.org\/{rel}","templated":true}]}}