{"id":3842,"date":"2016-04-07T12:49:51","date_gmt":"2016-04-07T18:49:51","guid":{"rendered":"http:\/\/cabodiscounttours.com\/gracias\/"},"modified":"2018-02-05T13:15:41","modified_gmt":"2018-02-05T20:15:41","slug":"gracias","status":"publish","type":"page","link":"https:\/\/cabodiscounttours.com\/es\/gracias\/","title":{"rendered":"Gracias"},"content":{"rendered":"<p>[et_pb_section bb_built=\u00bb1&#8243;][et_pb_row][et_pb_column type=\u00bb3_4&#8243;][et_pb_text admin_label=\u00bbBody Text\u00bb _builder_version=\u00bb3.0.100&#8243; background_layout=\u00bblight\u00bb]<\/p>\n<h1>Gracias por contactarnos.<\/h1>\n<p>Su mensaje ha sido enviado a nuestro equipo de <strong> expertos de Los Cabos <\/ strong> y en breve recibir\u00e1 una respuesta a su consulta.<\/p>\n<p>Si por alguna raz\u00f3n no recibe una respuesta dentro de las 24 horas, revise su buz\u00f3n de SPAM o no dude en llamarnos.<\/p>\n<p>Tenemos una variedad de otros <a href=\"http:\/\/es.cabodiscounttours.com\"> tours y actividades <\/a> y estamos encantados de recomendar restaurantes o incluso hacer reservas en su nombre. H\u00e1ganos saber si podemos ayudarlo de alguna otra manera durante su proceso de planificaci\u00f3n.<\/p>\n<p>Aseg\u00farate de consultar el <a href=\"http:\/\/es.cabodiscounttours.com\/clima-en-cabo-san-lucas\/\"> clima en Cabo <\/a> antes de venir para aprovechar al m\u00e1ximo tu tiempo.<\/p>\n<p>Estamos en <em> <strong>Cabo Discount Tours <\/ strong> <\/ em>, en asociaci\u00f3n con <a href=\"http:\/\/cabogolfdeals.com\"> <em> <strong> Cabo Golf Deals <\/ strong> <\/ em> <\/a> trabaje duro para ofrecer las mejores opciones para sus vacaciones en Los Cabos.<\/p>\n<p>Tenemos una variedad de otros servicios que pueden interesarle durante su estad\u00eda en Los Cabos, incluidos <em> <strong> servicios de transporte privado <\/ strong> <\/ em><\/p>\n<p><!-- Google Code for CDT Made Contact Conversion Page --><br \/>\n<script type=\"text\/javascript\">\n\/* <![CDATA[ *\/ var google_conversion_id = 966980125; var google_conversion_label = \"L46jCNLRjmsQneSLzQM\"; var google_remarketing_only = false; \/* ]]> *\/\n<\/script><\/p>\n<p>[\/et_pb_text][et_pb_text admin_label=\u00bbReviews\u00bb _builder_version=\u00bb3.0.100&#8243; background_layout=\u00bblight\u00bb]<\/p>\n<p class=\"p1\"><span class=\"s1\"><div data-wpcr3-content=\"-1\"><div class='wpcr3_respond_1 ' data-ajaxurl='[\"https:||cabodiscounttours\",\"com|wp-admin|admin-ajax\",\"php?action=wpcr3-ajax\"]' data-on-postid='3842'data-postid='-1'><div class=\"wpcr3_reviews_holder\"><div class=\"wpcr3_review_item\"><div class=\"wpcr3_item wpcr3_business\" itemscope itemtype=\"https:\/\/schema.org\/LocalBusiness\"><meta itemprop=\"name\" content=\"Cabo Discount Tours\" \/><meta itemprop=\"url\" content=\"https:\/\/cabodiscounttours.com\/es\/\" \/><meta itemprop=\"image\" content=\"https:\/\/cabodiscounttours.com\/wp-content\/plugins\/wp-customer-reviews\/css\/1x1.png\" \/><meta itemprop=\"telephone\" content=\"(619) 780-8230\" \/><div class=\"wpcr3_hide\" itemprop=\"address\" itemscope itemtype=\"https:\/\/schema.org\/PostalAddress\"><meta itemprop=\"streetAddress\"content=\"Tabachines\" \/><meta itemprop=\"addressLocality\" content=\"Cabo San lucas\" \/><meta itemprop=\"addressRegion\" content=\"BCS\" \/><meta itemprop=\"postalCode\" content=\"23460\" \/><\/div><div class=\"wpcr3_dotline\"><\/div><div id=\"wpcr3_id_12482\" class=\"wpcr3_review\" itemprop=\"review\" itemscope itemtype=\"https:\/\/schema.org\/Review\"><div class=\"wpcr3_hide\" itemprop=\"author\" itemscope itemtype=\"https:\/\/schema.org\/Person\"><div itemprop=\"name\">Paul<\/div><\/div><div class=\"wpcr3_hide\" itemprop=\"reviewRating\" itemscope itemtype=\"https:\/\/schema.org\/Rating\"><meta itemprop=\"bestRating\" content=\"5\" \/><meta itemprop=\"worstRating\" content=\"1\" \/><meta itemprop=\"ratingValue\" content=\"5\" \/><\/div><div class=\"wpcr3_review_ratingValue\"><div class=\"wpcr3_rating_style1\"><div class=\"wpcr3_rating_style1_base \"><div class=\"wpcr3_rating_style1_average\" style=\"width:100%;\"><\/div><\/div><\/div><\/div><div class=\"wpcr3_review_datePublished\" itemprop=\"datePublished\">Mar 10, 2025<\/div><div class=\"wpcr3_review_author\">&nbsp;by&nbsp;<span class=\"wpcr3_caps\">Paul<\/span>&nbsp;on&nbsp;<span class=\"wpcr3_item_name\"><a href=\"https:\/\/cabodiscounttours.com\/tours\/cabo-private-sunset-cruise\/\">Cabo Discount Tours<\/a><\/span><\/div><div class=\"wpcr3_clear\"><\/div><div class=\"wpcr3_review_title wpcr3_caps\">Great Evening on the Papillon<\/div><div class=\"wpcr3_clear\"><\/div><div class=\"wpcr3_review_customs\"><div class=\"wpcr3_review_custom\"><span class=\"wpcr3_review_custom_label\">Tour\/Activity:<\/span> <span class=\"wpcr3_review_custom_value\">Sunset Cruise<\/span><\/div><\/div><div class=\"wpcr3_clear\"><\/div><blockquote class=\"wpcr3_content\" itemprop=\"reviewBody\"><p>On March 6th, we had 22 of us for a private three hour sunset cruise on the Papillon. It was such a ... <a href='https:\/\/cabodiscounttours.com\/tours\/cabo-private-sunset-cruise\/#wpcr3_id_12482'>\u201cview<\/a><\/p><\/blockquote><blockquote class=\"wpcr3_content wpcr3_admin_response\"><p>Thanks for your kind words Paul.  Glad your group enjoyed their time with us in Los Cabos.  We look forward to having you again soon.<\/p><\/blockquote><\/div><\/div><\/div><div class=\"wpcr3_review_item\"><div class=\"wpcr3_item wpcr3_product\" itemscope itemtype=\"https:\/\/schema.org\/Product\"><meta itemprop=\"name\" content=\"Golf in Cabo San Lucas\" \/><meta itemprop=\"brand\" content=\"\" \/><meta itemprop=\"productID\" content=\"\" \/><meta itemprop=\"image\" content=\"https:\/\/cabodiscounttours.com\/wp-content\/plugins\/wp-customer-reviews\/css\/1x1.png\" \/><div class=\"wpcr3_dotline\"><\/div><div id=\"wpcr3_id_10800\" class=\"wpcr3_review\" itemprop=\"review\" itemscope itemtype=\"https:\/\/schema.org\/Review\"><div class=\"wpcr3_hide\" itemprop=\"author\" itemscope itemtype=\"https:\/\/schema.org\/Person\"><div itemprop=\"name\">Julian L<\/div><\/div><div class=\"wpcr3_hide\" itemprop=\"reviewRating\" itemscope itemtype=\"https:\/\/schema.org\/Rating\"><meta itemprop=\"bestRating\" content=\"5\" \/><meta itemprop=\"worstRating\" content=\"1\" \/><meta itemprop=\"ratingValue\" content=\"5\" \/><\/div><div class=\"wpcr3_review_ratingValue\"><div class=\"wpcr3_rating_style1\"><div class=\"wpcr3_rating_style1_base \"><div class=\"wpcr3_rating_style1_average\" style=\"width:100%;\"><\/div><\/div><\/div><\/div><div class=\"wpcr3_review_datePublished\" itemprop=\"datePublished\">Jun 20, 2024<\/div><div class=\"wpcr3_review_author\">&nbsp;by&nbsp;<span class=\"wpcr3_caps\">Julian L<\/span>&nbsp;on&nbsp;<span class=\"wpcr3_item_name\"><a href=\"https:\/\/cabodiscounttours.com\/discount-golf-cabo-san-lucas\/\">Golf in Cabo San Lucas<\/a><\/span><\/div><div class=\"wpcr3_clear\"><\/div><div class=\"wpcr3_review_title wpcr3_caps\">Cabo Real Golf<\/div><div class=\"wpcr3_clear\"><\/div><div class=\"wpcr3_review_customs\"><div class=\"wpcr3_review_custom\"><span class=\"wpcr3_review_custom_label\">Tour\/Activity:<\/span> <span class=\"wpcr3_review_custom_value\">Golf<\/span><\/div><\/div><div class=\"wpcr3_clear\"><\/div><blockquote class=\"wpcr3_content\" itemprop=\"reviewBody\"><p>Best rates. Easy to book. Ash was very helpful in giving options, adding additional tee time. Advised... <a href='https:\/\/cabodiscounttours.com\/discount-golf-cabo-san-lucas\/#wpcr3_id_10800'>\u201cview<\/a><\/p><\/blockquote><blockquote class=\"wpcr3_content wpcr3_admin_response\"><p>Glad we could help out Julian.  Hope we can back on some great courses soon.<\/p><\/blockquote><\/div><\/div><\/div><\/div><div data-page-opts=\"{&quot;postid&quot;:-1,&quot;num&quot;:3,&quot;paginate&quot;:1,&quot;perpage&quot;:2,&quot;hidecustom&quot;:0,&quot;snippet&quot;:100,&quot;more&quot;:&quot;\\u201cview&quot;,&quot;showform&quot;:0,&quot;hidereviews&quot;:0,&quot;hideresponse&quot;:0,&quot;morelink&quot;:&quot;\\u201cview&quot;,&quot;showsupport&quot;:0,&quot;wrapper&quot;:1,&quot;classes&quot;:&quot;&quot;,&quot;on_postid&quot;:3842,&quot;ajax&quot;:0,&quot;thispage&quot;:1}\" class=\"wpcr3_pagination\"><div class=\"wpcr3_pagination_page\">Page 1 of 123: <\/div><div data-page=\"1\" class=\"wpcr3_a wpcr3_disabled\">&laquo;<\/div>&nbsp;<div data-page=\"1\" class=\"wpcr3_a wpcr3_ls wpcr3_disabled\">&lsaquo;<\/div>&nbsp;<div data-page=\"1\" class=\"wpcr3_a wpcr3_current\">1<\/div><div data-page=\"2\" class=\"wpcr3_a \">2<\/div><div data-page=\"3\" class=\"wpcr3_a \">3<\/div><div data-page=\"2\" class=\"wpcr3_a wpcr3_rs \">&rsaquo;<\/div>&nbsp;<div data-page=\"123\" class=\"wpcr3_a \">&raquo;<\/div>&nbsp;<\/div><div class=\"wpcr3_clear\"><\/div><\/div><\/div><\/span><\/p>\n<p>[\/et_pb_text][\/et_pb_column][et_pb_column type=\u00bb1_4&#8243;][et_pb_sidebar admin_label=\u00bbCaboholics Sidebar\u00bb _builder_version=\u00bb3.0.100&#8243; area=\u00bbet_pb_widget_area_11&#8243; orientation=\u00bbright\u00bb show_border=\u00bbon\u00bb background_layout=\u00bblight\u00bb \/][\/et_pb_column][\/et_pb_row][\/et_pb_section]<\/p>\n","protected":false},"excerpt":{"rendered":"<p><div class=\"et_pb_row et_pb_row_0 et_pb_row_empty\">\n\t\t\t\t\n\t\t\t\t\n\t\t\t\t\n\t\t\t\t\n\t\t\t\t\n\t\t\t<\/div> Gracias por contactarnos. Su mensaje ha sido enviado a nuestro equipo de expertos de Los Cabos y en breve recibir\u00e1 una respuesta a su consulta. Si por alguna raz\u00f3n no recibe una respuesta dentro de las 24 horas, revise su buz\u00f3n de SPAM o no dude en llamarnos. Tenemos una variedad de otros tours [&hellip;]<\/p>\n","protected":false},"author":1,"featured_media":0,"parent":0,"menu_order":0,"comment_status":"open","ping_status":"open","template":"","meta":{"_et_pb_use_builder":"on","_et_pb_old_content":"<h2>Thank you for contacting us.<\/h2><p>Your email has been sent to our team of <strong>Cabo Experts<\/strong> and you should be receiving a response to your enquiry shortly.<\/p><p>If for some reason you don't receive a response within 24 hours, please check your SPAM (junk) mail box, or feel free to give us a call.<\/p><p>We have a variety of other <a href=\"http:\/\/cabodiscounttours.com\">tours and activities<\/a> and are happy to recommend restaurants or even make bookings on your behalf. \u00a0Please let us know if we can help you in any other way during your planning process.<\/p><p>Make sure you check out the <a href=\"http:\/\/cabodiscounttours.com\/weather-in-cabo-san-lucas\/\">weather in Cabo<\/a> before you come down to make the most of your time.<\/p><p>We at <em><strong>Cabo Discount Tours<\/strong><\/em>, in association with <a href=\"http:\/\/cabogolfdeals.com\"><em><strong>Cabo Golf Deals<\/strong><\/em><\/a> work hard to offer the best options for your Los Cabos Vacations.<\/p><p>We have a variety of other services that may interest you during your time in Los Cabos, including <em><strong>private transport services<\/strong><\/em>.<\/p><p>We are happy to help you plan trips to further afield, including La Paz, Todos Santos, Los Barriles, Santiago, Cadua\u00f1o (water park) and more.<\/p><p>Feel free to <a href=\"http:\/\/cabodiscounttours.com\/contact\/\">contact us<\/a> if you have any further questions.<\/p><p><!-- Google Code for CDT Made Contact Conversion Page --><br \/> <script type=\"text\/javascript\">\r\n\/* <![CDATA[ *\/ var google_conversion_id = 966980125; var google_conversion_label = \"L46jCNLRjmsQneSLzQM\"; var google_remarketing_only = false; \/* ]]> *\/\r\n<\/script><br \/> <script type=\"text\/javascript\" src=\"\/\/www.googleadservices.com\/pagead\/conversion.js\">\r\n<\/script><br \/><noscript><span class=\"mceItemHidden\" data-mce-bogus=\"1\"><span><\/span><\/p>\r\n<div style=\"display:inline;\">\r\n<<span class=\"mceItemHidden\" data-mce-bogus=\"1\"><span class=\"hiddenSpellError\" pre=\"\" data-mce-bogus=\"1\">img<\/span><\/span> height=\"1\" width=\"1\" style=\"border-style:none;\" alt=\"\" <span class=\"hiddenSpellError\" pre=\"alt \" data-mce-bogus=\"1\">src<\/span>=\"\/\/www.googleadservices.com\/<span class=\"hiddenSpellError\" pre=\"\" data-mce-bogus=\"1\">pagead<\/span>\/conversion\/966980125\/?label=L46jCNLRjmsQneSLzQM&guid=ON&script=0\"\/>\u00a0<\/p>\r\n<p><\/span><\/noscript><\/p>","_et_gb_content_width":"","footnotes":""},"class_list":["post-3842","page","type-page","status-publish","hentry"],"yoast_head":"<!-- This site is optimized with the Yoast SEO plugin v27.3 - https:\/\/yoast.com\/product\/yoast-seo-wordpress\/ -->\n<title>Gracias - Cabo Discount Tours<\/title>\n<meta name=\"robots\" content=\"index, follow, max-snippet:-1, max-image-preview:large, max-video-preview:-1\" \/>\n<link rel=\"canonical\" href=\"https:\/\/cabodiscounttours.com\/es\/gracias\/\" \/>\n<meta property=\"og:locale\" content=\"es_ES\" \/>\n<meta property=\"og:type\" content=\"article\" \/>\n<meta property=\"og:title\" content=\"Gracias - Cabo Discount Tours\" \/>\n<meta property=\"og:description\" content=\"Gracias por contactarnos. Su mensaje ha sido enviado a nuestro equipo de expertos de Los Cabos y en breve recibir\u00e1 una respuesta a su consulta. Si por alguna raz\u00f3n no recibe una respuesta dentro de las 24 horas, revise su buz\u00f3n de SPAM o no dude en llamarnos. Tenemos una variedad de otros tours [&hellip;]\" \/>\n<meta property=\"og:url\" content=\"https:\/\/cabodiscounttours.com\/es\/gracias\/\" \/>\n<meta property=\"og:site_name\" content=\"Cabo Discount Tours\" \/>\n<meta property=\"article:publisher\" content=\"http:\/\/facebook.com\/CaboDiscountTours\" \/>\n<meta property=\"article:modified_time\" content=\"2018-02-05T20:15:41+00:00\" \/>\n<meta name=\"twitter:card\" content=\"summary_large_image\" \/>\n<meta name=\"twitter:site\" content=\"@cabogolfdeals\" \/>\n<meta name=\"twitter:label1\" content=\"Tiempo de lectura\" \/>\n\t<meta name=\"twitter:data1\" content=\"1 minuto\" \/>\n<script type=\"application\/ld+json\" class=\"yoast-schema-graph\">{\"@context\":\"https:\\\/\\\/schema.org\",\"@graph\":[{\"@type\":\"WebPage\",\"@id\":\"https:\\\/\\\/cabodiscounttours.com\\\/es\\\/gracias\\\/\",\"url\":\"https:\\\/\\\/cabodiscounttours.com\\\/es\\\/gracias\\\/\",\"name\":\"Gracias - Cabo Discount Tours\",\"isPartOf\":{\"@id\":\"https:\\\/\\\/cabodiscounttours.com\\\/es\\\/#website\"},\"datePublished\":\"2016-04-07T18:49:51+00:00\",\"dateModified\":\"2018-02-05T20:15:41+00:00\",\"breadcrumb\":{\"@id\":\"https:\\\/\\\/cabodiscounttours.com\\\/es\\\/gracias\\\/#breadcrumb\"},\"inLanguage\":\"es\",\"potentialAction\":[{\"@type\":\"ReadAction\",\"target\":[\"https:\\\/\\\/cabodiscounttours.com\\\/es\\\/gracias\\\/\"]}]},{\"@type\":\"BreadcrumbList\",\"@id\":\"https:\\\/\\\/cabodiscounttours.com\\\/es\\\/gracias\\\/#breadcrumb\",\"itemListElement\":[{\"@type\":\"ListItem\",\"position\":1,\"name\":\"Home\",\"item\":\"https:\\\/\\\/cabodiscounttours.com\\\/es\\\/\"},{\"@type\":\"ListItem\",\"position\":2,\"name\":\"Gracias\"}]},{\"@type\":\"WebSite\",\"@id\":\"https:\\\/\\\/cabodiscounttours.com\\\/es\\\/#website\",\"url\":\"https:\\\/\\\/cabodiscounttours.com\\\/es\\\/\",\"name\":\"Cabo Discount Tours\",\"description\":\"Discounted Tours &amp; Activities in Los Cabos Mexico\",\"potentialAction\":[{\"@type\":\"SearchAction\",\"target\":{\"@type\":\"EntryPoint\",\"urlTemplate\":\"https:\\\/\\\/cabodiscounttours.com\\\/es\\\/?s={search_term_string}\"},\"query-input\":{\"@type\":\"PropertyValueSpecification\",\"valueRequired\":true,\"valueName\":\"search_term_string\"}}],\"inLanguage\":\"es\"}]}<\/script>\n<!-- \/ Yoast SEO plugin. -->","yoast_head_json":{"title":"Gracias - Cabo Discount Tours","robots":{"index":"index","follow":"follow","max-snippet":"max-snippet:-1","max-image-preview":"max-image-preview:large","max-video-preview":"max-video-preview:-1"},"canonical":"https:\/\/cabodiscounttours.com\/es\/gracias\/","og_locale":"es_ES","og_type":"article","og_title":"Gracias - Cabo Discount Tours","og_description":"Gracias por contactarnos. Su mensaje ha sido enviado a nuestro equipo de expertos de Los Cabos y en breve recibir\u00e1 una respuesta a su consulta. Si por alguna raz\u00f3n no recibe una respuesta dentro de las 24 horas, revise su buz\u00f3n de SPAM o no dude en llamarnos. Tenemos una variedad de otros tours [&hellip;]","og_url":"https:\/\/cabodiscounttours.com\/es\/gracias\/","og_site_name":"Cabo Discount Tours","article_publisher":"http:\/\/facebook.com\/CaboDiscountTours","article_modified_time":"2018-02-05T20:15:41+00:00","twitter_card":"summary_large_image","twitter_site":"@cabogolfdeals","twitter_misc":{"Tiempo de lectura":"1 minuto"},"schema":{"@context":"https:\/\/schema.org","@graph":[{"@type":"WebPage","@id":"https:\/\/cabodiscounttours.com\/es\/gracias\/","url":"https:\/\/cabodiscounttours.com\/es\/gracias\/","name":"Gracias - Cabo Discount Tours","isPartOf":{"@id":"https:\/\/cabodiscounttours.com\/es\/#website"},"datePublished":"2016-04-07T18:49:51+00:00","dateModified":"2018-02-05T20:15:41+00:00","breadcrumb":{"@id":"https:\/\/cabodiscounttours.com\/es\/gracias\/#breadcrumb"},"inLanguage":"es","potentialAction":[{"@type":"ReadAction","target":["https:\/\/cabodiscounttours.com\/es\/gracias\/"]}]},{"@type":"BreadcrumbList","@id":"https:\/\/cabodiscounttours.com\/es\/gracias\/#breadcrumb","itemListElement":[{"@type":"ListItem","position":1,"name":"Home","item":"https:\/\/cabodiscounttours.com\/es\/"},{"@type":"ListItem","position":2,"name":"Gracias"}]},{"@type":"WebSite","@id":"https:\/\/cabodiscounttours.com\/es\/#website","url":"https:\/\/cabodiscounttours.com\/es\/","name":"Cabo Discount Tours","description":"Discounted Tours &amp; Activities in Los Cabos Mexico","potentialAction":[{"@type":"SearchAction","target":{"@type":"EntryPoint","urlTemplate":"https:\/\/cabodiscounttours.com\/es\/?s={search_term_string}"},"query-input":{"@type":"PropertyValueSpecification","valueRequired":true,"valueName":"search_term_string"}}],"inLanguage":"es"}]}},"jetpack_sharing_enabled":true,"jetpack_shortlink":"https:\/\/wp.me\/P8bQYs-ZY","jetpack_likes_enabled":false,"jetpack-related-posts":[{"id":2000,"url":"https:\/\/cabodiscounttours.com\/es\/reviews\/","url_meta":{"origin":3842,"position":0},"title":"Cabo Discount Tours &#8211; Escribe tu rese\u00f1a","author":"CaboAsh","date":"1 de diciembre de 2015","format":false,"excerpt":"Gracias por proporcionar su review de Cabo Discount Tours.\u00a0 Siempre tratamos de ofrecer lo mejor servicio al cliente con muy buenas precios en nuestros Tours y Actividades. Tratamos siempre de hacer los cambios necesarios y solamente ofrecer los mejores operadores, para poder ofrecerle lo mejor experiencia posible. Por favor cont\u00e1ctenos\u2026","rel":"","context":"Entrada similar","block_context":{"text":"Entrada similar","link":""},"img":{"alt_text":"cabo discount tours, what to do in cabo san lucas, cabo st lucas, the best tours and activities in los cabos, cabo golf deals, cabo discounts, cabo discount golf, tour operators","src":"https:\/\/i0.wp.com\/cabodiscounttours.com\/wp-content\/uploads\/cabodiscount.png?fit=1200%2C569&ssl=1&resize=350%2C200","width":350,"height":200,"srcset":"https:\/\/i0.wp.com\/cabodiscounttours.com\/wp-content\/uploads\/cabodiscount.png?fit=1200%2C569&ssl=1&resize=350%2C200 1x, https:\/\/i0.wp.com\/cabodiscounttours.com\/wp-content\/uploads\/cabodiscount.png?fit=1200%2C569&ssl=1&resize=525%2C300 1.5x, https:\/\/i0.wp.com\/cabodiscounttours.com\/wp-content\/uploads\/cabodiscount.png?fit=1200%2C569&ssl=1&resize=700%2C400 2x, https:\/\/i0.wp.com\/cabodiscounttours.com\/wp-content\/uploads\/cabodiscount.png?fit=1200%2C569&ssl=1&resize=1050%2C600 3x"},"classes":[]},{"id":1576,"url":"https:\/\/cabodiscounttours.com\/es\/terminos-y-condiciones\/","url_meta":{"origin":3842,"position":1},"title":"T\u00e9rminos y Condiciones del Servicio","author":"CaboAsh","date":"4 de mayo de 2015","format":false,"excerpt":"T\u00c9RMINOS Y CONDICIONES Gracias por tomarte el tiempo de mirar nuestra p\u00e1gina de Cabo Discount Tours Hay unos cuantos t\u00e9rminos y condiciones que necesitamos tengas presente al momento de reservar con nosotros, y haremos lo mejor que podamos para explicarlos sin enredos. C\u00f3mo funciona 1\/ Tus E-Tickets\/Cupones & el proceso\u2026","rel":"","context":"Entrada similar","block_context":{"text":"Entrada similar","link":""},"img":{"alt_text":"cabo discount tours, what to do in cabo san lucas, cabo st lucas, the best tours and activities in los cabos, cabo golf deals, cabo discounts, cabo discount golf, tour operators","src":"https:\/\/i0.wp.com\/cabodiscounttours.com\/wp-content\/uploads\/cabodiscount.png?fit=1200%2C569&ssl=1&resize=350%2C200","width":350,"height":200,"srcset":"https:\/\/i0.wp.com\/cabodiscounttours.com\/wp-content\/uploads\/cabodiscount.png?fit=1200%2C569&ssl=1&resize=350%2C200 1x, https:\/\/i0.wp.com\/cabodiscounttours.com\/wp-content\/uploads\/cabodiscount.png?fit=1200%2C569&ssl=1&resize=525%2C300 1.5x, https:\/\/i0.wp.com\/cabodiscounttours.com\/wp-content\/uploads\/cabodiscount.png?fit=1200%2C569&ssl=1&resize=700%2C400 2x, https:\/\/i0.wp.com\/cabodiscounttours.com\/wp-content\/uploads\/cabodiscount.png?fit=1200%2C569&ssl=1&resize=1050%2C600 3x"},"classes":[]},{"id":7107,"url":"https:\/\/cabodiscounttours.com\/es\/paquetes-exclusivos-en-los-cabos-por-cabo-discount-tours\/paquetes-de-atv-cuatrimoto-y-golf\/","url_meta":{"origin":3842,"position":2},"title":"Paquetes de ATV (Cuatrimoto) y Golf","author":"CaboAsh","date":"7 de febrero de 2018","format":false,"excerpt":"","rel":"","context":"Entrada similar","block_context":{"text":"Entrada similar","link":""},"img":{"alt_text":"","src":"","width":0,"height":0},"classes":[]},{"id":4831,"url":"https:\/\/cabodiscounttours.com\/es\/paquetes-exclusivos-en-los-cabos-por-cabo-discount-tours\/","url_meta":{"origin":3842,"position":3},"title":"Paquetes Exclusivos en Los Cabos por Cabo Discount Tours","author":"CaboAsh","date":"9 de febrero de 2016","format":false,"excerpt":"","rel":"","context":"Entrada similar","block_context":{"text":"Entrada similar","link":""},"img":{"alt_text":"","src":"","width":0,"height":0},"classes":[]},{"id":4883,"url":"https:\/\/cabodiscounttours.com\/es\/quienes-somos-cabo-discount-tours\/","url_meta":{"origin":3842,"position":4},"title":"Quienes Somos &#8211; Cabo Discount Tours","author":"CaboAsh","date":"30 de marzo de 2015","format":false,"excerpt":"","rel":"","context":"Entrada similar","block_context":{"text":"Entrada similar","link":""},"img":{"alt_text":"Ash & Joaquin from Cabo Discount Tours, taking the Zip Lining Tour at Wild Canyon in Mexico","src":"https:\/\/i0.wp.com\/cabodiscounttours.com\/wp-content\/uploads\/Father-Son-200x300.jpg?resize=350%2C200","width":350,"height":200},"classes":[]},{"id":1705,"url":"https:\/\/cabodiscounttours.com\/es\/tours\/tirolesas-tortuga-los-cabos\/","url_meta":{"origin":3842,"position":5},"title":"Tirolesas Tortuga Los Cabos","author":"CaboAsh","date":"7 de julio de 2015","format":false,"excerpt":"","rel":"","context":"Entrada similar","block_context":{"text":"Entrada similar","link":""},"img":{"alt_text":"Zip Lines, Cabo San Lucas, canopy tour, wild canyon, cabo adventures, adrenaline","src":"https:\/\/i0.wp.com\/cabodiscounttours.com\/wp-content\/uploads\/2014\/07\/Zipline-Banner05-e1405965836754.jpg?fit=1150%2C350&ssl=1&resize=350%2C200","width":350,"height":200,"srcset":"https:\/\/i0.wp.com\/cabodiscounttours.com\/wp-content\/uploads\/2014\/07\/Zipline-Banner05-e1405965836754.jpg?fit=1150%2C350&ssl=1&resize=350%2C200 1x, https:\/\/i0.wp.com\/cabodiscounttours.com\/wp-content\/uploads\/2014\/07\/Zipline-Banner05-e1405965836754.jpg?fit=1150%2C350&ssl=1&resize=525%2C300 1.5x, https:\/\/i0.wp.com\/cabodiscounttours.com\/wp-content\/uploads\/2014\/07\/Zipline-Banner05-e1405965836754.jpg?fit=1150%2C350&ssl=1&resize=700%2C400 2x, https:\/\/i0.wp.com\/cabodiscounttours.com\/wp-content\/uploads\/2014\/07\/Zipline-Banner05-e1405965836754.jpg?fit=1150%2C350&ssl=1&resize=1050%2C600 3x"},"classes":[]}],"_links":{"self":[{"href":"https:\/\/cabodiscounttours.com\/es\/wp-json\/wp\/v2\/pages\/3842","targetHints":{"allow":["GET"]}}],"collection":[{"href":"https:\/\/cabodiscounttours.com\/es\/wp-json\/wp\/v2\/pages"}],"about":[{"href":"https:\/\/cabodiscounttours.com\/es\/wp-json\/wp\/v2\/types\/page"}],"author":[{"embeddable":true,"href":"https:\/\/cabodiscounttours.com\/es\/wp-json\/wp\/v2\/users\/1"}],"replies":[{"embeddable":true,"href":"https:\/\/cabodiscounttours.com\/es\/wp-json\/wp\/v2\/comments?post=3842"}],"version-history":[{"count":3,"href":"https:\/\/cabodiscounttours.com\/es\/wp-json\/wp\/v2\/pages\/3842\/revisions"}],"predecessor-version":[{"id":3845,"href":"https:\/\/cabodiscounttours.com\/es\/wp-json\/wp\/v2\/pages\/3842\/revisions\/3845"}],"wp:attachment":[{"href":"https:\/\/cabodiscounttours.com\/es\/wp-json\/wp\/v2\/media?parent=3842"}],"curies":[{"name":"wp","href":"https:\/\/api.w.org\/{rel}","templated":true}]}}