{"id":4883,"date":"2015-03-30T02:23:26","date_gmt":"2015-03-30T09:23:26","guid":{"rendered":"https:\/\/cabodiscounttours.com\/quienes-somos-cabo-discount-tours\/"},"modified":"2018-10-16T15:04:07","modified_gmt":"2018-10-16T21:04:07","slug":"quienes-somos-cabo-discount-tours","status":"publish","type":"page","link":"https:\/\/cabodiscounttours.com\/es\/quienes-somos-cabo-discount-tours\/","title":{"rendered":"Quienes Somos &#8211; Cabo Discount Tours"},"content":{"rendered":"<p>[et_pb_section bb_built=\u00bb1&#8243;][et_pb_row][et_pb_column type=\u00bb4_4&#8243;][et_pb_text admin_label=\u00bbTitle\u00bb _builder_version=\u00bb3.17.1&#8243;]<\/p>\n<h1>Nosotros &#8211; Cabo Discount Tours<\/h1>\n<p>[\/et_pb_text][\/et_pb_column][\/et_pb_row][et_pb_row][et_pb_column type=\u00bb3_4&#8243;][et_pb_text _builder_version=\u00bb3.17.1&#8243;]<\/p>\n<h2>Bienvenidos a Cabo Discount Tours<\/h2>\n<h3>Una compa\u00f1\u00eda familiar, basado en Cabo San Lucas, Mexico.<\/h3>\n<p>En 2004, <em><strong>Ash<\/strong><\/em> lleg\u00f3 a <strong>Baja California Sur<\/strong> con ganas de Bucear y conocer a la zona. Despu\u00e9s de un tiempo corto, se enamor\u00f3 de la zona con su naturaleza y oportunidades. Con una gran cantidad de actividades de Aventura disponible, fue hora de cambiar de planes y mover permanentemente a La zona.<\/p>\n<p>Durante los primeros cuatro a\u00f1os, Ash viv\u00eda en Los Barriles, guiando y ense\u00f1ando el <a href=\"\/\/cabodiscounttours.com\/es\/buceo-y-esnorquel-en-los-cabos\/\">buceo con <strong>SCUBA<\/strong><\/a> en cada momento posible. Conoc\u00eda las aguas desde Cabo Pulmo y Bahia Los Frailes, hasta Isla Cerralvo. Luego pas\u00f3 varias a\u00f1os ense\u00f1ando en Cabo San Lucas y San Jose del Cabo.<\/p>\n<p>Durante los a\u00f1os ense\u00f1ando Buceo en la zona, logramos desarrollar un amistad con varias due\u00f1os de negocios en Los Cabos. Tomamos la oportunidad en ayudar en promocionar sus negocios y ofrecer un servicio igual a ning\u00fan otro.<\/p>\n<p>Cada Actividad que ofrecemos en nuestras paginas has sido probado personalmente por nosotros para confirmar que ofrecemos <strong>Los Mejores Tours y Actividades en Los Cabos<\/strong>.<\/p>\n<p>En 2014, fundamos <strong>Cabo Discount Tours<\/strong>, para poder ayudar a la gente organizar a sus viajes a Los Cabos, con la confianza que van a disfrutar de los mejores actividades de la zona.<\/p>\n<p><a href=\"\/\/cabodiscounttours.com\/es\/contactenos\/\">Comun\u00edquese<\/a> con nosotros si tiene cualquier pregunta sobre La Zona, Tours o Actividades en Los Cabos.<\/p>\n<h3>Quienes Somos<\/h3>\n<p><img data-recalc-dims=\"1\" decoding=\"async\" class=\"alignright wp-image-2101 lazyload\" data-src=\"https:\/\/i0.wp.com\/cabodiscounttours.com\/wp-content\/uploads\/Father-Son-200x300.jpg?resize=133%2C200\" alt=\"Ash &amp; Joaquin from Cabo Discount Tours, taking the Zip Lining Tour at Wild Canyon in Mexico\" width=\"133\" height=\"200\" data-srcset=\"https:\/\/i0.wp.com\/cabodiscounttours.com\/wp-content\/uploads\/Father-Son.jpg?resize=200%2C300&amp;ssl=1 200w, https:\/\/i0.wp.com\/cabodiscounttours.com\/wp-content\/uploads\/Father-Son.jpg?resize=133%2C200&amp;ssl=1 133w, https:\/\/i0.wp.com\/cabodiscounttours.com\/wp-content\/uploads\/Father-Son.jpg?w=683&amp;ssl=1 683w\" data-sizes=\"(max-width: 133px) 100vw, 133px\" src=\"data:image\/svg+xml;base64,PHN2ZyB3aWR0aD0iMSIgaGVpZ2h0PSIxIiB4bWxucz0iaHR0cDovL3d3dy53My5vcmcvMjAwMC9zdmciPjwvc3ZnPg==\" style=\"--smush-placeholder-width: 133px; --smush-placeholder-aspect-ratio: 133\/200;\" \/><\/p>\n<h4>G\u2019day!\u00a0 Soy Ash!<\/h4>\n<p>El Australiano viajero que enamor\u00f3 de Cabo San Lucas, Mexico.<\/p>\n<p>He viajado mucho por el Mundo, incluso la mayor\u00eda de Latino America y encontr\u00e9 mi hogar en Los Cabos.<\/p>\n<p>Mis Actividades favoritos en la zona incluyen Golf, Buceo, Surf, paseos en Cuatrimoto y la Pesca Deportiva.<\/p>\n<hr \/>\n<p><img data-recalc-dims=\"1\" decoding=\"async\" class=\"alignleft wp-image-898 lazyload\" data-src=\"https:\/\/i0.wp.com\/cabodiscounttours.com\/wp-content\/uploads\/dani-joaquin1-1000x750.jpg?resize=150%2C113\" alt=\"Daniena and Joaquin underwater in Cabo San Lucas\" width=\"150\" height=\"113\" src=\"data:image\/svg+xml;base64,PHN2ZyB3aWR0aD0iMSIgaGVpZ2h0PSIxIiB4bWxucz0iaHR0cDovL3d3dy53My5vcmcvMjAwMC9zdmciPjwvc3ZnPg==\" style=\"--smush-placeholder-width: 150px; --smush-placeholder-aspect-ratio: 150\/113;\" \/><\/p>\n<h4>Hola! \u00a0Soy Daniela!<\/h4>\n<p>Una Instructora de Buceo PADI quien procede de Colombia. Decid\u00ed levantar a mi vida y venir a Mexico en 2005, despu\u00e9s de conocer a <em><strong>Ash<\/strong><\/em> en una de sus viajes a La Rep\u00fablica Dominicana. Amo a la playa y oc\u00e9ano y cuando llegu\u00e9 a La Baja, sabia que iba a ser mi hogar.<\/p>\n<p>Mis actividades favoritos en Los Cabos incluyen el paseo en SUP (Stand Up Paddle), Buceo, paseos en Cuatrimoto, tour en barco para snorkelear o ver el sunset y las tirolesas.<\/p>\n<hr \/>\n<p><img data-recalc-dims=\"1\" decoding=\"async\" class=\"alignright wp-image-4885 lazyload\" data-src=\"https:\/\/i0.wp.com\/cabodiscounttours.com\/wp-content\/uploads\/boy-horseback.jpg?resize=150%2C100&#038;ssl=1\" alt=\"boy horseback wild canyon\" width=\"150\" height=\"100\" data-srcset=\"https:\/\/i0.wp.com\/cabodiscounttours.com\/wp-content\/uploads\/boy-horseback.jpg?resize=300%2C200&amp;ssl=1 300w, https:\/\/i0.wp.com\/cabodiscounttours.com\/wp-content\/uploads\/boy-horseback.jpg?resize=768%2C512&amp;ssl=1 768w, https:\/\/i0.wp.com\/cabodiscounttours.com\/wp-content\/uploads\/boy-horseback.jpg?resize=450%2C300&amp;ssl=1 450w, https:\/\/i0.wp.com\/cabodiscounttours.com\/wp-content\/uploads\/boy-horseback.jpg?resize=1080%2C720&amp;ssl=1 1080w, https:\/\/i0.wp.com\/cabodiscounttours.com\/wp-content\/uploads\/boy-horseback.jpg?w=1600&amp;ssl=1 1600w\" data-sizes=\"(max-width: 150px) 100vw, 150px\" src=\"data:image\/svg+xml;base64,PHN2ZyB3aWR0aD0iMSIgaGVpZ2h0PSIxIiB4bWxucz0iaHR0cDovL3d3dy53My5vcmcvMjAwMC9zdmciPjwvc3ZnPg==\" style=\"--smush-placeholder-width: 150px; --smush-placeholder-aspect-ratio: 150\/100;\" \/><\/p>\n<h4>G\u2019Day! Soy Joaquin!<\/h4>\n<p>El <em>\u2018Choyero\u2019<\/em> de la familia, Joaquin naci\u00f3 en San Jose del Cabo. \u00a0Ha desarrollado la pasi\u00f3n del agua y los deportes al aire libre.<\/p>\n<p>Joaquin disfruta de montar bicicleta de Monta\u00f1a, pescar, jugar golf y visitar a los animales del Animal Kingdom.<\/p>\n<hr \/>\n<p><img data-recalc-dims=\"1\" decoding=\"async\" class=\"alignleft wp-image-4881 lazyload\" data-src=\"https:\/\/i0.wp.com\/cabodiscounttours.com\/wp-content\/uploads\/father-son-painted.jpg?resize=150%2C113&#038;ssl=1\" alt=\"Wirikuta crowd faces painted\" width=\"150\" height=\"113\" data-srcset=\"https:\/\/i0.wp.com\/cabodiscounttours.com\/wp-content\/uploads\/father-son-painted.jpg?resize=267%2C200&amp;ssl=1 267w, https:\/\/i0.wp.com\/cabodiscounttours.com\/wp-content\/uploads\/father-son-painted.jpg?resize=768%2C576&amp;ssl=1 768w, https:\/\/i0.wp.com\/cabodiscounttours.com\/wp-content\/uploads\/father-son-painted.jpg?resize=400%2C300&amp;ssl=1 400w, https:\/\/i0.wp.com\/cabodiscounttours.com\/wp-content\/uploads\/father-son-painted.jpg?resize=510%2C382&amp;ssl=1 510w, https:\/\/i0.wp.com\/cabodiscounttours.com\/wp-content\/uploads\/father-son-painted.jpg?resize=1080%2C810&amp;ssl=1 1080w, https:\/\/i0.wp.com\/cabodiscounttours.com\/wp-content\/uploads\/father-son-painted.jpg?w=1280&amp;ssl=1 1280w\" data-sizes=\"(max-width: 150px) 100vw, 150px\" src=\"data:image\/svg+xml;base64,PHN2ZyB3aWR0aD0iMSIgaGVpZ2h0PSIxIiB4bWxucz0iaHR0cDovL3d3dy53My5vcmcvMjAwMC9zdmciPjwvc3ZnPg==\" style=\"--smush-placeholder-width: 150px; --smush-placeholder-aspect-ratio: 150\/113;\" \/><\/p>\n<h4>Hola! Soy Samuel!<\/h4>\n<p>El otro <em>\u2018Choyero\u2019<\/em> de la familia, Samuel tambi\u00e9n naci\u00f3 en San Jose del Cabo. \u00a0Le gusta probar de los nuevas actividades enfocado en ni\u00f1os.<\/p>\n<p>Samuel es Fan #1 del show de Wirikuta,\u00a0 y encanta ir a visitar a los animales del <a href=\"https:\/\/cabodiscounttours.com\/es\/tours\/reino-animales-wild-canyon-los-cabos\/\">Animal Kingdom<\/a>.<\/p>\n<p>[\/et_pb_text][\/et_pb_column][et_pb_column type=\u00bb1_4&#8243;][et_pb_sidebar _builder_version=\u00bb3.17.1&#8243; area=\u00bbet_pb_widget_area_11&#8243; disabled=\u00bboff\u00bb disabled_on=\u00bbon|on|\u00bb orientation=\u00bbright\u00bb \/][\/et_pb_column][\/et_pb_row][\/et_pb_section]<\/p>\n","protected":false},"excerpt":{"rendered":"<p><div class=\"et_pb_row et_pb_row_0 et_pb_row_empty\">\n\t\t\t\t\n\t\t\t\t\n\t\t\t\t\n\t\t\t\t\n\t\t\t\t\n\t\t\t<\/div> Nosotros &#8211; Cabo Discount Tours <div class=\"et_pb_row et_pb_row_1 et_pb_row_empty\">\n\t\t\t\t\n\t\t\t\t\n\t\t\t\t\n\t\t\t\t\n\t\t\t\t\n\t\t\t<\/div> Bienvenidos a Cabo Discount Tours Una compa\u00f1\u00eda familiar, basado en Cabo San Lucas, Mexico. En 2004, Ash lleg\u00f3 a Baja California Sur con ganas de Bucear y conocer a la zona. Despu\u00e9s de un tiempo corto, se enamor\u00f3 de la zona con su naturaleza y oportunidades. Con una [&hellip;]<\/p>\n","protected":false},"author":1,"featured_media":0,"parent":0,"menu_order":0,"comment_status":"open","ping_status":"open","template":"","meta":{"_et_pb_use_builder":"on","_et_pb_old_content":"<h2>Welcome to Cabo Discount Tours<\/h2><h3>A family owned tour company based in Cabo San Lucas, Mexico.<\/h3><p>In 2004, <em><strong>Ash<\/strong><\/em> came to\u00a0<strong>Baja California Sur<\/strong>, with the plan of a short visit...\u00a0 After a very short period, he fell in love with the area and the natural beauty.\u00a0 With such a host of adventure activities to take part in, who wouldn't want to stay?<\/p><p>Things changed a little from the original plan, after all...\u00a0 plans are mean to be broken and here we remain.\u00a0 For the first few years, we spent time living on the East Cape, SCUBA Diving and getting to know the southern tip of Baja California.<\/p><p>We fell in love with Cabo San Lucas and San Jose del Cabo and decided to make Cabo home.<\/p><p>During our time teaching <a href=\"\/\/cabodiscounttours.com\/scuba-diving-and-snorkeling-tours\/\"><strong>SCUBA Diving<\/strong><\/a> in the area, we met and became friends with several local business owners.\u00a0 We always enjoyed helping out our friends and local business owners by promoting their businesses and have been doing it since day one.<\/p><p>Every activity we promote on this website, has been tested personally by us, to ensure that we only offer you <em><strong>The Best Tours and Activities in Cabo San Lucas<\/strong><\/em>.<\/p><p>In 2014 we formalized the promotional part of our business and created <strong>Cabo Discount tours<\/strong>, offering discounts on the best tours and activities in Los Cabos.<\/p><p>Cabo Discount Tours offers a local perspective, information and advice about Los Cabos and surrounding areas, along with great discounted activities.<\/p><p>Feel free to <a href=\"\/\/cabodiscounttours.com\/contact\/\">contact us<\/a> with any questions you may have and let us help you enjoy Los Cabos as much as we do.<\/p><h3>Who are We?<\/h3><p><img class=\"alignright wp-image-2101\" src=\"\/\/cabodiscounttours.com\/wp-content\/uploads\/Father-Son-200x300.jpg\" alt=\"Ash & Joaquin from Cabo Discount Tours, taking the Zip Lining Tour at Wild Canyon in Mexico\" width=\"133\" height=\"200\" \/><\/p><h4>G'day!\u00a0 I'm Ash!<\/h4><p>An Aussie transplant to Cabo San Lucas, Mexico.<\/p><p>I've spent a lot of time on 'walkabout' around Latin America.\u00a0 I was the original of the group to arrive to Mexico, and originally called Los Barriles home starting in 2004.\u00a0 I have since moved full time and now have been calling Cabo San Lucas home since 2008.<\/p><p>My favourite <em>Los Cabos Activities<\/em> include Golf, Surfing, Scuba Diving and Sport Fishing.<\/p><hr \/><p><img class=\"alignleft wp-image-898\" src=\"\/\/cabodiscounttours.com\/wp-content\/uploads\/dani-joaquin1-1000x750.jpg\" alt=\"Daniena and Joaquin underwater in Cabo San Lucas\" width=\"150\" height=\"113\" \/><\/p><h4>Hola! \u00a0Soy Daniela!<\/h4><p>A Colombian SCUBA Instructor who picked up her life to move to Mexico in 2005 after meeting <em><strong>Ash<\/strong><\/em> on one of his 'walkabouts' to the Dominican Republic. \u00a0A love for the outdoors and the Ocean ensured that Cabo San Lucas became home.<\/p><p>My favourite <em>Los Cabos Activities<\/em> include SUP (Stand Up Paddle), Scuba Diving, ATV Tours, Sunset Cruises and Zip Lines.<\/p><hr \/><p><img class=\"alignright wp-image-4885\" src=\"https:\/\/cabodiscounttours.com\/wp-content\/uploads\/boy-horseback-300x200.jpg\" alt=\"boy horseback wild canyon\" width=\"150\" height=\"100\" \/><\/p><h4>G'Day! Soy Joaquin!<\/h4><p>The <em>'Choyero'<\/em> of the family, Joaquin was born here in San Jose del Cabo. \u00a0He's developed our passion for Los Cabos and the outdoors.<\/p><p>Joaquin is already hooked on Cabo\u00a0and loves fishing, hitting the beach, golf and Animal Kingdom.<\/p><hr \/><p><img class=\"alignleft wp-image-4881\" src=\"https:\/\/cabodiscounttours.com\/wp-content\/uploads\/father-son-painted-267x200.jpg\" alt=\"Wirikuta crowd faces painted\" width=\"150\" height=\"113\" \/><\/p><h4>G'Day Mate! I'm Samuel!<\/h4><p>The newest <em>'Choyero'<\/em> in the family. Samuel was also born in San Jose del Cabo. Samuel is out test pilot for the latest Kids tours and activities for the tiny tots. He loves the water sports and Animals.<\/p><p>Samuel's favourite activities include the Wirikuta Show, plus hitting the beach and water parks.<\/p>","_et_gb_content_width":"","footnotes":""},"class_list":["post-4883","page","type-page","status-publish","hentry"],"yoast_head":"<!-- This site is optimized with the Yoast SEO plugin v27.3 - https:\/\/yoast.com\/product\/yoast-seo-wordpress\/ -->\n<title>Nosotros - Cabo Discount Tours<\/title>\n<meta name=\"description\" content=\"Con mas de 14 a\u00f1os viviendo en Los Cabos, construimos a Cabo Discount Tours para poder ofrecer los mejores actividades de la zona, a un precio razonable.\" \/>\n<meta name=\"robots\" content=\"index, follow, max-snippet:-1, max-image-preview:large, max-video-preview:-1\" \/>\n<link rel=\"canonical\" href=\"https:\/\/cabodiscounttours.com\/es\/quienes-somos-cabo-discount-tours\/\" \/>\n<meta property=\"og:locale\" content=\"es_ES\" \/>\n<meta property=\"og:type\" content=\"article\" \/>\n<meta property=\"og:title\" content=\"Nosotros - Cabo Discount Tours\" \/>\n<meta property=\"og:description\" content=\"Con mas de 14 a\u00f1os viviendo en Los Cabos, construimos a Cabo Discount Tours para poder ofrecer los mejores actividades de la zona, a un precio razonable.\" \/>\n<meta property=\"og:url\" content=\"https:\/\/cabodiscounttours.com\/es\/quienes-somos-cabo-discount-tours\/\" \/>\n<meta property=\"og:site_name\" content=\"Cabo Discount Tours\" \/>\n<meta property=\"article:publisher\" content=\"http:\/\/facebook.com\/CaboDiscountTours\" \/>\n<meta property=\"article:modified_time\" content=\"2018-10-16T21:04:07+00:00\" \/>\n<meta property=\"og:image\" content=\"\/\/cabodiscounttours.com\/wp-content\/uploads\/Father-Son-200x300.jpg\" \/>\n<meta name=\"twitter:card\" content=\"summary_large_image\" \/>\n<meta name=\"twitter:site\" content=\"@cabogolfdeals\" \/>\n<meta name=\"twitter:label1\" content=\"Tiempo de lectura\" \/>\n\t<meta name=\"twitter:data1\" content=\"3 minutos\" \/>\n<script type=\"application\/ld+json\" class=\"yoast-schema-graph\">{\"@context\":\"https:\\\/\\\/schema.org\",\"@graph\":[{\"@type\":\"WebPage\",\"@id\":\"https:\\\/\\\/cabodiscounttours.com\\\/es\\\/quienes-somos-cabo-discount-tours\\\/\",\"url\":\"https:\\\/\\\/cabodiscounttours.com\\\/es\\\/quienes-somos-cabo-discount-tours\\\/\",\"name\":\"Nosotros - Cabo Discount Tours\",\"isPartOf\":{\"@id\":\"https:\\\/\\\/cabodiscounttours.com\\\/es\\\/#website\"},\"primaryImageOfPage\":{\"@id\":\"https:\\\/\\\/cabodiscounttours.com\\\/es\\\/quienes-somos-cabo-discount-tours\\\/#primaryimage\"},\"image\":{\"@id\":\"https:\\\/\\\/cabodiscounttours.com\\\/es\\\/quienes-somos-cabo-discount-tours\\\/#primaryimage\"},\"thumbnailUrl\":\"https:\\\/\\\/cabodiscounttours.com\\\/wp-content\\\/uploads\\\/boy-horseback-300x200.jpg\",\"datePublished\":\"2015-03-30T09:23:26+00:00\",\"dateModified\":\"2018-10-16T21:04:07+00:00\",\"description\":\"Con mas de 14 a\u00f1os viviendo en Los Cabos, construimos a Cabo Discount Tours para poder ofrecer los mejores actividades de la zona, a un precio razonable.\",\"breadcrumb\":{\"@id\":\"https:\\\/\\\/cabodiscounttours.com\\\/es\\\/quienes-somos-cabo-discount-tours\\\/#breadcrumb\"},\"inLanguage\":\"es\",\"potentialAction\":[{\"@type\":\"ReadAction\",\"target\":[\"https:\\\/\\\/cabodiscounttours.com\\\/es\\\/quienes-somos-cabo-discount-tours\\\/\"]}]},{\"@type\":\"ImageObject\",\"inLanguage\":\"es\",\"@id\":\"https:\\\/\\\/cabodiscounttours.com\\\/es\\\/quienes-somos-cabo-discount-tours\\\/#primaryimage\",\"url\":\"https:\\\/\\\/cabodiscounttours.com\\\/wp-content\\\/uploads\\\/boy-horseback-300x200.jpg\",\"contentUrl\":\"https:\\\/\\\/cabodiscounttours.com\\\/wp-content\\\/uploads\\\/boy-horseback-300x200.jpg\"},{\"@type\":\"BreadcrumbList\",\"@id\":\"https:\\\/\\\/cabodiscounttours.com\\\/es\\\/quienes-somos-cabo-discount-tours\\\/#breadcrumb\",\"itemListElement\":[{\"@type\":\"ListItem\",\"position\":1,\"name\":\"Home\",\"item\":\"https:\\\/\\\/cabodiscounttours.com\\\/es\\\/\"},{\"@type\":\"ListItem\",\"position\":2,\"name\":\"Quienes Somos &#8211; Cabo Discount Tours\"}]},{\"@type\":\"WebSite\",\"@id\":\"https:\\\/\\\/cabodiscounttours.com\\\/es\\\/#website\",\"url\":\"https:\\\/\\\/cabodiscounttours.com\\\/es\\\/\",\"name\":\"Cabo Discount Tours\",\"description\":\"Discounted Tours &amp; Activities in Los Cabos Mexico\",\"potentialAction\":[{\"@type\":\"SearchAction\",\"target\":{\"@type\":\"EntryPoint\",\"urlTemplate\":\"https:\\\/\\\/cabodiscounttours.com\\\/es\\\/?s={search_term_string}\"},\"query-input\":{\"@type\":\"PropertyValueSpecification\",\"valueRequired\":true,\"valueName\":\"search_term_string\"}}],\"inLanguage\":\"es\"}]}<\/script>\n<!-- \/ Yoast SEO plugin. -->","yoast_head_json":{"title":"Nosotros - Cabo Discount Tours","description":"Con mas de 14 a\u00f1os viviendo en Los Cabos, construimos a Cabo Discount Tours para poder ofrecer los mejores actividades de la zona, a un precio razonable.","robots":{"index":"index","follow":"follow","max-snippet":"max-snippet:-1","max-image-preview":"max-image-preview:large","max-video-preview":"max-video-preview:-1"},"canonical":"https:\/\/cabodiscounttours.com\/es\/quienes-somos-cabo-discount-tours\/","og_locale":"es_ES","og_type":"article","og_title":"Nosotros - Cabo Discount Tours","og_description":"Con mas de 14 a\u00f1os viviendo en Los Cabos, construimos a Cabo Discount Tours para poder ofrecer los mejores actividades de la zona, a un precio razonable.","og_url":"https:\/\/cabodiscounttours.com\/es\/quienes-somos-cabo-discount-tours\/","og_site_name":"Cabo Discount Tours","article_publisher":"http:\/\/facebook.com\/CaboDiscountTours","article_modified_time":"2018-10-16T21:04:07+00:00","og_image":[{"url":"\/\/cabodiscounttours.com\/wp-content\/uploads\/Father-Son-200x300.jpg","type":"","width":"","height":""}],"twitter_card":"summary_large_image","twitter_site":"@cabogolfdeals","twitter_misc":{"Tiempo de lectura":"3 minutos"},"schema":{"@context":"https:\/\/schema.org","@graph":[{"@type":"WebPage","@id":"https:\/\/cabodiscounttours.com\/es\/quienes-somos-cabo-discount-tours\/","url":"https:\/\/cabodiscounttours.com\/es\/quienes-somos-cabo-discount-tours\/","name":"Nosotros - Cabo Discount Tours","isPartOf":{"@id":"https:\/\/cabodiscounttours.com\/es\/#website"},"primaryImageOfPage":{"@id":"https:\/\/cabodiscounttours.com\/es\/quienes-somos-cabo-discount-tours\/#primaryimage"},"image":{"@id":"https:\/\/cabodiscounttours.com\/es\/quienes-somos-cabo-discount-tours\/#primaryimage"},"thumbnailUrl":"https:\/\/cabodiscounttours.com\/wp-content\/uploads\/boy-horseback-300x200.jpg","datePublished":"2015-03-30T09:23:26+00:00","dateModified":"2018-10-16T21:04:07+00:00","description":"Con mas de 14 a\u00f1os viviendo en Los Cabos, construimos a Cabo Discount Tours para poder ofrecer los mejores actividades de la zona, a un precio razonable.","breadcrumb":{"@id":"https:\/\/cabodiscounttours.com\/es\/quienes-somos-cabo-discount-tours\/#breadcrumb"},"inLanguage":"es","potentialAction":[{"@type":"ReadAction","target":["https:\/\/cabodiscounttours.com\/es\/quienes-somos-cabo-discount-tours\/"]}]},{"@type":"ImageObject","inLanguage":"es","@id":"https:\/\/cabodiscounttours.com\/es\/quienes-somos-cabo-discount-tours\/#primaryimage","url":"https:\/\/cabodiscounttours.com\/wp-content\/uploads\/boy-horseback-300x200.jpg","contentUrl":"https:\/\/cabodiscounttours.com\/wp-content\/uploads\/boy-horseback-300x200.jpg"},{"@type":"BreadcrumbList","@id":"https:\/\/cabodiscounttours.com\/es\/quienes-somos-cabo-discount-tours\/#breadcrumb","itemListElement":[{"@type":"ListItem","position":1,"name":"Home","item":"https:\/\/cabodiscounttours.com\/es\/"},{"@type":"ListItem","position":2,"name":"Quienes Somos &#8211; Cabo Discount Tours"}]},{"@type":"WebSite","@id":"https:\/\/cabodiscounttours.com\/es\/#website","url":"https:\/\/cabodiscounttours.com\/es\/","name":"Cabo Discount Tours","description":"Discounted Tours &amp; Activities in Los Cabos Mexico","potentialAction":[{"@type":"SearchAction","target":{"@type":"EntryPoint","urlTemplate":"https:\/\/cabodiscounttours.com\/es\/?s={search_term_string}"},"query-input":{"@type":"PropertyValueSpecification","valueRequired":true,"valueName":"search_term_string"}}],"inLanguage":"es"}]}},"jetpack_sharing_enabled":true,"jetpack_shortlink":"https:\/\/wp.me\/P8bQYs-1gL","jetpack_likes_enabled":false,"jetpack-related-posts":[{"id":4866,"url":"https:\/\/cabodiscounttours.com\/es\/tours\/reino-animales-wild-canyon-los-cabos\/","url_meta":{"origin":4883,"position":0},"title":"Reino Animales &#8211; Wild Canyon &#8211; Los Cabos","author":"CaboAsh","date":"26 de julio de 2015","format":false,"excerpt":"","rel":"","context":"Entrada similar","block_context":{"text":"Entrada similar","link":""},"img":{"alt_text":"","src":"","width":0,"height":0},"classes":[]},{"id":1811,"url":"https:\/\/cabodiscounttours.com\/es\/buceo-y-esnorquel-en-los-cabos\/","url_meta":{"origin":4883,"position":1},"title":"Buceo y Esn\u00f3rquel en Los Cabos","author":"CaboAsh","date":"22 de julio de 2014","format":false,"excerpt":"","rel":"","context":"Entrada similar","block_context":{"text":"Entrada similar","link":""},"img":{"alt_text":"big eyed jacks seen whilst diving in los cabos, cabo pulmo, scuba diving and snorkeling in cabo san lucas","src":"https:\/\/i0.wp.com\/cabodiscounttours.com\/wp-content\/uploads\/big-eyed-jacks-250x188.jpg?resize=350%2C200&ssl=1","width":350,"height":200},"classes":[]},{"id":4831,"url":"https:\/\/cabodiscounttours.com\/es\/paquetes-exclusivos-en-los-cabos-por-cabo-discount-tours\/","url_meta":{"origin":4883,"position":2},"title":"Paquetes Exclusivos en Los Cabos por Cabo Discount Tours","author":"CaboAsh","date":"9 de febrero de 2016","format":false,"excerpt":"","rel":"","context":"Entrada similar","block_context":{"text":"Entrada similar","link":""},"img":{"alt_text":"","src":"","width":0,"height":0},"classes":[]},{"id":1806,"url":"https:\/\/cabodiscounttours.com\/es\/cabalgata-en-cabo-san-lucas\/","url_meta":{"origin":4883,"position":3},"title":"Cabalgata en Cabo San Lucas","author":"CaboAsh","date":"27 de enero de 2015","format":false,"excerpt":"","rel":"","context":"Entrada similar","block_context":{"text":"Entrada similar","link":""},"img":{"alt_text":"cabo horseback riding Cactus mountain and beach ride near migrino beach with cactus atv tours los cabos cabo san lucas land tours","src":"https:\/\/i0.wp.com\/cabodiscounttours.com\/wp-content\/uploads\/horseback-beach-gallop.jpg?fit=1024%2C732&ssl=1&resize=350%2C200","width":350,"height":200,"srcset":"https:\/\/i0.wp.com\/cabodiscounttours.com\/wp-content\/uploads\/horseback-beach-gallop.jpg?fit=1024%2C732&ssl=1&resize=350%2C200 1x, https:\/\/i0.wp.com\/cabodiscounttours.com\/wp-content\/uploads\/horseback-beach-gallop.jpg?fit=1024%2C732&ssl=1&resize=525%2C300 1.5x, https:\/\/i0.wp.com\/cabodiscounttours.com\/wp-content\/uploads\/horseback-beach-gallop.jpg?fit=1024%2C732&ssl=1&resize=700%2C400 2x"},"classes":[]},{"id":1571,"url":"https:\/\/cabodiscounttours.com\/es\/","url_meta":{"origin":4883,"position":4},"title":"Tours y Actividades en Los Cabos","author":"CaboAsh","date":"18 de julio de 2014","format":false,"excerpt":"","rel":"","context":"Entrada similar","block_context":{"text":"Entrada similar","link":""},"img":{"alt_text":"cabo discount tours, what to do in cabo san lucas, cabo st lucas, the best tours and activities in los cabos, cabo golf deals, cabo discounts, cabo discount golf, tour operators","src":"https:\/\/i0.wp.com\/cabodiscounttours.com\/wp-content\/uploads\/cabodiscount.png?fit=1200%2C569&ssl=1&resize=350%2C200","width":350,"height":200,"srcset":"https:\/\/i0.wp.com\/cabodiscounttours.com\/wp-content\/uploads\/cabodiscount.png?fit=1200%2C569&ssl=1&resize=350%2C200 1x, https:\/\/i0.wp.com\/cabodiscounttours.com\/wp-content\/uploads\/cabodiscount.png?fit=1200%2C569&ssl=1&resize=525%2C300 1.5x, https:\/\/i0.wp.com\/cabodiscounttours.com\/wp-content\/uploads\/cabodiscount.png?fit=1200%2C569&ssl=1&resize=700%2C400 2x, https:\/\/i0.wp.com\/cabodiscounttours.com\/wp-content\/uploads\/cabodiscount.png?fit=1200%2C569&ssl=1&resize=1050%2C600 3x"},"classes":[]},{"id":1602,"url":"https:\/\/cabodiscounttours.com\/es\/tours-en-cuatrimoto\/","url_meta":{"origin":4883,"position":5},"title":"Tours en Cuatrimoto &#8211; Los Mejores tours en Los Cabos","author":"CaboAsh","date":"8 de agosto de 2014","format":false,"excerpt":"","rel":"","context":"Entrada similar","block_context":{"text":"Entrada similar","link":""},"img":{"alt_text":"Discount ATV Adventure tours churning up sand on the beach Wild Canyon, Cabo San Lucas, Los Cabos cabo san lucas land tours","src":"https:\/\/i0.wp.com\/cabodiscounttours.com\/wp-content\/uploads\/ATV-Adventure-Off-Road-Runners-Beach.jpg?fit=1024%2C682&ssl=1&resize=350%2C200","width":350,"height":200,"srcset":"https:\/\/i0.wp.com\/cabodiscounttours.com\/wp-content\/uploads\/ATV-Adventure-Off-Road-Runners-Beach.jpg?fit=1024%2C682&ssl=1&resize=350%2C200 1x, https:\/\/i0.wp.com\/cabodiscounttours.com\/wp-content\/uploads\/ATV-Adventure-Off-Road-Runners-Beach.jpg?fit=1024%2C682&ssl=1&resize=525%2C300 1.5x, https:\/\/i0.wp.com\/cabodiscounttours.com\/wp-content\/uploads\/ATV-Adventure-Off-Road-Runners-Beach.jpg?fit=1024%2C682&ssl=1&resize=700%2C400 2x"},"classes":[]}],"_links":{"self":[{"href":"https:\/\/cabodiscounttours.com\/es\/wp-json\/wp\/v2\/pages\/4883","targetHints":{"allow":["GET"]}}],"collection":[{"href":"https:\/\/cabodiscounttours.com\/es\/wp-json\/wp\/v2\/pages"}],"about":[{"href":"https:\/\/cabodiscounttours.com\/es\/wp-json\/wp\/v2\/types\/page"}],"author":[{"embeddable":true,"href":"https:\/\/cabodiscounttours.com\/es\/wp-json\/wp\/v2\/users\/1"}],"replies":[{"embeddable":true,"href":"https:\/\/cabodiscounttours.com\/es\/wp-json\/wp\/v2\/comments?post=4883"}],"version-history":[{"count":3,"href":"https:\/\/cabodiscounttours.com\/es\/wp-json\/wp\/v2\/pages\/4883\/revisions"}],"predecessor-version":[{"id":4896,"href":"https:\/\/cabodiscounttours.com\/es\/wp-json\/wp\/v2\/pages\/4883\/revisions\/4896"}],"wp:attachment":[{"href":"https:\/\/cabodiscounttours.com\/es\/wp-json\/wp\/v2\/media?parent=4883"}],"curies":[{"name":"wp","href":"https:\/\/api.w.org\/{rel}","templated":true}]}}