{"id":5918,"date":"2018-03-02T15:22:25","date_gmt":"2018-03-02T22:22:25","guid":{"rendered":"https:\/\/cabodiscounttours.com\/las-mejores-actividades-acuaticas-de-los-cabos\/las-mejores-actividades-de-playa-en-los-cabos\/"},"modified":"2019-06-13T13:28:21","modified_gmt":"2019-06-13T19:28:21","slug":"las-mejores-actividades-de-playa-en-los-cabos","status":"publish","type":"page","link":"https:\/\/cabodiscounttours.com\/es\/las-mejores-actividades-acuaticas-de-los-cabos\/las-mejores-actividades-de-playa-en-los-cabos\/","title":{"rendered":"Las mejores actividades de Playa en Los Cabos"},"content":{"rendered":"<p>[et_pb_section bb_built=\u00bb1&#8243; fullwidth=\u00bboff\u00bb specialty=\u00bbon\u00bb][et_pb_column type=\u00bb3_4&#8243; specialty_columns=\u00bb3&#8243;][et_pb_row_inner admin_label=\u00bbRow\u00bb][et_pb_column_inner type=\u00bb4_4&#8243; saved_specialty_column_type=\u00bb3_4&#8243;][et_pb_text admin_label=\u00bbBody Text\u00bb _builder_version=\u00bb3.10.2&#8243; background_layout=\u00bblight\u00bb]<\/p>\n<h1>Ven a La Playa y disfruta de nuestras actividades de Playa favoritas!<\/h1>\n<p><em><strong>Cabo San Lucas<\/strong><\/em> en Baja California Sur es famoso por sus playas espectaculares y por tener un clima super agradable todo el a\u00f1o. Aprovechando al m\u00e1ximo el agua que nos rodea, Los Cabos ofrece gran variedad de actividades acu\u00e1ticas y de playa.<\/p>\n<p>La Playa M\u00e9dano es la m\u00e1s conocida de la zona y ofrece gran variedad de actividades como Motos de Agua,\u00a0 Parasailing, Bote con fondo de cristal, Renta de SUP , Renta de Kayak, Renta de Jet Ski (motos de agua) y mucho m\u00e1s.<\/p>\n<p>La pr\u00f3xima vez que est\u00e9s planeando un d\u00eda de playa en una de las mejores playa de Los Cabos, disfruta al m\u00e1ximo con alguna de nuestras actividades<strong> de playa.<\/strong><\/p>\n<p>[\/et_pb_text][\/et_pb_column_inner][\/et_pb_row_inner][et_pb_row_inner admin_label=\u00bbRow\u00bb _builder_version=\u00bb3.0.105&#8243; use_custom_gutter=\u00bbon\u00bb gutter_width=\u00bb2&#8243;][et_pb_column_inner type=\u00bb1_3&#8243; saved_specialty_column_type=\u00bb3_4&#8243;][et_pb_blurb admin_label=\u00bbSUP\u00bb _builder_version=\u00bb3.10.2&#8243; title=\u00bbRenta de SUP\u00bb url=\u00bb\/\/cabodiscounttours.com\/tours\/cabo-sup-rentals\/\u00bb image=\u00bb\/\/cabodiscounttours.com\/wp-content\/uploads\/sup-near-beach-400&#215;250.jpg\u00bb text_orientation=\u00bbcenter\u00bb \/][\/et_pb_column_inner][et_pb_column_inner type=\u00bb1_3&#8243; saved_specialty_column_type=\u00bb3_4&#8243;][et_pb_blurb admin_label=\u00bbWaveRunner\u00bb _builder_version=\u00bb3.15&#8243; title=\u00bbrenta de Moto de Agua\u00bb url=\u00bb\/\/cabodiscounttours.com\/tours\/waverunner-rentals\/\u00bb image=\u00bb\/\/cabodiscounttours.com\/wp-content\/uploads\/cabo-waverunner-400&#215;250.jpg\u00bb text_orientation=\u00bbcenter\u00bb \/][\/et_pb_column_inner][et_pb_column_inner type=\u00bb1_3&#8243; saved_specialty_column_type=\u00bb3_4&#8243;][et_pb_blurb admin_label=\u00bbParasailing\u00bb _builder_version=\u00bb3.10.2&#8243; title=\u00bbTours de Parasailing\u00bb url=\u00bb\/\/cabodiscounttours.com\/tours\/parasailing-cabo-san-lucas\/\u00bb image=\u00bb\/\/cabodiscounttours.com\/wp-content\/uploads\/cabo-parasailing-400&#215;250.jpg\u00bb text_orientation=\u00bbcenter\u00bb \/][\/et_pb_column_inner][\/et_pb_row_inner][et_pb_row_inner admin_label=\u00bbRow\u00bb _builder_version=\u00bb3.0.105&#8243; use_custom_gutter=\u00bbon\u00bb gutter_width=\u00bb2&#8243;][et_pb_column_inner type=\u00bb1_3&#8243; saved_specialty_column_type=\u00bb3_4&#8243;][et_pb_blurb admin_label=\u00bbFlyBoard\u00bb _builder_version=\u00bb3.10.2&#8243; title=\u00bbFly Board Adventure\u00bb url=\u00bb\/\/cabodiscounttours.com\/tours\/flyboard-los-cabos\/\u00bb image=\u00bb\/\/cabodiscounttours.com\/wp-content\/uploads\/cabo-flyboard-arch-400&#215;250.jpg\u00bb text_orientation=\u00bbcenter\u00bb \/][\/et_pb_column_inner][et_pb_column_inner type=\u00bb1_3&#8243; saved_specialty_column_type=\u00bb3_4&#8243;][et_pb_blurb admin_label=\u00bbGlass Bottom Boat\u00bb _builder_version=\u00bb3.15&#8243; title=\u00bbBote con fondo de Cristal\u00bb image=\u00bb\/\/cabodiscounttours.com\/wp-content\/uploads\/glass-bottom-boat-400&#215;250.jpg\u00bb text_orientation=\u00bbcenter\u00bb url=\u00bb\/\/cabodiscounttours.com\/tours\/los-cabos-city-tours\/lands-end-tour\/\u00bb \/][\/et_pb_column_inner][et_pb_column_inner type=\u00bb1_3&#8243; saved_specialty_column_type=\u00bb3_4&#8243;][et_pb_blurb admin_label=\u00bbKayak Snorkel\u00bb _builder_version=\u00bb3.10.2&#8243; title=\u00bbTours de Kayak y Snorkel\u00bb image=\u00bb\/\/cabodiscounttours.com\/wp-content\/uploads\/kayak-snorkeling-tour-400&#215;250.jpg\u00bb url=\u00bb\/\/cabodiscounttours.com\/tours\/kayak-snorkeling-tour\/\u00bb text_orientation=\u00bbcenter\u00bb \/][\/et_pb_column_inner][\/et_pb_row_inner][\/et_pb_column][et_pb_column type=\u00bb1_4&#8243;][et_pb_sidebar admin_label=\u00bbcaboholics\u00bb _builder_version=\u00bb3.10.2&#8243; area=\u00bbet_pb_widget_area_11&#8243; orientation=\u00bbright\u00bb \/][\/et_pb_column][\/et_pb_section]<\/p>\n","protected":false},"excerpt":{"rendered":"<p>Ven a La Playa y disfruta de nuestras actividades de Playa favoritas! Cabo San Lucas en Baja California Sur es famoso por sus playas espectaculares y por tener un clima super agradable todo el a\u00f1o. Aprovechando al m\u00e1ximo el agua que nos rodea, Los Cabos ofrece gran variedad de actividades acu\u00e1ticas y de playa. La [&hellip;]<\/p>\n","protected":false},"author":1,"featured_media":0,"parent":5916,"menu_order":0,"comment_status":"closed","ping_status":"closed","template":"","meta":{"_et_pb_use_builder":"on","_et_pb_old_content":"","_et_gb_content_width":"","footnotes":""},"class_list":["post-5918","page","type-page","status-publish","hentry"],"yoast_head":"<!-- This site is optimized with the Yoast SEO plugin v27.3 - https:\/\/yoast.com\/product\/yoast-seo-wordpress\/ -->\n<title>Las mejores actividades de Playa en Los Cabos - Cabo Discount Tours<\/title>\n<meta name=\"description\" content=\"Disfruta de las Mejores Actividades Acu\u00e1ticas en Cabo San Lucas. Reserva tu Moto de Agua, SUP, Kayak o Parasailing tour.\" \/>\n<meta name=\"robots\" content=\"index, follow, max-snippet:-1, max-image-preview:large, max-video-preview:-1\" \/>\n<link rel=\"canonical\" href=\"https:\/\/cabodiscounttours.com\/es\/las-mejores-actividades-acuaticas-de-los-cabos\/las-mejores-actividades-de-playa-en-los-cabos\/\" \/>\n<meta property=\"og:locale\" content=\"es_ES\" \/>\n<meta property=\"og:type\" content=\"article\" \/>\n<meta property=\"og:title\" content=\"Las mejores actividades de Playa en Los Cabos - Cabo Discount Tours\" \/>\n<meta property=\"og:description\" content=\"Disfruta de las Mejores Actividades Acu\u00e1ticas en Cabo San Lucas. Reserva tu Moto de Agua, SUP, Kayak o Parasailing tour.\" \/>\n<meta property=\"og:url\" content=\"https:\/\/cabodiscounttours.com\/es\/las-mejores-actividades-acuaticas-de-los-cabos\/las-mejores-actividades-de-playa-en-los-cabos\/\" \/>\n<meta property=\"og:site_name\" content=\"Cabo Discount Tours\" \/>\n<meta property=\"article:publisher\" content=\"http:\/\/facebook.com\/CaboDiscountTours\" \/>\n<meta property=\"article:modified_time\" content=\"2019-06-13T19:28:21+00:00\" \/>\n<meta name=\"twitter:card\" content=\"summary_large_image\" \/>\n<meta name=\"twitter:site\" content=\"@cabogolfdeals\" \/>\n<meta name=\"twitter:label1\" content=\"Tiempo de lectura\" \/>\n\t<meta name=\"twitter:data1\" content=\"3 minutos\" \/>\n<script type=\"application\/ld+json\" class=\"yoast-schema-graph\">{\"@context\":\"https:\\\/\\\/schema.org\",\"@graph\":[{\"@type\":\"WebPage\",\"@id\":\"https:\\\/\\\/cabodiscounttours.com\\\/es\\\/las-mejores-actividades-acuaticas-de-los-cabos\\\/las-mejores-actividades-de-playa-en-los-cabos\\\/\",\"url\":\"https:\\\/\\\/cabodiscounttours.com\\\/es\\\/las-mejores-actividades-acuaticas-de-los-cabos\\\/las-mejores-actividades-de-playa-en-los-cabos\\\/\",\"name\":\"Las mejores actividades de Playa en Los Cabos - Cabo Discount Tours\",\"isPartOf\":{\"@id\":\"https:\\\/\\\/cabodiscounttours.com\\\/es\\\/#website\"},\"datePublished\":\"2018-03-02T22:22:25+00:00\",\"dateModified\":\"2019-06-13T19:28:21+00:00\",\"description\":\"Disfruta de las Mejores Actividades Acu\u00e1ticas en Cabo San Lucas. Reserva tu Moto de Agua, SUP, Kayak o Parasailing tour.\",\"breadcrumb\":{\"@id\":\"https:\\\/\\\/cabodiscounttours.com\\\/es\\\/las-mejores-actividades-acuaticas-de-los-cabos\\\/las-mejores-actividades-de-playa-en-los-cabos\\\/#breadcrumb\"},\"inLanguage\":\"es\",\"potentialAction\":[{\"@type\":\"ReadAction\",\"target\":[\"https:\\\/\\\/cabodiscounttours.com\\\/es\\\/las-mejores-actividades-acuaticas-de-los-cabos\\\/las-mejores-actividades-de-playa-en-los-cabos\\\/\"]}]},{\"@type\":\"BreadcrumbList\",\"@id\":\"https:\\\/\\\/cabodiscounttours.com\\\/es\\\/las-mejores-actividades-acuaticas-de-los-cabos\\\/las-mejores-actividades-de-playa-en-los-cabos\\\/#breadcrumb\",\"itemListElement\":[{\"@type\":\"ListItem\",\"position\":1,\"name\":\"Home\",\"item\":\"https:\\\/\\\/cabodiscounttours.com\\\/es\\\/\"},{\"@type\":\"ListItem\",\"position\":2,\"name\":\"Las mejores actividades Acuaticas de Los Cabos\",\"item\":\"https:\\\/\\\/cabodiscounttours.com\\\/es\\\/las-mejores-actividades-acuaticas-de-los-cabos\\\/\"},{\"@type\":\"ListItem\",\"position\":3,\"name\":\"Las mejores actividades de Playa en Los Cabos\"}]},{\"@type\":\"WebSite\",\"@id\":\"https:\\\/\\\/cabodiscounttours.com\\\/es\\\/#website\",\"url\":\"https:\\\/\\\/cabodiscounttours.com\\\/es\\\/\",\"name\":\"Cabo Discount Tours\",\"description\":\"Discounted Tours &amp; Activities in Los Cabos Mexico\",\"potentialAction\":[{\"@type\":\"SearchAction\",\"target\":{\"@type\":\"EntryPoint\",\"urlTemplate\":\"https:\\\/\\\/cabodiscounttours.com\\\/es\\\/?s={search_term_string}\"},\"query-input\":{\"@type\":\"PropertyValueSpecification\",\"valueRequired\":true,\"valueName\":\"search_term_string\"}}],\"inLanguage\":\"es\"}]}<\/script>\n<!-- \/ Yoast SEO plugin. -->","yoast_head_json":{"title":"Las mejores actividades de Playa en Los Cabos - Cabo Discount Tours","description":"Disfruta de las Mejores Actividades Acu\u00e1ticas en Cabo San Lucas. Reserva tu Moto de Agua, SUP, Kayak o Parasailing tour.","robots":{"index":"index","follow":"follow","max-snippet":"max-snippet:-1","max-image-preview":"max-image-preview:large","max-video-preview":"max-video-preview:-1"},"canonical":"https:\/\/cabodiscounttours.com\/es\/las-mejores-actividades-acuaticas-de-los-cabos\/las-mejores-actividades-de-playa-en-los-cabos\/","og_locale":"es_ES","og_type":"article","og_title":"Las mejores actividades de Playa en Los Cabos - Cabo Discount Tours","og_description":"Disfruta de las Mejores Actividades Acu\u00e1ticas en Cabo San Lucas. Reserva tu Moto de Agua, SUP, Kayak o Parasailing tour.","og_url":"https:\/\/cabodiscounttours.com\/es\/las-mejores-actividades-acuaticas-de-los-cabos\/las-mejores-actividades-de-playa-en-los-cabos\/","og_site_name":"Cabo Discount Tours","article_publisher":"http:\/\/facebook.com\/CaboDiscountTours","article_modified_time":"2019-06-13T19:28:21+00:00","twitter_card":"summary_large_image","twitter_site":"@cabogolfdeals","twitter_misc":{"Tiempo de lectura":"3 minutos"},"schema":{"@context":"https:\/\/schema.org","@graph":[{"@type":"WebPage","@id":"https:\/\/cabodiscounttours.com\/es\/las-mejores-actividades-acuaticas-de-los-cabos\/las-mejores-actividades-de-playa-en-los-cabos\/","url":"https:\/\/cabodiscounttours.com\/es\/las-mejores-actividades-acuaticas-de-los-cabos\/las-mejores-actividades-de-playa-en-los-cabos\/","name":"Las mejores actividades de Playa en Los Cabos - Cabo Discount Tours","isPartOf":{"@id":"https:\/\/cabodiscounttours.com\/es\/#website"},"datePublished":"2018-03-02T22:22:25+00:00","dateModified":"2019-06-13T19:28:21+00:00","description":"Disfruta de las Mejores Actividades Acu\u00e1ticas en Cabo San Lucas. Reserva tu Moto de Agua, SUP, Kayak o Parasailing tour.","breadcrumb":{"@id":"https:\/\/cabodiscounttours.com\/es\/las-mejores-actividades-acuaticas-de-los-cabos\/las-mejores-actividades-de-playa-en-los-cabos\/#breadcrumb"},"inLanguage":"es","potentialAction":[{"@type":"ReadAction","target":["https:\/\/cabodiscounttours.com\/es\/las-mejores-actividades-acuaticas-de-los-cabos\/las-mejores-actividades-de-playa-en-los-cabos\/"]}]},{"@type":"BreadcrumbList","@id":"https:\/\/cabodiscounttours.com\/es\/las-mejores-actividades-acuaticas-de-los-cabos\/las-mejores-actividades-de-playa-en-los-cabos\/#breadcrumb","itemListElement":[{"@type":"ListItem","position":1,"name":"Home","item":"https:\/\/cabodiscounttours.com\/es\/"},{"@type":"ListItem","position":2,"name":"Las mejores actividades Acuaticas de Los Cabos","item":"https:\/\/cabodiscounttours.com\/es\/las-mejores-actividades-acuaticas-de-los-cabos\/"},{"@type":"ListItem","position":3,"name":"Las mejores actividades de Playa en Los Cabos"}]},{"@type":"WebSite","@id":"https:\/\/cabodiscounttours.com\/es\/#website","url":"https:\/\/cabodiscounttours.com\/es\/","name":"Cabo Discount Tours","description":"Discounted Tours &amp; Activities in Los Cabos Mexico","potentialAction":[{"@type":"SearchAction","target":{"@type":"EntryPoint","urlTemplate":"https:\/\/cabodiscounttours.com\/es\/?s={search_term_string}"},"query-input":{"@type":"PropertyValueSpecification","valueRequired":true,"valueName":"search_term_string"}}],"inLanguage":"es"}]}},"jetpack_sharing_enabled":true,"jetpack_shortlink":"https:\/\/wp.me\/P8bQYs-1xs","jetpack_likes_enabled":false,"jetpack-related-posts":[{"id":1644,"url":"https:\/\/cabodiscounttours.com\/es\/tours\/atv-tour-en-la-playa-para-todo-la-familia\/","url_meta":{"origin":5918,"position":0},"title":"ATV Tour en la Playa para todo la Familia","author":"CaboAsh","date":"3 de julio de 2015","format":false,"excerpt":"","rel":"","context":"Entrada similar","block_context":{"text":"Entrada similar","link":""},"img":{"alt_text":"cactus atv tour, polaris ranger family mountain and atv beach tours","src":"https:\/\/i0.wp.com\/cabodiscounttours.com\/wp-content\/uploads\/cactus-atv-family-ranger-desert.jpg?fit=1024%2C681&ssl=1&resize=350%2C200","width":350,"height":200,"srcset":"https:\/\/i0.wp.com\/cabodiscounttours.com\/wp-content\/uploads\/cactus-atv-family-ranger-desert.jpg?fit=1024%2C681&ssl=1&resize=350%2C200 1x, https:\/\/i0.wp.com\/cabodiscounttours.com\/wp-content\/uploads\/cactus-atv-family-ranger-desert.jpg?fit=1024%2C681&ssl=1&resize=525%2C300 1.5x, https:\/\/i0.wp.com\/cabodiscounttours.com\/wp-content\/uploads\/cactus-atv-family-ranger-desert.jpg?fit=1024%2C681&ssl=1&resize=700%2C400 2x"},"classes":[]},{"id":1682,"url":"https:\/\/cabodiscounttours.com\/es\/tours\/playa-migrino-tours-en-cuatrimoto\/","url_meta":{"origin":5918,"position":1},"title":"Playa Migri\u00f1o Tours en Cuatrimoto","author":"CaboAsh","date":"3 de julio de 2015","format":false,"excerpt":"","rel":"","context":"Entrada similar","block_context":{"text":"Entrada similar","link":""},"img":{"alt_text":"atv tours on the beach with cactus atv tour in cabo san lucas cabo activities","src":"https:\/\/i0.wp.com\/cabodiscounttours.com\/wp-content\/uploads\/cactusATV-beach.jpg?fit=950%2C589&ssl=1&resize=350%2C200","width":350,"height":200,"srcset":"https:\/\/i0.wp.com\/cabodiscounttours.com\/wp-content\/uploads\/cactusATV-beach.jpg?fit=950%2C589&ssl=1&resize=350%2C200 1x, https:\/\/i0.wp.com\/cabodiscounttours.com\/wp-content\/uploads\/cactusATV-beach.jpg?fit=950%2C589&ssl=1&resize=525%2C300 1.5x, https:\/\/i0.wp.com\/cabodiscounttours.com\/wp-content\/uploads\/cactusATV-beach.jpg?fit=950%2C589&ssl=1&resize=700%2C400 2x"},"classes":[]},{"id":1602,"url":"https:\/\/cabodiscounttours.com\/es\/tours-en-cuatrimoto\/","url_meta":{"origin":5918,"position":2},"title":"Tours en Cuatrimoto &#8211; Los Mejores tours en Los Cabos","author":"CaboAsh","date":"8 de agosto de 2014","format":false,"excerpt":"","rel":"","context":"Entrada similar","block_context":{"text":"Entrada similar","link":""},"img":{"alt_text":"Discount ATV Adventure tours churning up sand on the beach Wild Canyon, Cabo San Lucas, Los Cabos cabo san lucas land tours","src":"https:\/\/i0.wp.com\/cabodiscounttours.com\/wp-content\/uploads\/ATV-Adventure-Off-Road-Runners-Beach.jpg?fit=1024%2C682&ssl=1&resize=350%2C200","width":350,"height":200,"srcset":"https:\/\/i0.wp.com\/cabodiscounttours.com\/wp-content\/uploads\/ATV-Adventure-Off-Road-Runners-Beach.jpg?fit=1024%2C682&ssl=1&resize=350%2C200 1x, https:\/\/i0.wp.com\/cabodiscounttours.com\/wp-content\/uploads\/ATV-Adventure-Off-Road-Runners-Beach.jpg?fit=1024%2C682&ssl=1&resize=525%2C300 1.5x, https:\/\/i0.wp.com\/cabodiscounttours.com\/wp-content\/uploads\/ATV-Adventure-Off-Road-Runners-Beach.jpg?fit=1024%2C682&ssl=1&resize=700%2C400 2x"},"classes":[]},{"id":4883,"url":"https:\/\/cabodiscounttours.com\/es\/quienes-somos-cabo-discount-tours\/","url_meta":{"origin":5918,"position":3},"title":"Quienes Somos &#8211; Cabo Discount Tours","author":"CaboAsh","date":"30 de marzo de 2015","format":false,"excerpt":"","rel":"","context":"Entrada similar","block_context":{"text":"Entrada similar","link":""},"img":{"alt_text":"Ash & Joaquin from Cabo Discount Tours, taking the Zip Lining Tour at Wild Canyon in Mexico","src":"https:\/\/i0.wp.com\/cabodiscounttours.com\/wp-content\/uploads\/Father-Son-200x300.jpg?resize=350%2C200","width":350,"height":200},"classes":[]},{"id":6938,"url":"https:\/\/cabodiscounttours.com\/es\/certificado-de-regalo-para-actividades-en-cabo\/","url_meta":{"origin":5918,"position":4},"title":"Certificado de Regalo para Actividades en Cabo","author":"CaboAsh","date":"9 de julio de 2016","format":false,"excerpt":"","rel":"","context":"Entrada similar","block_context":{"text":"Entrada similar","link":""},"img":{"alt_text":"","src":"","width":0,"height":0},"classes":[]},{"id":1611,"url":"https:\/\/cabodiscounttours.com\/es\/tours\/tours-en-atv-y-razor-por-la-playa-y-desierto\/","url_meta":{"origin":5918,"position":5},"title":"Tours en ATV y RAZOR por la Playa y Desierto","author":"CaboAsh","date":"3 de julio de 2015","format":false,"excerpt":"","rel":"","context":"Entrada similar","block_context":{"text":"Entrada similar","link":""},"img":{"alt_text":"Cactus ATV Tours Polaris RZR RAZR Razor ATV Beach and desert Tour Cabo San Lucas","src":"https:\/\/i0.wp.com\/cabodiscounttours.com\/wp-content\/uploads\/CactusRZR-beach3.jpg?fit=593%2C890&ssl=1&resize=350%2C200","width":350,"height":200,"srcset":"https:\/\/i0.wp.com\/cabodiscounttours.com\/wp-content\/uploads\/CactusRZR-beach3.jpg?fit=593%2C890&ssl=1&resize=350%2C200 1x, https:\/\/i0.wp.com\/cabodiscounttours.com\/wp-content\/uploads\/CactusRZR-beach3.jpg?fit=593%2C890&ssl=1&resize=525%2C300 1.5x"},"classes":[]}],"_links":{"self":[{"href":"https:\/\/cabodiscounttours.com\/es\/wp-json\/wp\/v2\/pages\/5918","targetHints":{"allow":["GET"]}}],"collection":[{"href":"https:\/\/cabodiscounttours.com\/es\/wp-json\/wp\/v2\/pages"}],"about":[{"href":"https:\/\/cabodiscounttours.com\/es\/wp-json\/wp\/v2\/types\/page"}],"author":[{"embeddable":true,"href":"https:\/\/cabodiscounttours.com\/es\/wp-json\/wp\/v2\/users\/1"}],"replies":[{"embeddable":true,"href":"https:\/\/cabodiscounttours.com\/es\/wp-json\/wp\/v2\/comments?post=5918"}],"version-history":[{"count":1,"href":"https:\/\/cabodiscounttours.com\/es\/wp-json\/wp\/v2\/pages\/5918\/revisions"}],"predecessor-version":[{"id":5919,"href":"https:\/\/cabodiscounttours.com\/es\/wp-json\/wp\/v2\/pages\/5918\/revisions\/5919"}],"up":[{"embeddable":true,"href":"https:\/\/cabodiscounttours.com\/es\/wp-json\/wp\/v2\/pages\/5916"}],"wp:attachment":[{"href":"https:\/\/cabodiscounttours.com\/es\/wp-json\/wp\/v2\/media?parent=5918"}],"curies":[{"name":"wp","href":"https:\/\/api.w.org\/{rel}","templated":true}]}}