{"id":6938,"date":"2016-07-09T13:49:28","date_gmt":"2016-07-09T19:49:28","guid":{"rendered":"https:\/\/cabodiscounttours.com\/certificado-de-regalo-para-actividades-en-cabo\/"},"modified":"2019-11-22T10:48:04","modified_gmt":"2019-11-22T17:48:04","slug":"certificado-de-regalo-para-actividades-en-cabo","status":"publish","type":"page","link":"https:\/\/cabodiscounttours.com\/es\/certificado-de-regalo-para-actividades-en-cabo\/","title":{"rendered":"Certificado de Regalo para Actividades en Cabo"},"content":{"rendered":"<p>[et_pb_section admin_label=\u00bbsection\u00bb][et_pb_row admin_label=\u00bbrow\u00bb][et_pb_column type=\u00bb4_4&#8243;][et_pb_text admin_label=\u00bbText\u00bb background_layout=\u00bblight\u00bb text_orientation=\u00bbleft\u00bb use_border_color=\u00bboff\u00bb border_color=\u00bb#ffffff\u00bb border_style=\u00bbsolid\u00bb]<\/p>\n<h1>Certificado de Regalo Para Actividades en Cabo<\/h1>\n<p>[\/et_pb_text][\/et_pb_column][\/et_pb_row][et_pb_row admin_label=\u00bbRow\u00bb][et_pb_column type=\u00bb1_2&#8243;][et_pb_text admin_label=\u00bbText\u00bb background_layout=\u00bblight\u00bb text_orientation=\u00bbleft\u00bb use_border_color=\u00bboff\u00bb border_color=\u00bb#ffffff\u00bb border_style=\u00bbsolid\u00bb]<\/p>\n<h2>Estas buscando el regalo perfecto para akguien especial?<\/h2>\n<p>No busques m\u00e1s&#8230; el mejor regalo es un <em><strong>Certficado de Regalo para Actividades en Cabo!.\u00a0<\/strong><\/em> Para cualquier ocasi\u00f3n, Luna de Miel, Cumplea\u00f1os, navidad o solo por diversi\u00f3n. Regala un Certificado de regalo par Actividades en Cabo y ellos decidiran lamejor manera de usarlo!<\/p>\n<p><em>Cabo Discount Tours<\/em> ofrece gran variedad de Tours y actividades en Los Cabos con precios de descuento.\u00a0\u00a0 Estamos adaptandonos y a\u00f1adiendo nuevas opciones constantemente. Cuando compras un Certificado de Regalo para Actividades en Cabopara tus seres queridos, ellos tendran la oportunidad de usarlo para pagar cualquier actividad de Cabo Discount Tours.<\/p>\n<h3>Permite que ellos decidan.<\/h3>\n<p>Reservar actividades con un cartificado de Regalo en muy f\u00e1cil! encuentra la actividad que quieres realizar, haz tu reservaci\u00f3n en linea o ppr tel\u00e9fono, y cuando llega el momento de check-out, simplemente por el Certificado de Reaglo c\u00f3mo tu forma de pago y listo! as\u00ed de f\u00e1cil! te enviaremos la confirmaci\u00f3n lo antes posible.<\/p>\n<p>Los Certificado de Regalo pueden ser usados en una gran variedad de actividades en Cabo como:<a href=\"\/\/cabodiscounttours.com\/atv-tours\/\">ATV Tours<\/a>, <a href=\"\/\/cabodiscounttours.com\/tours\/tortuga-zip-lines\/\">Zip Lines<\/a>, <a href=\"\/\/cabodiscounttours.com\/sport-fishing-los-cabos\/\">Sport Fishing<\/a>, <a href=\"\/\/cabodiscounttours.com\/tours\/scuba-diving\/\">SCUBA Diving<\/a>, <a href=\"\/\/cabodiscounttours.com\/discount-golf-cabo-san-lucas\/\">Golf<\/a>, <a href=\"\/\/cabodiscounttours.com\/sunset-cruises\/\">Sunset Cruises<\/a>, <a href=\"\/\/cabodiscounttours.com\/tours\/snorkeling-tours\/\">Snorkeling <\/a>y mucho m\u00e1s!<\/p>\n<h6 style=\"text-align: right;\">*Los Certificados de Regalo no pueden ser usados para hospedaje.<\/h6>\n<p>[\/et_pb_text][\/et_pb_column][et_pb_column type=\u00bb1_2&#8243;][et_pb_gallery admin_label=\u00bbActivity Gallery\u00bb gallery_ids=\u00bb2373,2400,2364,2345,1323,1318,1288,1015,695,665,659,621,436,357,207,305,806,352&#8243; gallery_orderby=\u00bbrand\u00bb fullwidth=\u00bbon\u00bb show_title_and_caption=\u00bbon\u00bb show_pagination=\u00bbon\u00bb background_layout=\u00bblight\u00bb auto=\u00bbon\u00bb auto_speed=\u00bb2000&#8243; hover_overlay_color=\u00bbrgba(255,255,255,0.9)\u00bb caption_all_caps=\u00bboff\u00bb use_border_color=\u00bboff\u00bb border_color=\u00bb#ffffff\u00bb border_style=\u00bbsolid\u00bb] [\/et_pb_gallery][\/et_pb_column][\/et_pb_row][et_pb_row admin_label=\u00bbRow\u00bb][et_pb_column type=\u00bb4_4&#8243;][et_pb_divider admin_label=\u00bbDivider\u00bb color=\u00bb#e0e0e0&#8243; show_divider=\u00bbon\u00bb divider_style=\u00bbsolid\u00bb divider_position=\u00bbtop\u00bb hide_on_mobile=\u00bbon\u00bb \/][\/et_pb_column][\/et_pb_row][et_pb_row admin_label=\u00bbRow\u00bb][et_pb_column type=\u00bb1_4&#8243;][et_pb_sidebar admin_label=\u00bbGift Cert SideBar\u00bb orientation=\u00bbleft\u00bb area=\u00bbet_pb_widget_area_12&#8243; background_layout=\u00bblight\u00bb remove_border=\u00bboff\u00bb] [\/et_pb_sidebar][\/et_pb_column][et_pb_column type=\u00bb3_4&#8243;][et_pb_text admin_label=\u00bbText\u00bb background_layout=\u00bblight\u00bb text_orientation=\u00bbleft\u00bb use_border_color=\u00bboff\u00bb border_color=\u00bb#ffffff\u00bb border_style=\u00bbsolid\u00bb]  [\/et_pb_text][\/et_pb_column][\/et_pb_row][\/et_pb_section]<\/p>\n","protected":false},"excerpt":{"rendered":"<p>Certificado de Regalo Para Actividades en Cabo Estas buscando el regalo perfecto para akguien especial? No busques m\u00e1s&#8230; el mejor regalo es un Certficado de Regalo para Actividades en Cabo!.\u00a0 Para cualquier ocasi\u00f3n, Luna de Miel, Cumplea\u00f1os, navidad o solo por diversi\u00f3n. Regala un Certificado de regalo par Actividades en Cabo y ellos decidiran lamejor [&hellip;]<\/p>\n","protected":false},"author":1,"featured_media":0,"parent":0,"menu_order":0,"comment_status":"closed","ping_status":"closed","template":"","meta":{"_et_pb_use_builder":"on","_et_pb_old_content":"","_et_gb_content_width":"","footnotes":""},"class_list":["post-6938","page","type-page","status-publish","hentry"],"yoast_head":"<!-- This site is optimized with the Yoast SEO plugin v27.3 - https:\/\/yoast.com\/product\/yoast-seo-wordpress\/ -->\n<title>Certificado de Regalo para Actividades en Cabo - Cabo Discount Tours<\/title>\n<meta name=\"description\" content=\"Los Certificados de Regalo para Actividades son la mejor opcion para alquien que visitar\u00e1 Los Cabos. Regala un certificado y ayudales a celebrar!!!\" \/>\n<meta name=\"robots\" content=\"index, follow, max-snippet:-1, max-image-preview:large, max-video-preview:-1\" \/>\n<link rel=\"canonical\" href=\"https:\/\/cabodiscounttours.com\/es\/certificado-de-regalo-para-actividades-en-cabo\/\" \/>\n<meta property=\"og:locale\" content=\"es_ES\" \/>\n<meta property=\"og:type\" content=\"article\" \/>\n<meta property=\"og:title\" content=\"Certificado de Regalo para Actividades en Cabo - Cabo Discount Tours\" \/>\n<meta property=\"og:description\" content=\"Los Certificados de Regalo para Actividades son la mejor opcion para alquien que visitar\u00e1 Los Cabos. Regala un certificado y ayudales a celebrar!!!\" \/>\n<meta property=\"og:url\" content=\"https:\/\/cabodiscounttours.com\/es\/certificado-de-regalo-para-actividades-en-cabo\/\" \/>\n<meta property=\"og:site_name\" content=\"Cabo Discount Tours\" \/>\n<meta property=\"article:publisher\" content=\"http:\/\/facebook.com\/CaboDiscountTours\" \/>\n<meta property=\"article:modified_time\" content=\"2019-11-22T17:48:04+00:00\" \/>\n<meta name=\"twitter:card\" content=\"summary_large_image\" \/>\n<meta name=\"twitter:site\" content=\"@cabogolfdeals\" \/>\n<meta name=\"twitter:label1\" content=\"Tiempo de lectura\" \/>\n\t<meta name=\"twitter:data1\" content=\"2 minutos\" \/>\n<script type=\"application\/ld+json\" class=\"yoast-schema-graph\">{\"@context\":\"https:\\\/\\\/schema.org\",\"@graph\":[{\"@type\":\"WebPage\",\"@id\":\"https:\\\/\\\/cabodiscounttours.com\\\/es\\\/certificado-de-regalo-para-actividades-en-cabo\\\/\",\"url\":\"https:\\\/\\\/cabodiscounttours.com\\\/es\\\/certificado-de-regalo-para-actividades-en-cabo\\\/\",\"name\":\"Certificado de Regalo para Actividades en Cabo - Cabo Discount Tours\",\"isPartOf\":{\"@id\":\"https:\\\/\\\/cabodiscounttours.com\\\/es\\\/#website\"},\"datePublished\":\"2016-07-09T19:49:28+00:00\",\"dateModified\":\"2019-11-22T17:48:04+00:00\",\"description\":\"Los Certificados de Regalo para Actividades son la mejor opcion para alquien que visitar\u00e1 Los Cabos. Regala un certificado y ayudales a celebrar!!!\",\"breadcrumb\":{\"@id\":\"https:\\\/\\\/cabodiscounttours.com\\\/es\\\/certificado-de-regalo-para-actividades-en-cabo\\\/#breadcrumb\"},\"inLanguage\":\"es\",\"potentialAction\":[{\"@type\":\"ReadAction\",\"target\":[\"https:\\\/\\\/cabodiscounttours.com\\\/es\\\/certificado-de-regalo-para-actividades-en-cabo\\\/\"]}]},{\"@type\":\"BreadcrumbList\",\"@id\":\"https:\\\/\\\/cabodiscounttours.com\\\/es\\\/certificado-de-regalo-para-actividades-en-cabo\\\/#breadcrumb\",\"itemListElement\":[{\"@type\":\"ListItem\",\"position\":1,\"name\":\"Home\",\"item\":\"https:\\\/\\\/cabodiscounttours.com\\\/es\\\/\"},{\"@type\":\"ListItem\",\"position\":2,\"name\":\"Certificado de Regalo para Actividades en Cabo\"}]},{\"@type\":\"WebSite\",\"@id\":\"https:\\\/\\\/cabodiscounttours.com\\\/es\\\/#website\",\"url\":\"https:\\\/\\\/cabodiscounttours.com\\\/es\\\/\",\"name\":\"Cabo Discount Tours\",\"description\":\"Discounted Tours &amp; Activities in Los Cabos Mexico\",\"potentialAction\":[{\"@type\":\"SearchAction\",\"target\":{\"@type\":\"EntryPoint\",\"urlTemplate\":\"https:\\\/\\\/cabodiscounttours.com\\\/es\\\/?s={search_term_string}\"},\"query-input\":{\"@type\":\"PropertyValueSpecification\",\"valueRequired\":true,\"valueName\":\"search_term_string\"}}],\"inLanguage\":\"es\"}]}<\/script>\n<!-- \/ Yoast SEO plugin. -->","yoast_head_json":{"title":"Certificado de Regalo para Actividades en Cabo - Cabo Discount Tours","description":"Los Certificados de Regalo para Actividades son la mejor opcion para alquien que visitar\u00e1 Los Cabos. Regala un certificado y ayudales a celebrar!!!","robots":{"index":"index","follow":"follow","max-snippet":"max-snippet:-1","max-image-preview":"max-image-preview:large","max-video-preview":"max-video-preview:-1"},"canonical":"https:\/\/cabodiscounttours.com\/es\/certificado-de-regalo-para-actividades-en-cabo\/","og_locale":"es_ES","og_type":"article","og_title":"Certificado de Regalo para Actividades en Cabo - Cabo Discount Tours","og_description":"Los Certificados de Regalo para Actividades son la mejor opcion para alquien que visitar\u00e1 Los Cabos. Regala un certificado y ayudales a celebrar!!!","og_url":"https:\/\/cabodiscounttours.com\/es\/certificado-de-regalo-para-actividades-en-cabo\/","og_site_name":"Cabo Discount Tours","article_publisher":"http:\/\/facebook.com\/CaboDiscountTours","article_modified_time":"2019-11-22T17:48:04+00:00","twitter_card":"summary_large_image","twitter_site":"@cabogolfdeals","twitter_misc":{"Tiempo de lectura":"2 minutos"},"schema":{"@context":"https:\/\/schema.org","@graph":[{"@type":"WebPage","@id":"https:\/\/cabodiscounttours.com\/es\/certificado-de-regalo-para-actividades-en-cabo\/","url":"https:\/\/cabodiscounttours.com\/es\/certificado-de-regalo-para-actividades-en-cabo\/","name":"Certificado de Regalo para Actividades en Cabo - Cabo Discount Tours","isPartOf":{"@id":"https:\/\/cabodiscounttours.com\/es\/#website"},"datePublished":"2016-07-09T19:49:28+00:00","dateModified":"2019-11-22T17:48:04+00:00","description":"Los Certificados de Regalo para Actividades son la mejor opcion para alquien que visitar\u00e1 Los Cabos. Regala un certificado y ayudales a celebrar!!!","breadcrumb":{"@id":"https:\/\/cabodiscounttours.com\/es\/certificado-de-regalo-para-actividades-en-cabo\/#breadcrumb"},"inLanguage":"es","potentialAction":[{"@type":"ReadAction","target":["https:\/\/cabodiscounttours.com\/es\/certificado-de-regalo-para-actividades-en-cabo\/"]}]},{"@type":"BreadcrumbList","@id":"https:\/\/cabodiscounttours.com\/es\/certificado-de-regalo-para-actividades-en-cabo\/#breadcrumb","itemListElement":[{"@type":"ListItem","position":1,"name":"Home","item":"https:\/\/cabodiscounttours.com\/es\/"},{"@type":"ListItem","position":2,"name":"Certificado de Regalo para Actividades en Cabo"}]},{"@type":"WebSite","@id":"https:\/\/cabodiscounttours.com\/es\/#website","url":"https:\/\/cabodiscounttours.com\/es\/","name":"Cabo Discount Tours","description":"Discounted Tours &amp; Activities in Los Cabos Mexico","potentialAction":[{"@type":"SearchAction","target":{"@type":"EntryPoint","urlTemplate":"https:\/\/cabodiscounttours.com\/es\/?s={search_term_string}"},"query-input":{"@type":"PropertyValueSpecification","valueRequired":true,"valueName":"search_term_string"}}],"inLanguage":"es"}]}},"jetpack_sharing_enabled":true,"jetpack_shortlink":"https:\/\/wp.me\/P8bQYs-1NU","jetpack_likes_enabled":false,"jetpack-related-posts":[{"id":1782,"url":"https:\/\/cabodiscounttours.com\/es\/tours\/wild-canyon-pase-de-dia\/","url_meta":{"origin":6938,"position":0},"title":"Wild Canyon Pase de Dia","author":"CaboAsh","date":"8 de julio de 2015","format":false,"excerpt":"","rel":"","context":"Entrada similar","block_context":{"text":"Entrada similar","link":""},"img":{"alt_text":"","src":"","width":0,"height":0},"classes":[]},{"id":1571,"url":"https:\/\/cabodiscounttours.com\/es\/","url_meta":{"origin":6938,"position":1},"title":"Tours y Actividades en Los Cabos","author":"CaboAsh","date":"18 de julio de 2014","format":false,"excerpt":"","rel":"","context":"Entrada similar","block_context":{"text":"Entrada similar","link":""},"img":{"alt_text":"cabo discount tours, what to do in cabo san lucas, cabo st lucas, the best tours and activities in los cabos, cabo golf deals, cabo discounts, cabo discount golf, tour operators","src":"https:\/\/i0.wp.com\/cabodiscounttours.com\/wp-content\/uploads\/cabodiscount.png?fit=1200%2C569&ssl=1&resize=350%2C200","width":350,"height":200,"srcset":"https:\/\/i0.wp.com\/cabodiscounttours.com\/wp-content\/uploads\/cabodiscount.png?fit=1200%2C569&ssl=1&resize=350%2C200 1x, https:\/\/i0.wp.com\/cabodiscounttours.com\/wp-content\/uploads\/cabodiscount.png?fit=1200%2C569&ssl=1&resize=525%2C300 1.5x, https:\/\/i0.wp.com\/cabodiscounttours.com\/wp-content\/uploads\/cabodiscount.png?fit=1200%2C569&ssl=1&resize=700%2C400 2x, https:\/\/i0.wp.com\/cabodiscounttours.com\/wp-content\/uploads\/cabodiscount.png?fit=1200%2C569&ssl=1&resize=1050%2C600 3x"},"classes":[]},{"id":1705,"url":"https:\/\/cabodiscounttours.com\/es\/tours\/tirolesas-tortuga-los-cabos\/","url_meta":{"origin":6938,"position":2},"title":"Tirolesas Tortuga Los Cabos","author":"CaboAsh","date":"7 de julio de 2015","format":false,"excerpt":"","rel":"","context":"Entrada similar","block_context":{"text":"Entrada similar","link":""},"img":{"alt_text":"Zip Lines, Cabo San Lucas, canopy tour, wild canyon, cabo adventures, adrenaline","src":"https:\/\/i0.wp.com\/cabodiscounttours.com\/wp-content\/uploads\/2014\/07\/Zipline-Banner05-e1405965836754.jpg?fit=1150%2C350&ssl=1&resize=350%2C200","width":350,"height":200,"srcset":"https:\/\/i0.wp.com\/cabodiscounttours.com\/wp-content\/uploads\/2014\/07\/Zipline-Banner05-e1405965836754.jpg?fit=1150%2C350&ssl=1&resize=350%2C200 1x, https:\/\/i0.wp.com\/cabodiscounttours.com\/wp-content\/uploads\/2014\/07\/Zipline-Banner05-e1405965836754.jpg?fit=1150%2C350&ssl=1&resize=525%2C300 1.5x, https:\/\/i0.wp.com\/cabodiscounttours.com\/wp-content\/uploads\/2014\/07\/Zipline-Banner05-e1405965836754.jpg?fit=1150%2C350&ssl=1&resize=700%2C400 2x, https:\/\/i0.wp.com\/cabodiscounttours.com\/wp-content\/uploads\/2014\/07\/Zipline-Banner05-e1405965836754.jpg?fit=1150%2C350&ssl=1&resize=1050%2C600 3x"},"classes":[]},{"id":1727,"url":"https:\/\/cabodiscounttours.com\/es\/tours\/bungee-jumping-los-cabos\/","url_meta":{"origin":6938,"position":3},"title":"Bungee Jumping &#8211; Bungee Bombers","author":"CaboAsh","date":"8 de julio de 2015","format":false,"excerpt":"","rel":"","context":"Entrada similar","block_context":{"text":"Entrada similar","link":""},"img":{"alt_text":"perfect form bungee jumping in wild canyon cabo activities to try a bungee jump cabo","src":"https:\/\/i0.wp.com\/cabodiscounttours.com\/wp-content\/uploads\/bungee-jump-freedom.jpg?fit=1024%2C682&ssl=1&resize=350%2C200","width":350,"height":200,"srcset":"https:\/\/i0.wp.com\/cabodiscounttours.com\/wp-content\/uploads\/bungee-jump-freedom.jpg?fit=1024%2C682&ssl=1&resize=350%2C200 1x, https:\/\/i0.wp.com\/cabodiscounttours.com\/wp-content\/uploads\/bungee-jump-freedom.jpg?fit=1024%2C682&ssl=1&resize=525%2C300 1.5x, https:\/\/i0.wp.com\/cabodiscounttours.com\/wp-content\/uploads\/bungee-jump-freedom.jpg?fit=1024%2C682&ssl=1&resize=700%2C400 2x"},"classes":[]},{"id":1701,"url":"https:\/\/cabodiscounttours.com\/es\/tours\/camel-quest-monta-a-un-camello-en-cabo\/","url_meta":{"origin":6938,"position":4},"title":"Camel Quest &#8211; Monta a un Camello en Cabo","author":"CaboAsh","date":"12 de julio de 2015","format":false,"excerpt":"","rel":"","context":"Entrada similar","block_context":{"text":"Entrada similar","link":""},"img":{"alt_text":"camel quest couple riding the camels in cabo san lucas at wild canyon cabo activities cabo san lucas land tours","src":"https:\/\/i0.wp.com\/cabodiscounttours.com\/wp-content\/uploads\/Camel.jpg?fit=869%2C617&ssl=1&resize=350%2C200","width":350,"height":200,"srcset":"https:\/\/i0.wp.com\/cabodiscounttours.com\/wp-content\/uploads\/Camel.jpg?fit=869%2C617&ssl=1&resize=350%2C200 1x, https:\/\/i0.wp.com\/cabodiscounttours.com\/wp-content\/uploads\/Camel.jpg?fit=869%2C617&ssl=1&resize=525%2C300 1.5x, https:\/\/i0.wp.com\/cabodiscounttours.com\/wp-content\/uploads\/Camel.jpg?fit=869%2C617&ssl=1&resize=700%2C400 2x"},"classes":[]},{"id":2008,"url":"https:\/\/cabodiscounttours.com\/es\/tours\/cabo-legend-cena-al-atardecer\/","url_meta":{"origin":6938,"position":5},"title":"Cabo Legend Cena al Atardecer","author":"CaboAsh","date":"8 de julio de 2015","format":false,"excerpt":"","rel":"","context":"Entrada similar","block_context":{"text":"Entrada similar","link":""},"img":{"alt_text":"cabo legend sunset cruise in cabo san lucas boy with a pirate activities for kids in cabo, pirate snorkeling tour","src":"https:\/\/i0.wp.com\/cabodiscounttours.com\/wp-content\/uploads\/cabo-legend-pirate.jpg?fit=748%2C1000&ssl=1&resize=350%2C200","width":350,"height":200,"srcset":"https:\/\/i0.wp.com\/cabodiscounttours.com\/wp-content\/uploads\/cabo-legend-pirate.jpg?fit=748%2C1000&ssl=1&resize=350%2C200 1x, https:\/\/i0.wp.com\/cabodiscounttours.com\/wp-content\/uploads\/cabo-legend-pirate.jpg?fit=748%2C1000&ssl=1&resize=525%2C300 1.5x, https:\/\/i0.wp.com\/cabodiscounttours.com\/wp-content\/uploads\/cabo-legend-pirate.jpg?fit=748%2C1000&ssl=1&resize=700%2C400 2x"},"classes":[]}],"_links":{"self":[{"href":"https:\/\/cabodiscounttours.com\/es\/wp-json\/wp\/v2\/pages\/6938","targetHints":{"allow":["GET"]}}],"collection":[{"href":"https:\/\/cabodiscounttours.com\/es\/wp-json\/wp\/v2\/pages"}],"about":[{"href":"https:\/\/cabodiscounttours.com\/es\/wp-json\/wp\/v2\/types\/page"}],"author":[{"embeddable":true,"href":"https:\/\/cabodiscounttours.com\/es\/wp-json\/wp\/v2\/users\/1"}],"replies":[{"embeddable":true,"href":"https:\/\/cabodiscounttours.com\/es\/wp-json\/wp\/v2\/comments?post=6938"}],"version-history":[{"count":1,"href":"https:\/\/cabodiscounttours.com\/es\/wp-json\/wp\/v2\/pages\/6938\/revisions"}],"predecessor-version":[{"id":6939,"href":"https:\/\/cabodiscounttours.com\/es\/wp-json\/wp\/v2\/pages\/6938\/revisions\/6939"}],"wp:attachment":[{"href":"https:\/\/cabodiscounttours.com\/es\/wp-json\/wp\/v2\/media?parent=6938"}],"curies":[{"name":"wp","href":"https:\/\/api.w.org\/{rel}","templated":true}]}}